{"id":799,"date":"2021-01-20T11:23:29","date_gmt":"2021-01-20T11:23:29","guid":{"rendered":"http:\/\/minedinterieurs.fr\/?page_id=799"},"modified":"2021-02-23T18:23:10","modified_gmt":"2021-02-23T18:23:10","slug":"nord-sur-erdre-appartement-vefa","status":"publish","type":"page","link":"https:\/\/minedinterieurs.fr\/?page_id=799","title":{"rendered":"NORD SUR ERDRE, APPARTEMENT VEFA (46m2)"},"content":{"rendered":"\n<p><strong>Et pour d\u00e9couvrir le projet en 360 \u00b0 : <\/strong><a href=\"https:\/\/roundme.com\/tour\/651936\/view\/2064190\/\">https:\/\/roundme.com\/tour\/651936\/view\/2064190\/<\/a><\/p>\n\n\n\n<p>Pour les futurs propri\u00e9taires de ce T2, le nouvel agencement tient compte des enjeux suivants : isoler la cuisine du salon en int\u00e9grant un mange-debout, cr\u00e9er une salle \u00e0 manger et une entr\u00e9e fonctionnelle. Sans re cloisonner les espaces, c&rsquo;est la couleur qui sert de transition. <\/p>\n\n\n<div  id=\"jtg-1030\" class=\"modula modula-gallery modula-columns\" data-config=\"{&quot;tabletHeight&quot;:800,&quot;mobileHeight&quot;:800,&quot;desktopHeight&quot;:800,&quot;enableTwitter&quot;:false,&quot;enableWhatsapp&quot;:false,&quot;enableFacebook&quot;:false,&quot;enablePinterest&quot;:false,&quot;enableLinkedin&quot;:false,&quot;enableEmail&quot;:false,&quot;randomFactor&quot;:0.5,&quot;type&quot;:&quot;grid&quot;,&quot;columns&quot;:12,&quot;gutter&quot;:5,&quot;mobileGutter&quot;:5,&quot;tabletGutter&quot;:5,&quot;desktopGutter&quot;:5,&quot;enableResponsive&quot;:&quot;0&quot;,&quot;tabletColumns&quot;:&quot;2&quot;,&quot;mobileColumns&quot;:&quot;1&quot;,&quot;lazyLoad&quot;:0,&quot;lightboxOpts&quot;:{&quot;animated&quot;:true,&quot;Thumbs&quot;:{&quot;type&quot;:&quot;modern&quot;,&quot;showOnStart&quot;:false},&quot;Toolbar&quot;:{&quot;display&quot;:{&quot;right&quot;:[&quot;close&quot;]},&quot;enabled&quot;:true},&quot;Carousel&quot;:{&quot;Panzoom&quot;:{&quot;touch&quot;:true},&quot;infinite&quot;:false},&quot;keyboard&quot;:{&quot;Escape&quot;:&quot;close&quot;,&quot;Delete&quot;:&quot;close&quot;,&quot;Backspace&quot;:&quot;close&quot;,&quot;PageUp&quot;:false,&quot;PageDown&quot;:false,&quot;ArrowUp&quot;:false,&quot;ArrowDown&quot;:false,&quot;ArrowRight&quot;:false,&quot;ArrowLeft&quot;:false},&quot;touch&quot;:false,&quot;backdropClick&quot;:false,&quot;l10n&quot;:{&quot;CLOSE&quot;:&quot;Close&quot;,&quot;NEXT&quot;:&quot;Next&quot;,&quot;PREV&quot;:&quot;Previous&quot;,&quot;Error&quot;:&quot;The requested content cannot be loaded. Please try again later.&quot;,&quot;PLAY_START&quot;:&quot;Start slideshow&quot;,&quot;PLAY_STOP&quot;:&quot;Pause slideshow&quot;,&quot;FULL_SCREEN&quot;:&quot;Full screen&quot;,&quot;THUMBS&quot;:&quot;Thumbnails&quot;,&quot;DOWNLOAD&quot;:&quot;Download&quot;,&quot;SHARE&quot;:&quot;Share&quot;,&quot;ZOOM&quot;:&quot;Zoom&quot;,&quot;EMAIL&quot;:&quot;Here is the link to the image : %%image_link%% and this is the link to the gallery : %%gallery_link%%&quot;,&quot;MODAL&quot;:&quot;You can close this modal content with the ESC key&quot;,&quot;ERROR&quot;:&quot;Something Went Wrong, Please Try Again Later&quot;,&quot;IMAGE_ERROR&quot;:&quot;Image Not Found&quot;,&quot;ELEMENT_NOT_FOUND&quot;:&quot;HTML Element Not Found&quot;,&quot;AJAX_NOT_FOUND&quot;:&quot;Error Loading AJAX : Not Found&quot;,&quot;AJAX_FORBIDDEN&quot;:&quot;Error Loading AJAX : Forbidden&quot;,&quot;IFRAME_ERROR&quot;:&quot;Error Loading Page&quot;,&quot;TOGGLE_ZOOM&quot;:&quot;Toggle zoom level&quot;,&quot;TOGGLE_THUMBS&quot;:&quot;Toggle thumbnails&quot;,&quot;TOGGLE_SLIDESHOW&quot;:&quot;Toggle slideshow&quot;,&quot;TOGGLE_FULLSCREEN&quot;:&quot;Toggle full-screen mode&quot;},&quot;Images&quot;:{&quot;Panzoom&quot;:{&quot;maxScale&quot;:2}},&quot;mainClass&quot;:&quot;modula-fancybox-container modula-lightbox-jtg-1030&quot;,&quot;Html&quot;:{&quot;videoAutoplay&quot;:0,&quot;videoTpl&quot;:&quot;&lt;video class=\\&quot;fancybox__html5video\\&quot; controls muted playsinline controlsList controlsList=\\&quot;nodownload\\&quot; poster=\\&quot;{{poster}}\\&quot; src=\\&quot;{{src}}\\&quot; type=\\&quot;{{format}}\\&quot; &gt;  Sorry, your browser doesn&#039;t support embedded videos, &lt;a href=\\&quot;{{src}}\\&quot;&gt; download &lt;\\\/a&gt; and watch with your favorite video player! &lt;\\\/video&gt;&quot;}},&quot;inView&quot;:false,&quot;email_subject&quot;:&quot;Check out this awesome image !!&quot;,&quot;email_message&quot;:&quot;Here is the link to the image : %%image_link%% and this is the link to the gallery : %%gallery_link%%&quot;,&quot;grid_type&quot;:&quot;2&quot;,&quot;rowHeight&quot;:150,&quot;lastRow&quot;:&quot;justify&quot;,&quot;lightbox&quot;:&quot;fancybox&quot;}\">\n\n\t<div class=\"modula-grid-sizer\"> <\/div>\n\t<div  class=\"modula-items grid-gallery\">\n\t\t<div class=\"modula-item effect-pufrobo\" >\n\t<div class=\"modula-item-overlay\"><\/div>\n\n\t<div class=\"modula-item-content\">\n\n\t\t<a data-image-id=\"802\" role=\"button\" tabindex=\"0\" rel=\"jtg-1030\" data-caption=\"\" aria-label=\"Open image in lightbox\" class=\"tile-inner modula-item-link\"><\/a><img loading=\"lazy\" decoding=\"async\" class=\"pic wp-image-802\"  data-valign=\"middle\" data-halign=\"center\" alt=\"\" data-full=\"https:\/\/minedinterieurs.fr\/wp-content\/uploads\/2021\/01\/SALON-01-1.jpg\" title=\"NANTES, Vefa\" crop=\"\" width=\"2048\" height=\"1152\" src=\"https:\/\/minedinterieurs.fr\/wp-content\/uploads\/2021\/01\/SALON-01-1-2048x1152.jpg\" data-src=\"https:\/\/minedinterieurs.fr\/wp-content\/uploads\/2021\/01\/SALON-01-1-2048x1152.jpg\" data-caption=\"\" srcset=\"https:\/\/minedinterieurs.fr\/wp-content\/uploads\/2021\/01\/SALON-01-1-scaled.jpg 2560w, https:\/\/minedinterieurs.fr\/wp-content\/uploads\/2021\/01\/SALON-01-1-300x169.jpg 300w, https:\/\/minedinterieurs.fr\/wp-content\/uploads\/2021\/01\/SALON-01-1-1024x576.jpg 1024w, https:\/\/minedinterieurs.fr\/wp-content\/uploads\/2021\/01\/SALON-01-1-768x432.jpg 768w, https:\/\/minedinterieurs.fr\/wp-content\/uploads\/2021\/01\/SALON-01-1-1536x864.jpg 1536w, https:\/\/minedinterieurs.fr\/wp-content\/uploads\/2021\/01\/SALON-01-1-scaled-2048x1152.jpg 2048w\" sizes=\"auto, (max-width: 2048px) 100vw, 2048px\" \/>\n\t\t<div class=\"figc no-description\">\n\t\t\t<div class=\"figc-inner\">\n\t\t\t\t\t\t\t\t\t\t\t\t\t\t\t<\/div>\n\t\t<\/div>\n\n\t<\/div>\n\n<\/div><div class=\"modula-item effect-pufrobo\" >\n\t<div class=\"modula-item-overlay\"><\/div>\n\n\t<div class=\"modula-item-content\">\n\n\t\t<a data-image-id=\"795\" role=\"button\" tabindex=\"0\" rel=\"jtg-1030\" data-caption=\"\" aria-label=\"Open image in lightbox\" class=\"tile-inner modula-item-link\"><\/a><img loading=\"lazy\" decoding=\"async\" class=\"pic wp-image-795\"  data-valign=\"middle\" data-halign=\"center\" alt=\"\" data-full=\"https:\/\/minedinterieurs.fr\/wp-content\/uploads\/2021\/01\/SALON-02.png\" title=\"SALON 02\" crop=\"\" width=\"2048\" height=\"1152\" src=\"https:\/\/minedinterieurs.fr\/wp-content\/uploads\/2021\/01\/SALON-02-2048x1152.png\" data-src=\"https:\/\/minedinterieurs.fr\/wp-content\/uploads\/2021\/01\/SALON-02-2048x1152.png\" data-caption=\"\" srcset=\"https:\/\/minedinterieurs.fr\/wp-content\/uploads\/2021\/01\/SALON-02.png 3840w, https:\/\/minedinterieurs.fr\/wp-content\/uploads\/2021\/01\/SALON-02-300x169.png 300w, https:\/\/minedinterieurs.fr\/wp-content\/uploads\/2021\/01\/SALON-02-1024x576.png 1024w, https:\/\/minedinterieurs.fr\/wp-content\/uploads\/2021\/01\/SALON-02-768x432.png 768w, https:\/\/minedinterieurs.fr\/wp-content\/uploads\/2021\/01\/SALON-02-1536x864.png 1536w, https:\/\/minedinterieurs.fr\/wp-content\/uploads\/2021\/01\/SALON-02-2048x1152.png 2048w\" sizes=\"auto, (max-width: 2048px) 100vw, 2048px\" \/>\n\t\t<div class=\"figc no-description\">\n\t\t\t<div class=\"figc-inner\">\n\t\t\t\t\t\t\t\t\t\t\t\t\t\t\t<\/div>\n\t\t<\/div>\n\n\t<\/div>\n\n<\/div><div class=\"modula-item effect-pufrobo\" >\n\t<div class=\"modula-item-overlay\"><\/div>\n\n\t<div class=\"modula-item-content\">\n\n\t\t<a data-image-id=\"813\" role=\"button\" tabindex=\"0\" rel=\"jtg-1030\" data-caption=\"\" aria-label=\"Open image in lightbox\" class=\"tile-inner modula-item-link\"><\/a><img loading=\"lazy\" decoding=\"async\" class=\"pic wp-image-813\"  data-valign=\"middle\" data-halign=\"center\" alt=\"\" data-full=\"https:\/\/minedinterieurs.fr\/wp-content\/uploads\/2021\/01\/SALON-03-3.png\" title=\"SALON-03-3\" crop=\"\" width=\"2048\" height=\"1152\" src=\"https:\/\/minedinterieurs.fr\/wp-content\/uploads\/2021\/01\/SALON-03-3-2048x1152.png\" data-src=\"https:\/\/minedinterieurs.fr\/wp-content\/uploads\/2021\/01\/SALON-03-3-2048x1152.png\" data-caption=\"\" srcset=\"https:\/\/minedinterieurs.fr\/wp-content\/uploads\/2021\/01\/SALON-03-3.png 3840w, https:\/\/minedinterieurs.fr\/wp-content\/uploads\/2021\/01\/SALON-03-3-300x169.png 300w, https:\/\/minedinterieurs.fr\/wp-content\/uploads\/2021\/01\/SALON-03-3-1024x576.png 1024w, https:\/\/minedinterieurs.fr\/wp-content\/uploads\/2021\/01\/SALON-03-3-768x432.png 768w, https:\/\/minedinterieurs.fr\/wp-content\/uploads\/2021\/01\/SALON-03-3-1536x864.png 1536w, https:\/\/minedinterieurs.fr\/wp-content\/uploads\/2021\/01\/SALON-03-3-2048x1152.png 2048w\" sizes=\"auto, (max-width: 2048px) 100vw, 2048px\" \/>\n\t\t<div class=\"figc no-description\">\n\t\t\t<div class=\"figc-inner\">\n\t\t\t\t\t\t\t\t\t\t\t\t\t\t\t<\/div>\n\t\t<\/div>\n\n\t<\/div>\n\n<\/div><div class=\"modula-item effect-pufrobo\" >\n\t<div class=\"modula-item-overlay\"><\/div>\n\n\t<div class=\"modula-item-content\">\n\n\t\t<a data-image-id=\"828\" role=\"button\" tabindex=\"0\" rel=\"jtg-1030\" data-caption=\"\" aria-label=\"Open image in lightbox\" class=\"tile-inner modula-item-link\"><\/a><img loading=\"lazy\" decoding=\"async\" class=\"pic wp-image-828\"  data-valign=\"middle\" data-halign=\"center\" alt=\"\" data-full=\"https:\/\/minedinterieurs.fr\/wp-content\/uploads\/2021\/01\/CUISINE-SAM-01-4.png\" title=\"CUISINE-SAM-01-4\" crop=\"\" width=\"2048\" height=\"1152\" src=\"https:\/\/minedinterieurs.fr\/wp-content\/uploads\/2021\/01\/CUISINE-SAM-01-4-2048x1152.png\" data-src=\"https:\/\/minedinterieurs.fr\/wp-content\/uploads\/2021\/01\/CUISINE-SAM-01-4-2048x1152.png\" data-caption=\"\" srcset=\"https:\/\/minedinterieurs.fr\/wp-content\/uploads\/2021\/01\/CUISINE-SAM-01-4.png 3840w, https:\/\/minedinterieurs.fr\/wp-content\/uploads\/2021\/01\/CUISINE-SAM-01-4-300x169.png 300w, https:\/\/minedinterieurs.fr\/wp-content\/uploads\/2021\/01\/CUISINE-SAM-01-4-1024x576.png 1024w, https:\/\/minedinterieurs.fr\/wp-content\/uploads\/2021\/01\/CUISINE-SAM-01-4-768x432.png 768w, https:\/\/minedinterieurs.fr\/wp-content\/uploads\/2021\/01\/CUISINE-SAM-01-4-1536x864.png 1536w, https:\/\/minedinterieurs.fr\/wp-content\/uploads\/2021\/01\/CUISINE-SAM-01-4-2048x1152.png 2048w\" sizes=\"auto, (max-width: 2048px) 100vw, 2048px\" \/>\n\t\t<div class=\"figc no-description\">\n\t\t\t<div class=\"figc-inner\">\n\t\t\t\t\t\t\t\t\t\t\t\t\t\t\t<\/div>\n\t\t<\/div>\n\n\t<\/div>\n\n<\/div><div class=\"modula-item effect-pufrobo\" >\n\t<div class=\"modula-item-overlay\"><\/div>\n\n\t<div class=\"modula-item-content\">\n\n\t\t<a data-image-id=\"816\" role=\"button\" tabindex=\"0\" rel=\"jtg-1030\" data-caption=\"\" aria-label=\"Open image in lightbox\" class=\"tile-inner modula-item-link\"><\/a><img loading=\"lazy\" decoding=\"async\" class=\"pic wp-image-816\"  data-valign=\"middle\" data-halign=\"center\" alt=\"\" data-full=\"https:\/\/minedinterieurs.fr\/wp-content\/uploads\/2021\/01\/chambre-1.png\" title=\"chambre-1\" crop=\"\" width=\"2048\" height=\"1152\" src=\"https:\/\/minedinterieurs.fr\/wp-content\/uploads\/2021\/01\/chambre-1-2048x1152.png\" data-src=\"https:\/\/minedinterieurs.fr\/wp-content\/uploads\/2021\/01\/chambre-1-2048x1152.png\" data-caption=\"\" srcset=\"https:\/\/minedinterieurs.fr\/wp-content\/uploads\/2021\/01\/chambre-1.png 3840w, https:\/\/minedinterieurs.fr\/wp-content\/uploads\/2021\/01\/chambre-1-300x169.png 300w, https:\/\/minedinterieurs.fr\/wp-content\/uploads\/2021\/01\/chambre-1-1024x576.png 1024w, https:\/\/minedinterieurs.fr\/wp-content\/uploads\/2021\/01\/chambre-1-768x432.png 768w, https:\/\/minedinterieurs.fr\/wp-content\/uploads\/2021\/01\/chambre-1-1536x864.png 1536w, https:\/\/minedinterieurs.fr\/wp-content\/uploads\/2021\/01\/chambre-1-2048x1152.png 2048w\" sizes=\"auto, (max-width: 2048px) 100vw, 2048px\" \/>\n\t\t<div class=\"figc no-description\">\n\t\t\t<div class=\"figc-inner\">\n\t\t\t\t\t\t\t\t\t\t\t\t\t\t\t<\/div>\n\t\t<\/div>\n\n\t<\/div>\n\n<\/div><div class=\"modula-item effect-pufrobo\" >\n\t<div class=\"modula-item-overlay\"><\/div>\n\n\t<div class=\"modula-item-content\">\n\n\t\t<a data-image-id=\"817\" role=\"button\" tabindex=\"0\" rel=\"jtg-1030\" data-caption=\"\" aria-label=\"Open image in lightbox\" class=\"tile-inner modula-item-link\"><\/a><img loading=\"lazy\" decoding=\"async\" class=\"pic wp-image-817\"  data-valign=\"middle\" data-halign=\"center\" alt=\"\" data-full=\"https:\/\/minedinterieurs.fr\/wp-content\/uploads\/2021\/01\/chambre-2.png\" title=\"chambre-2\" crop=\"\" width=\"2048\" height=\"1152\" src=\"https:\/\/minedinterieurs.fr\/wp-content\/uploads\/2021\/01\/chambre-2-2048x1152.png\" data-src=\"https:\/\/minedinterieurs.fr\/wp-content\/uploads\/2021\/01\/chambre-2-2048x1152.png\" data-caption=\"\" srcset=\"https:\/\/minedinterieurs.fr\/wp-content\/uploads\/2021\/01\/chambre-2.png 3840w, https:\/\/minedinterieurs.fr\/wp-content\/uploads\/2021\/01\/chambre-2-300x169.png 300w, https:\/\/minedinterieurs.fr\/wp-content\/uploads\/2021\/01\/chambre-2-1024x576.png 1024w, https:\/\/minedinterieurs.fr\/wp-content\/uploads\/2021\/01\/chambre-2-768x432.png 768w, https:\/\/minedinterieurs.fr\/wp-content\/uploads\/2021\/01\/chambre-2-1536x864.png 1536w, https:\/\/minedinterieurs.fr\/wp-content\/uploads\/2021\/01\/chambre-2-2048x1152.png 2048w\" sizes=\"auto, (max-width: 2048px) 100vw, 2048px\" \/>\n\t\t<div class=\"figc no-description\">\n\t\t\t<div class=\"figc-inner\">\n\t\t\t\t\t\t\t\t\t\t\t\t\t\t\t<\/div>\n\t\t<\/div>\n\n\t<\/div>\n\n<\/div><div class=\"modula-item effect-pufrobo\" >\n\t<div class=\"modula-item-overlay\"><\/div>\n\n\t<div class=\"modula-item-content\">\n\n\t\t<a data-image-id=\"818\" role=\"button\" tabindex=\"0\" rel=\"jtg-1030\" data-caption=\"\" aria-label=\"Open image in lightbox\" class=\"tile-inner modula-item-link\"><\/a><img loading=\"lazy\" decoding=\"async\" class=\"pic wp-image-818\"  data-valign=\"middle\" data-halign=\"center\" alt=\"\" data-full=\"https:\/\/minedinterieurs.fr\/wp-content\/uploads\/2021\/01\/chambre-3.png\" title=\"chambre-3\" crop=\"\" width=\"2048\" height=\"1152\" src=\"https:\/\/minedinterieurs.fr\/wp-content\/uploads\/2021\/01\/chambre-3-2048x1152.png\" data-src=\"https:\/\/minedinterieurs.fr\/wp-content\/uploads\/2021\/01\/chambre-3-2048x1152.png\" data-caption=\"\" srcset=\"https:\/\/minedinterieurs.fr\/wp-content\/uploads\/2021\/01\/chambre-3.png 3840w, https:\/\/minedinterieurs.fr\/wp-content\/uploads\/2021\/01\/chambre-3-300x169.png 300w, https:\/\/minedinterieurs.fr\/wp-content\/uploads\/2021\/01\/chambre-3-1024x576.png 1024w, https:\/\/minedinterieurs.fr\/wp-content\/uploads\/2021\/01\/chambre-3-768x432.png 768w, https:\/\/minedinterieurs.fr\/wp-content\/uploads\/2021\/01\/chambre-3-1536x864.png 1536w, https:\/\/minedinterieurs.fr\/wp-content\/uploads\/2021\/01\/chambre-3-2048x1152.png 2048w\" sizes=\"auto, (max-width: 2048px) 100vw, 2048px\" \/>\n\t\t<div class=\"figc no-description\">\n\t\t\t<div class=\"figc-inner\">\n\t\t\t\t\t\t\t\t\t\t\t\t\t\t\t<\/div>\n\t\t<\/div>\n\n\t<\/div>\n\n<\/div><div class=\"modula-item effect-pufrobo\" >\n\t<div class=\"modula-item-overlay\"><\/div>\n\n\t<div class=\"modula-item-content\">\n\n\t\t<a data-image-id=\"827\" role=\"button\" tabindex=\"0\" rel=\"jtg-1030\" data-caption=\"\" aria-label=\"Open image in lightbox\" class=\"tile-inner modula-item-link\"><\/a><img loading=\"lazy\" decoding=\"async\" class=\"pic wp-image-827\"  data-valign=\"middle\" data-halign=\"center\" alt=\"\" data-full=\"https:\/\/minedinterieurs.fr\/wp-content\/uploads\/2021\/01\/SDB-01.png\" title=\"SDB-01\" crop=\"\" width=\"2048\" height=\"1152\" src=\"https:\/\/minedinterieurs.fr\/wp-content\/uploads\/2021\/01\/SDB-01-2048x1152.png\" data-src=\"https:\/\/minedinterieurs.fr\/wp-content\/uploads\/2021\/01\/SDB-01-2048x1152.png\" data-caption=\"\" srcset=\"https:\/\/minedinterieurs.fr\/wp-content\/uploads\/2021\/01\/SDB-01.png 3840w, https:\/\/minedinterieurs.fr\/wp-content\/uploads\/2021\/01\/SDB-01-300x169.png 300w, https:\/\/minedinterieurs.fr\/wp-content\/uploads\/2021\/01\/SDB-01-1024x576.png 1024w, https:\/\/minedinterieurs.fr\/wp-content\/uploads\/2021\/01\/SDB-01-768x432.png 768w, https:\/\/minedinterieurs.fr\/wp-content\/uploads\/2021\/01\/SDB-01-1536x864.png 1536w, https:\/\/minedinterieurs.fr\/wp-content\/uploads\/2021\/01\/SDB-01-2048x1152.png 2048w\" sizes=\"auto, (max-width: 2048px) 100vw, 2048px\" \/>\n\t\t<div class=\"figc no-description\">\n\t\t\t<div class=\"figc-inner\">\n\t\t\t\t\t\t\t\t\t\t\t\t\t\t\t<\/div>\n\t\t<\/div>\n\n\t<\/div>\n\n<\/div>\t\t\n\t<\/div>\n\n\t\n\t\n\t<script type=\"application\/ld+json\">\n\t{\n\t\t\"@context\": \"http:\/\/schema.org\",\n\t\t\"@type\"   : \"ImageGallery\",\n\t\t\"id\"      : \"https:\/\/minedinterieurs.fr\/?page_id=799\/\",\n\t\t\"url\"     : \"https:\/\/minedinterieurs.fr\/?page_id=799\/\"\n\t}\n\n\t<\/script>\n\n\t\n<\/div>\n","protected":false},"excerpt":{"rendered":"<p>Et pour d\u00e9couvrir le projet en 360 \u00b0 : https:\/\/roundme.com\/tour\/651936\/view\/2064190\/ Pour les futurs propri\u00e9taires de ce T2, le nouvel agencement tient compte des enjeux suivants : isoler la cuisine du salon en int\u00e9grant un mange-debout, cr\u00e9er une salle \u00e0 manger et une entr\u00e9e fonctionnelle. Sans re cloisonner les espaces, c&rsquo;est la couleur qui sert de&hellip; <\/p>\n","protected":false},"author":1,"featured_media":0,"parent":0,"menu_order":0,"comment_status":"closed","ping_status":"closed","template":"","meta":{"footnotes":""},"class_list":["post-799","page","type-page","status-publish","hentry"],"_links":{"self":[{"href":"https:\/\/minedinterieurs.fr\/index.php?rest_route=\/wp\/v2\/pages\/799","targetHints":{"allow":["GET"]}}],"collection":[{"href":"https:\/\/minedinterieurs.fr\/index.php?rest_route=\/wp\/v2\/pages"}],"about":[{"href":"https:\/\/minedinterieurs.fr\/index.php?rest_route=\/wp\/v2\/types\/page"}],"author":[{"embeddable":true,"href":"https:\/\/minedinterieurs.fr\/index.php?rest_route=\/wp\/v2\/users\/1"}],"replies":[{"embeddable":true,"href":"https:\/\/minedinterieurs.fr\/index.php?rest_route=%2Fwp%2Fv2%2Fcomments&post=799"}],"version-history":[{"count":12,"href":"https:\/\/minedinterieurs.fr\/index.php?rest_route=\/wp\/v2\/pages\/799\/revisions"}],"predecessor-version":[{"id":1069,"href":"https:\/\/minedinterieurs.fr\/index.php?rest_route=\/wp\/v2\/pages\/799\/revisions\/1069"}],"wp:attachment":[{"href":"https:\/\/minedinterieurs.fr\/index.php?rest_route=%2Fwp%2Fv2%2Fmedia&parent=799"}],"curies":[{"name":"wp","href":"https:\/\/api.w.org\/{rel}","templated":true}]}}