{"id":1355,"date":"2025-05-27T18:15:34","date_gmt":"2025-05-27T18:15:34","guid":{"rendered":"https:\/\/minedinterieurs.fr\/?page_id=1355"},"modified":"2025-05-27T18:24:32","modified_gmt":"2025-05-27T18:24:32","slug":"mobilier-sur-mesure","status":"publish","type":"page","link":"https:\/\/minedinterieurs.fr\/?page_id=1355","title":{"rendered":"Mobilier sur-mesure"},"content":{"rendered":"\n<div class=\"wp-block-media-text is-stacked-on-mobile\" style=\"grid-template-columns:22% auto\"><figure class=\"wp-block-media-text__media\"><img loading=\"lazy\" decoding=\"async\" width=\"461\" height=\"1024\" src=\"http:\/\/minedinterieurs.fr\/wp-content\/uploads\/2025\/05\/1718116735001-461x1024.jpg\" alt=\"\" class=\"wp-image-1354 size-full\" srcset=\"https:\/\/minedinterieurs.fr\/wp-content\/uploads\/2025\/05\/1718116735001-461x1024.jpg 461w, https:\/\/minedinterieurs.fr\/wp-content\/uploads\/2025\/05\/1718116735001-135x300.jpg 135w, https:\/\/minedinterieurs.fr\/wp-content\/uploads\/2025\/05\/1718116735001-768x1707.jpg 768w, https:\/\/minedinterieurs.fr\/wp-content\/uploads\/2025\/05\/1718116735001-691x1536.jpg 691w, https:\/\/minedinterieurs.fr\/wp-content\/uploads\/2025\/05\/1718116735001-922x2048.jpg 922w, https:\/\/minedinterieurs.fr\/wp-content\/uploads\/2025\/05\/1718116735001-scaled.jpg 1152w\" sizes=\"auto, (max-width: 461px) 100vw, 461px\" \/><\/figure><div class=\"wp-block-media-text__content\">\n<p>Nature du projet : Conception de mobilier sur-mesure<\/p>\n\n\n\n<p>Surface : 300 m\u00b2<\/p>\n\n\n\n<p>D\u00e9tail des prestations : Mod\u00e9lisation 3D, plans techniques<\/p>\n\n\n\n<p>Design de mobilier inspiration art d\u00e9co <\/p>\n<\/div><\/div>\n\n\n<div  id=\"jtg-1349\" class=\"modula modula-gallery modula-custom-grid\" data-config=\"{&quot;height&quot;:800,&quot;tabletHeight&quot;:800,&quot;mobileHeight&quot;:800,&quot;desktopHeight&quot;:800,&quot;enableTwitter&quot;:false,&quot;enableWhatsapp&quot;:false,&quot;enableFacebook&quot;:false,&quot;enablePinterest&quot;:false,&quot;enableLinkedin&quot;:false,&quot;enableEmail&quot;:false,&quot;randomFactor&quot;:0.5,&quot;type&quot;:&quot;custom-grid&quot;,&quot;columns&quot;:12,&quot;gutter&quot;:10,&quot;mobileGutter&quot;:10,&quot;tabletGutter&quot;:10,&quot;desktopGutter&quot;:10,&quot;enableResponsive&quot;:&quot;0&quot;,&quot;tabletColumns&quot;:2,&quot;mobileColumns&quot;:1,&quot;lazyLoad&quot;:0,&quot;lightboxOpts&quot;:{&quot;animated&quot;:true,&quot;Thumbs&quot;:{&quot;type&quot;:&quot;modern&quot;,&quot;showOnStart&quot;:false},&quot;Toolbar&quot;:{&quot;display&quot;:{&quot;right&quot;:[&quot;close&quot;]},&quot;enabled&quot;:true},&quot;Carousel&quot;:{&quot;Panzoom&quot;:{&quot;touch&quot;:true},&quot;infinite&quot;:false},&quot;keyboard&quot;:{&quot;Escape&quot;:&quot;close&quot;,&quot;Delete&quot;:&quot;close&quot;,&quot;Backspace&quot;:&quot;close&quot;,&quot;PageUp&quot;:false,&quot;PageDown&quot;:false,&quot;ArrowUp&quot;:false,&quot;ArrowDown&quot;:false,&quot;ArrowRight&quot;:false,&quot;ArrowLeft&quot;:false},&quot;touch&quot;:false,&quot;backdropClick&quot;:false,&quot;l10n&quot;:{&quot;CLOSE&quot;:&quot;Close&quot;,&quot;NEXT&quot;:&quot;Next&quot;,&quot;PREV&quot;:&quot;Previous&quot;,&quot;Error&quot;:&quot;The requested content cannot be loaded. Please try again later.&quot;,&quot;PLAY_START&quot;:&quot;Start slideshow&quot;,&quot;PLAY_STOP&quot;:&quot;Pause slideshow&quot;,&quot;FULL_SCREEN&quot;:&quot;Full screen&quot;,&quot;THUMBS&quot;:&quot;Thumbnails&quot;,&quot;DOWNLOAD&quot;:&quot;Download&quot;,&quot;SHARE&quot;:&quot;Share&quot;,&quot;ZOOM&quot;:&quot;Zoom&quot;,&quot;EMAIL&quot;:&quot;Here is the link to the image : %%image_link%% and this is the link to the gallery : %%gallery_link%%&quot;,&quot;MODAL&quot;:&quot;You can close this modal content with the ESC key&quot;,&quot;ERROR&quot;:&quot;Something Went Wrong, Please Try Again Later&quot;,&quot;IMAGE_ERROR&quot;:&quot;Image Not Found&quot;,&quot;ELEMENT_NOT_FOUND&quot;:&quot;HTML Element Not Found&quot;,&quot;AJAX_NOT_FOUND&quot;:&quot;Error Loading AJAX : Not Found&quot;,&quot;AJAX_FORBIDDEN&quot;:&quot;Error Loading AJAX : Forbidden&quot;,&quot;IFRAME_ERROR&quot;:&quot;Error Loading Page&quot;,&quot;TOGGLE_ZOOM&quot;:&quot;Toggle zoom level&quot;,&quot;TOGGLE_THUMBS&quot;:&quot;Toggle thumbnails&quot;,&quot;TOGGLE_SLIDESHOW&quot;:&quot;Toggle slideshow&quot;,&quot;TOGGLE_FULLSCREEN&quot;:&quot;Toggle full-screen mode&quot;},&quot;Images&quot;:{&quot;Panzoom&quot;:{&quot;maxScale&quot;:2}},&quot;mainClass&quot;:&quot;modula-fancybox-container modula-lightbox-jtg-1349&quot;,&quot;Html&quot;:{&quot;videoAutoplay&quot;:0,&quot;videoTpl&quot;:&quot;&lt;video class=\\&quot;fancybox__html5video\\&quot; controls muted playsinline controlsList controlsList=\\&quot;nodownload\\&quot; poster=\\&quot;{{poster}}\\&quot; src=\\&quot;{{src}}\\&quot; type=\\&quot;{{format}}\\&quot; &gt;  Sorry, your browser doesn&#039;t support embedded videos, &lt;a href=\\&quot;{{src}}\\&quot;&gt; download &lt;\\\/a&gt; and watch with your favorite video player! &lt;\\\/video&gt;&quot;}},&quot;inView&quot;:false,&quot;email_subject&quot;:&quot;Check out this awesome image !!&quot;,&quot;email_message&quot;:&quot;Here is the link to the image : %%image_link%% and this is the link to the gallery : %%gallery_link%%&quot;,&quot;lightbox&quot;:&quot;fancybox&quot;}\">\n\n\t\n\t<div  class=\"modula-items\">\n\t\t<div class=\"modula-item effect-pufrobo\" data-width=\"6\" data-height=\"4\" >\n\t<div class=\"modula-item-overlay\"><\/div>\n\n\t<div class=\"modula-item-content\">\n\n\t\t<a data-image-id=\"1353\" role=\"button\" tabindex=\"0\" rel=\"jtg-1349\" data-caption=\"\" aria-label=\"Open image in lightbox\" class=\"tile-inner modula-item-link\"><\/a><img loading=\"lazy\" decoding=\"async\" class=\"pic wp-image-1353\"  data-valign=\"middle\" data-halign=\"center\" alt=\"\" data-full=\"https:\/\/minedinterieurs.fr\/wp-content\/uploads\/2025\/05\/1717223641871.jpg\" title=\"\" crop=\"\" width=\"300\" height=\"225\" src=\"https:\/\/minedinterieurs.fr\/wp-content\/uploads\/2025\/05\/1717223641871-300x225.jpg\" data-src=\"https:\/\/minedinterieurs.fr\/wp-content\/uploads\/2025\/05\/1717223641871-300x225.jpg\" data-caption=\"\" srcset=\"https:\/\/minedinterieurs.fr\/wp-content\/uploads\/2025\/05\/1717223641871.jpg 2048w, https:\/\/minedinterieurs.fr\/wp-content\/uploads\/2025\/05\/1717223641871-300x225.jpg 300w, https:\/\/minedinterieurs.fr\/wp-content\/uploads\/2025\/05\/1717223641871-1024x768.jpg 1024w, https:\/\/minedinterieurs.fr\/wp-content\/uploads\/2025\/05\/1717223641871-768x576.jpg 768w, https:\/\/minedinterieurs.fr\/wp-content\/uploads\/2025\/05\/1717223641871-1536x1152.jpg 1536w\" sizes=\"auto, (max-width: 300px) 100vw, 300px\" \/>\n\t\t<div class=\"figc no-title no-description\">\n\t\t\t<div class=\"figc-inner\">\n\t\t\t\t\t\t\t\t\t\t\t\t\t\t\t<\/div>\n\t\t<\/div>\n\n\t<\/div>\n\n<\/div><div class=\"modula-item effect-pufrobo\" data-width=\"6\" data-height=\"4\" >\n\t<div class=\"modula-item-overlay\"><\/div>\n\n\t<div class=\"modula-item-content\">\n\n\t\t<a data-image-id=\"1350\" role=\"button\" tabindex=\"0\" rel=\"jtg-1349\" data-caption=\"\" aria-label=\"Open image in lightbox\" class=\"tile-inner modula-item-link\"><\/a><img loading=\"lazy\" decoding=\"async\" class=\"pic wp-image-1350\"  data-valign=\"middle\" data-halign=\"center\" alt=\"\" data-full=\"https:\/\/minedinterieurs.fr\/wp-content\/uploads\/2025\/05\/20240524_130243.jpg\" title=\"\" crop=\"\" width=\"300\" height=\"225\" src=\"https:\/\/minedinterieurs.fr\/wp-content\/uploads\/2025\/05\/20240524_130243-300x225.jpg\" data-src=\"https:\/\/minedinterieurs.fr\/wp-content\/uploads\/2025\/05\/20240524_130243-300x225.jpg\" data-caption=\"\" srcset=\"https:\/\/minedinterieurs.fr\/wp-content\/uploads\/2025\/05\/20240524_130243-scaled.jpg 2560w, https:\/\/minedinterieurs.fr\/wp-content\/uploads\/2025\/05\/20240524_130243-scaled-300x225.jpg 300w, https:\/\/minedinterieurs.fr\/wp-content\/uploads\/2025\/05\/20240524_130243-1024x768.jpg 1024w, https:\/\/minedinterieurs.fr\/wp-content\/uploads\/2025\/05\/20240524_130243-768x576.jpg 768w, https:\/\/minedinterieurs.fr\/wp-content\/uploads\/2025\/05\/20240524_130243-1536x1152.jpg 1536w, https:\/\/minedinterieurs.fr\/wp-content\/uploads\/2025\/05\/20240524_130243-2048x1536.jpg 2048w\" sizes=\"auto, (max-width: 300px) 100vw, 300px\" \/>\n\t\t<div class=\"figc no-title no-description\">\n\t\t\t<div class=\"figc-inner\">\n\t\t\t\t\t\t\t\t\t\t\t\t\t\t\t<\/div>\n\t\t<\/div>\n\n\t<\/div>\n\n<\/div><div class=\"modula-item effect-pufrobo\" data-width=\"5\" data-height=\"5\" >\n\t<div class=\"modula-item-overlay\"><\/div>\n\n\t<div class=\"modula-item-content\">\n\n\t\t<a data-image-id=\"1351\" role=\"button\" tabindex=\"0\" rel=\"jtg-1349\" data-caption=\"\" aria-label=\"Open image in lightbox\" class=\"tile-inner modula-item-link\"><\/a><img loading=\"lazy\" decoding=\"async\" class=\"pic wp-image-1351\"  data-valign=\"middle\" data-halign=\"center\" alt=\"\" data-full=\"https:\/\/minedinterieurs.fr\/wp-content\/uploads\/2025\/05\/1717223472023.jpg\" title=\"\" crop=\"\" width=\"229\" height=\"300\" src=\"https:\/\/minedinterieurs.fr\/wp-content\/uploads\/2025\/05\/1717223472023-229x300.jpg\" data-src=\"https:\/\/minedinterieurs.fr\/wp-content\/uploads\/2025\/05\/1717223472023-229x300.jpg\" data-caption=\"\" srcset=\"https:\/\/minedinterieurs.fr\/wp-content\/uploads\/2025\/05\/1717223472023.jpg 1172w, https:\/\/minedinterieurs.fr\/wp-content\/uploads\/2025\/05\/1717223472023-229x300.jpg 229w, https:\/\/minedinterieurs.fr\/wp-content\/uploads\/2025\/05\/1717223472023-781x1024.jpg 781w, https:\/\/minedinterieurs.fr\/wp-content\/uploads\/2025\/05\/1717223472023-768x1007.jpg 768w\" sizes=\"auto, (max-width: 229px) 100vw, 229px\" \/>\n\t\t<div class=\"figc no-title no-description\">\n\t\t\t<div class=\"figc-inner\">\n\t\t\t\t\t\t\t\t\t\t\t\t\t\t\t<\/div>\n\t\t<\/div>\n\n\t<\/div>\n\n<\/div><div class=\"modula-item effect-pufrobo\" data-width=\"4\" data-height=\"5\" >\n\t<div class=\"modula-item-overlay\"><\/div>\n\n\t<div class=\"modula-item-content\">\n\n\t\t<a data-image-id=\"1352\" role=\"button\" tabindex=\"0\" rel=\"jtg-1349\" data-caption=\"\" aria-label=\"Open image in lightbox\" class=\"tile-inner modula-item-link\"><\/a><img loading=\"lazy\" decoding=\"async\" class=\"pic wp-image-1352\"  data-valign=\"middle\" data-halign=\"center\" alt=\"\" data-full=\"https:\/\/minedinterieurs.fr\/wp-content\/uploads\/2025\/05\/1717223618951.jpg\" title=\"\" crop=\"\" width=\"225\" height=\"300\" src=\"https:\/\/minedinterieurs.fr\/wp-content\/uploads\/2025\/05\/1717223618951-225x300.jpg\" data-src=\"https:\/\/minedinterieurs.fr\/wp-content\/uploads\/2025\/05\/1717223618951-225x300.jpg\" data-caption=\"\" srcset=\"https:\/\/minedinterieurs.fr\/wp-content\/uploads\/2025\/05\/1717223618951.jpg 1200w, https:\/\/minedinterieurs.fr\/wp-content\/uploads\/2025\/05\/1717223618951-225x300.jpg 225w, https:\/\/minedinterieurs.fr\/wp-content\/uploads\/2025\/05\/1717223618951-768x1024.jpg 768w, https:\/\/minedinterieurs.fr\/wp-content\/uploads\/2025\/05\/1717223618951-1152x1536.jpg 1152w\" sizes=\"auto, (max-width: 225px) 100vw, 225px\" \/>\n\t\t<div class=\"figc no-title no-description\">\n\t\t\t<div class=\"figc-inner\">\n\t\t\t\t\t\t\t\t\t\t\t\t\t\t\t<\/div>\n\t\t<\/div>\n\n\t<\/div>\n\n<\/div>\t\t\n\t<\/div>\n\n\t\n\t\n\t<script type=\"application\/ld+json\">\n\t{\n\t\t\"@context\": \"http:\/\/schema.org\",\n\t\t\"@type\"   : \"ImageGallery\",\n\t\t\"id\"      : \"https:\/\/minedinterieurs.fr\/?page_id=1355\/\",\n\t\t\"url\"     : \"https:\/\/minedinterieurs.fr\/?page_id=1355\/\"\n\t}\n\n\t<\/script>\n\n\t\n<\/div>\n","protected":false},"excerpt":{"rendered":"<p>Nature du projet : Conception de mobilier sur-mesure Surface : 300 m\u00b2 D\u00e9tail des prestations : Mod\u00e9lisation 3D, plans techniques Design de mobilier inspiration art d\u00e9co<\/p>\n","protected":false},"author":1,"featured_media":0,"parent":0,"menu_order":0,"comment_status":"closed","ping_status":"closed","template":"","meta":{"footnotes":""},"class_list":["post-1355","page","type-page","status-publish","hentry"],"_links":{"self":[{"href":"https:\/\/minedinterieurs.fr\/index.php?rest_route=\/wp\/v2\/pages\/1355","targetHints":{"allow":["GET"]}}],"collection":[{"href":"https:\/\/minedinterieurs.fr\/index.php?rest_route=\/wp\/v2\/pages"}],"about":[{"href":"https:\/\/minedinterieurs.fr\/index.php?rest_route=\/wp\/v2\/types\/page"}],"author":[{"embeddable":true,"href":"https:\/\/minedinterieurs.fr\/index.php?rest_route=\/wp\/v2\/users\/1"}],"replies":[{"embeddable":true,"href":"https:\/\/minedinterieurs.fr\/index.php?rest_route=%2Fwp%2Fv2%2Fcomments&post=1355"}],"version-history":[{"count":4,"href":"https:\/\/minedinterieurs.fr\/index.php?rest_route=\/wp\/v2\/pages\/1355\/revisions"}],"predecessor-version":[{"id":1361,"href":"https:\/\/minedinterieurs.fr\/index.php?rest_route=\/wp\/v2\/pages\/1355\/revisions\/1361"}],"wp:attachment":[{"href":"https:\/\/minedinterieurs.fr\/index.php?rest_route=%2Fwp%2Fv2%2Fmedia&parent=1355"}],"curies":[{"name":"wp","href":"https:\/\/api.w.org\/{rel}","templated":true}]}}