{"id":1323,"date":"2024-05-17T10:21:01","date_gmt":"2024-05-17T10:21:01","guid":{"rendered":"https:\/\/minedinterieurs.fr\/?page_id=1323"},"modified":"2024-05-17T10:25:28","modified_gmt":"2024-05-17T10:25:28","slug":"saint-malo-opticien-independant","status":"publish","type":"page","link":"https:\/\/minedinterieurs.fr\/?page_id=1323","title":{"rendered":"SAINT MALO, opticien ind\u00e9pendant"},"content":{"rendered":"\n<figure class=\"wp-block-image size-large\"><img loading=\"lazy\" decoding=\"async\" width=\"1024\" height=\"787\" src=\"http:\/\/minedinterieurs.fr\/wp-content\/uploads\/2024\/05\/rendu-facade-1024x787.jpg\" alt=\"\" class=\"wp-image-1297\" srcset=\"https:\/\/minedinterieurs.fr\/wp-content\/uploads\/2024\/05\/rendu-facade-1024x787.jpg 1024w, https:\/\/minedinterieurs.fr\/wp-content\/uploads\/2024\/05\/rendu-facade-300x231.jpg 300w, https:\/\/minedinterieurs.fr\/wp-content\/uploads\/2024\/05\/rendu-facade-768x590.jpg 768w, https:\/\/minedinterieurs.fr\/wp-content\/uploads\/2024\/05\/rendu-facade.jpg 1405w\" sizes=\"auto, (max-width: 1024px) 100vw, 1024px\" \/><\/figure>\n\n\n\n<p><strong>NATURE DU PROJET :<\/strong> cr\u00e9ation de concept pour une boutique de lunettes<\/p>\n\n\n\n<p><strong>SURFACE :<\/strong> 70 m\u00b2<\/p>\n\n\n\n<p><strong>D\u00c9TAIL DES PRESTATIONS :<\/strong><\/p>\n\n\n\n<ul class=\"wp-block-list\">\n<li>Relev\u00e9 de cotes<\/li>\n\n\n\n<li>Plans d&rsquo;am\u00e9nagement<\/li>\n\n\n\n<li>Moodboard<\/li>\n\n\n\n<li>Mod\u00e9lisation et rendu 3D<\/li>\n\n\n\n<li>Plans techniques<\/li>\n\n\n\n<li>Cr\u00e9ation de mobilier sur-mesure<\/li>\n\n\n\n<li>Dossiers administratifs : d\u00e9claration pr\u00e9alable fa\u00e7ade + enseigne <\/li>\n<\/ul>\n\n\n\n<p>TEMOIGNAGE : <\/p>\n\n\n\n<p>\u00ab\u00a0Fanny et Natacha savent r\u00e9pondre \u00e0 nos demandes et besoins en toute classe et originalit\u00e9. Toujours pr\u00eates \u00e0 nous conseiller et nous aider dans nos r\u00e9novations et travaux.<br>Je recommande tr\u00e8s fortement !\u00a0\u00bb<\/p>\n\n\n<div  id=\"jtg-1325\" class=\"modula modula-gallery modula-custom-grid\" data-config=\"{&quot;height&quot;:800,&quot;tabletHeight&quot;:800,&quot;mobileHeight&quot;:800,&quot;desktopHeight&quot;:800,&quot;enableTwitter&quot;:false,&quot;enableWhatsapp&quot;:false,&quot;enableFacebook&quot;:false,&quot;enablePinterest&quot;:false,&quot;enableLinkedin&quot;:false,&quot;enableEmail&quot;:false,&quot;randomFactor&quot;:0.5,&quot;type&quot;:&quot;custom-grid&quot;,&quot;columns&quot;:12,&quot;gutter&quot;:10,&quot;mobileGutter&quot;:10,&quot;tabletGutter&quot;:10,&quot;desktopGutter&quot;:10,&quot;enableResponsive&quot;:&quot;0&quot;,&quot;tabletColumns&quot;:2,&quot;mobileColumns&quot;:1,&quot;lazyLoad&quot;:0,&quot;lightboxOpts&quot;:{&quot;animated&quot;:true,&quot;Thumbs&quot;:{&quot;type&quot;:&quot;modern&quot;,&quot;showOnStart&quot;:false},&quot;Toolbar&quot;:{&quot;display&quot;:{&quot;right&quot;:[&quot;close&quot;]},&quot;enabled&quot;:true},&quot;Carousel&quot;:{&quot;Panzoom&quot;:{&quot;touch&quot;:true},&quot;infinite&quot;:false},&quot;keyboard&quot;:{&quot;Escape&quot;:&quot;close&quot;,&quot;Delete&quot;:&quot;close&quot;,&quot;Backspace&quot;:&quot;close&quot;,&quot;PageUp&quot;:false,&quot;PageDown&quot;:false,&quot;ArrowUp&quot;:false,&quot;ArrowDown&quot;:false,&quot;ArrowRight&quot;:false,&quot;ArrowLeft&quot;:false},&quot;touch&quot;:false,&quot;backdropClick&quot;:false,&quot;l10n&quot;:{&quot;CLOSE&quot;:&quot;Close&quot;,&quot;NEXT&quot;:&quot;Next&quot;,&quot;PREV&quot;:&quot;Previous&quot;,&quot;Error&quot;:&quot;The requested content cannot be loaded. Please try again later.&quot;,&quot;PLAY_START&quot;:&quot;Start slideshow&quot;,&quot;PLAY_STOP&quot;:&quot;Pause slideshow&quot;,&quot;FULL_SCREEN&quot;:&quot;Full screen&quot;,&quot;THUMBS&quot;:&quot;Thumbnails&quot;,&quot;DOWNLOAD&quot;:&quot;Download&quot;,&quot;SHARE&quot;:&quot;Share&quot;,&quot;ZOOM&quot;:&quot;Zoom&quot;,&quot;EMAIL&quot;:&quot;Here is the link to the image : %%image_link%% and this is the link to the gallery : %%gallery_link%%&quot;,&quot;MODAL&quot;:&quot;You can close this modal content with the ESC key&quot;,&quot;ERROR&quot;:&quot;Something Went Wrong, Please Try Again Later&quot;,&quot;IMAGE_ERROR&quot;:&quot;Image Not Found&quot;,&quot;ELEMENT_NOT_FOUND&quot;:&quot;HTML Element Not Found&quot;,&quot;AJAX_NOT_FOUND&quot;:&quot;Error Loading AJAX : Not Found&quot;,&quot;AJAX_FORBIDDEN&quot;:&quot;Error Loading AJAX : Forbidden&quot;,&quot;IFRAME_ERROR&quot;:&quot;Error Loading Page&quot;,&quot;TOGGLE_ZOOM&quot;:&quot;Toggle zoom level&quot;,&quot;TOGGLE_THUMBS&quot;:&quot;Toggle thumbnails&quot;,&quot;TOGGLE_SLIDESHOW&quot;:&quot;Toggle slideshow&quot;,&quot;TOGGLE_FULLSCREEN&quot;:&quot;Toggle full-screen mode&quot;},&quot;Images&quot;:{&quot;Panzoom&quot;:{&quot;maxScale&quot;:2}},&quot;mainClass&quot;:&quot;modula-fancybox-container modula-lightbox-jtg-1325&quot;,&quot;Html&quot;:{&quot;videoAutoplay&quot;:0,&quot;videoTpl&quot;:&quot;&lt;video class=\\&quot;fancybox__html5video\\&quot; controls muted playsinline controlsList controlsList=\\&quot;nodownload\\&quot; poster=\\&quot;{{poster}}\\&quot; src=\\&quot;{{src}}\\&quot; type=\\&quot;{{format}}\\&quot; &gt;  Sorry, your browser doesn&#039;t support embedded videos, &lt;a href=\\&quot;{{src}}\\&quot;&gt; download &lt;\\\/a&gt; and watch with your favorite video player! &lt;\\\/video&gt;&quot;}},&quot;inView&quot;:false,&quot;email_subject&quot;:&quot;Check out this awesome image !!&quot;,&quot;email_message&quot;:&quot;Here is the link to the image : %%image_link%% and this is the link to the gallery : %%gallery_link%%&quot;,&quot;lightbox&quot;:&quot;fancybox&quot;}\">\n\n\t\n\t<div  class=\"modula-items\">\n\t\t<div class=\"modula-item effect-pufrobo\" data-width=\"8\" data-height=\"4\" >\n\t<div class=\"modula-item-overlay\"><\/div>\n\n\t<div class=\"modula-item-content\">\n\n\t\t<a data-image-id=\"1326\" role=\"button\" tabindex=\"0\" rel=\"jtg-1325\" data-caption=\"\" aria-label=\"Open image in lightbox\" class=\"tile-inner modula-item-link\"><\/a><img loading=\"lazy\" decoding=\"async\" class=\"pic wp-image-1326\"  data-valign=\"middle\" data-halign=\"center\" alt=\"\" data-full=\"https:\/\/minedinterieurs.fr\/wp-content\/uploads\/2024\/05\/1712129988688.jpg\" title=\"1712129988688\" crop=\"\" width=\"300\" height=\"212\" src=\"https:\/\/minedinterieurs.fr\/wp-content\/uploads\/2024\/05\/1712129988688-300x212.jpg\" data-src=\"https:\/\/minedinterieurs.fr\/wp-content\/uploads\/2024\/05\/1712129988688-300x212.jpg\" data-caption=\"\" srcset=\"https:\/\/minedinterieurs.fr\/wp-content\/uploads\/2024\/05\/1712129988688-scaled.jpg 2560w, https:\/\/minedinterieurs.fr\/wp-content\/uploads\/2024\/05\/1712129988688-scaled-300x212.jpg 300w, https:\/\/minedinterieurs.fr\/wp-content\/uploads\/2024\/05\/1712129988688-1024x724.jpg 1024w, https:\/\/minedinterieurs.fr\/wp-content\/uploads\/2024\/05\/1712129988688-768x543.jpg 768w, https:\/\/minedinterieurs.fr\/wp-content\/uploads\/2024\/05\/1712129988688-1536x1086.jpg 1536w, https:\/\/minedinterieurs.fr\/wp-content\/uploads\/2024\/05\/1712129988688-2048x1448.jpg 2048w\" sizes=\"auto, (max-width: 300px) 100vw, 300px\" \/>\n\t\t<div class=\"figc no-description\">\n\t\t\t<div class=\"figc-inner\">\n\t\t\t\t\t\t\t\t\t\t\t\t\t\t\t<\/div>\n\t\t<\/div>\n\n\t<\/div>\n\n<\/div><div class=\"modula-item effect-pufrobo\" data-width=\"4\" data-height=\"4\" >\n\t<div class=\"modula-item-overlay\"><\/div>\n\n\t<div class=\"modula-item-content\">\n\n\t\t<a data-image-id=\"1327\" role=\"button\" tabindex=\"0\" rel=\"jtg-1325\" data-caption=\"\" aria-label=\"Open image in lightbox\" class=\"tile-inner modula-item-link\"><\/a><img loading=\"lazy\" decoding=\"async\" class=\"pic wp-image-1327\"  data-valign=\"middle\" data-halign=\"center\" alt=\"\" data-full=\"https:\/\/minedinterieurs.fr\/wp-content\/uploads\/2024\/05\/facade-paysage.jpg\" title=\"facade paysage\" crop=\"\" width=\"300\" height=\"233\" src=\"https:\/\/minedinterieurs.fr\/wp-content\/uploads\/2024\/05\/facade-paysage-300x233.jpg\" data-src=\"https:\/\/minedinterieurs.fr\/wp-content\/uploads\/2024\/05\/facade-paysage-300x233.jpg\" data-caption=\"\" srcset=\"https:\/\/minedinterieurs.fr\/wp-content\/uploads\/2024\/05\/facade-paysage.jpg 666w, https:\/\/minedinterieurs.fr\/wp-content\/uploads\/2024\/05\/facade-paysage-300x233.jpg 300w\" sizes=\"auto, (max-width: 300px) 100vw, 300px\" \/>\n\t\t<div class=\"figc no-description\">\n\t\t\t<div class=\"figc-inner\">\n\t\t\t\t\t\t\t\t\t\t\t\t\t\t\t<\/div>\n\t\t<\/div>\n\n\t<\/div>\n\n<\/div><div class=\"modula-item effect-pufrobo\" data-width=\"6\" data-height=\"4\" >\n\t<div class=\"modula-item-overlay\"><\/div>\n\n\t<div class=\"modula-item-content\">\n\n\t\t<a data-image-id=\"1330\" role=\"button\" tabindex=\"0\" rel=\"jtg-1325\" data-caption=\"\" aria-label=\"Open image in lightbox\" class=\"tile-inner modula-item-link\"><\/a><img loading=\"lazy\" decoding=\"async\" class=\"pic wp-image-1330\"  data-valign=\"middle\" data-halign=\"center\" alt=\"\" data-full=\"https:\/\/minedinterieurs.fr\/wp-content\/uploads\/2024\/05\/parame-1080x1405-1.jpg\" title=\"param\u00e9 1080x1405\" crop=\"\" width=\"300\" height=\"231\" src=\"https:\/\/minedinterieurs.fr\/wp-content\/uploads\/2024\/05\/parame-1080x1405-1-300x231.jpg\" data-src=\"https:\/\/minedinterieurs.fr\/wp-content\/uploads\/2024\/05\/parame-1080x1405-1-300x231.jpg\" data-caption=\"\" srcset=\"https:\/\/minedinterieurs.fr\/wp-content\/uploads\/2024\/05\/parame-1080x1405-1.jpg 1405w, https:\/\/minedinterieurs.fr\/wp-content\/uploads\/2024\/05\/parame-1080x1405-1-300x231.jpg 300w, https:\/\/minedinterieurs.fr\/wp-content\/uploads\/2024\/05\/parame-1080x1405-1-1024x787.jpg 1024w, https:\/\/minedinterieurs.fr\/wp-content\/uploads\/2024\/05\/parame-1080x1405-1-768x590.jpg 768w\" sizes=\"auto, (max-width: 300px) 100vw, 300px\" \/>\n\t\t<div class=\"figc no-description\">\n\t\t\t<div class=\"figc-inner\">\n\t\t\t\t\t\t\t\t\t\t\t\t\t\t\t<\/div>\n\t\t<\/div>\n\n\t<\/div>\n\n<\/div><div class=\"modula-item effect-pufrobo\" data-width=\"6\" data-height=\"4\" >\n\t<div class=\"modula-item-overlay\"><\/div>\n\n\t<div class=\"modula-item-content\">\n\n\t\t<a data-image-id=\"1331\" role=\"button\" tabindex=\"0\" rel=\"jtg-1325\" data-caption=\"\" aria-label=\"Open image in lightbox\" class=\"tile-inner modula-item-link\"><\/a><img loading=\"lazy\" decoding=\"async\" class=\"pic wp-image-1331\"  data-valign=\"middle\" data-halign=\"center\" alt=\"\" data-full=\"https:\/\/minedinterieurs.fr\/wp-content\/uploads\/2024\/05\/rendu-405-1080-px.jpg\" title=\"rendu 405-1080 px\" crop=\"\" width=\"300\" height=\"231\" src=\"https:\/\/minedinterieurs.fr\/wp-content\/uploads\/2024\/05\/rendu-405-1080-px-300x231.jpg\" data-src=\"https:\/\/minedinterieurs.fr\/wp-content\/uploads\/2024\/05\/rendu-405-1080-px-300x231.jpg\" data-caption=\"\" srcset=\"https:\/\/minedinterieurs.fr\/wp-content\/uploads\/2024\/05\/rendu-405-1080-px.jpg 1405w, https:\/\/minedinterieurs.fr\/wp-content\/uploads\/2024\/05\/rendu-405-1080-px-300x231.jpg 300w, https:\/\/minedinterieurs.fr\/wp-content\/uploads\/2024\/05\/rendu-405-1080-px-1024x787.jpg 1024w, https:\/\/minedinterieurs.fr\/wp-content\/uploads\/2024\/05\/rendu-405-1080-px-768x590.jpg 768w\" sizes=\"auto, (max-width: 300px) 100vw, 300px\" \/>\n\t\t<div class=\"figc no-description\">\n\t\t\t<div class=\"figc-inner\">\n\t\t\t\t\t\t\t\t\t\t\t\t\t\t\t<\/div>\n\t\t<\/div>\n\n\t<\/div>\n\n<\/div><div class=\"modula-item effect-pufrobo\" data-width=\"5\" data-height=\"4\" >\n\t<div class=\"modula-item-overlay\"><\/div>\n\n\t<div class=\"modula-item-content\">\n\n\t\t<a data-image-id=\"1328\" role=\"button\" tabindex=\"0\" rel=\"jtg-1325\" data-caption=\"\" aria-label=\"Open image in lightbox\" class=\"tile-inner modula-item-link\"><\/a><img loading=\"lazy\" decoding=\"async\" class=\"pic wp-image-1328\"  data-valign=\"middle\" data-halign=\"center\" alt=\"\" data-full=\"https:\/\/minedinterieurs.fr\/wp-content\/uploads\/2024\/05\/1675158127843.jpg\" title=\"1675158127843\" crop=\"\" width=\"300\" height=\"225\" src=\"https:\/\/minedinterieurs.fr\/wp-content\/uploads\/2024\/05\/1675158127843-300x225.jpg\" data-src=\"https:\/\/minedinterieurs.fr\/wp-content\/uploads\/2024\/05\/1675158127843-300x225.jpg\" data-caption=\"\" srcset=\"https:\/\/minedinterieurs.fr\/wp-content\/uploads\/2024\/05\/1675158127843.jpg 1166w, https:\/\/minedinterieurs.fr\/wp-content\/uploads\/2024\/05\/1675158127843-300x225.jpg 300w, https:\/\/minedinterieurs.fr\/wp-content\/uploads\/2024\/05\/1675158127843-1024x769.jpg 1024w, https:\/\/minedinterieurs.fr\/wp-content\/uploads\/2024\/05\/1675158127843-768x577.jpg 768w\" sizes=\"auto, (max-width: 300px) 100vw, 300px\" \/>\n\t\t<div class=\"figc no-description\">\n\t\t\t<div class=\"figc-inner\">\n\t\t\t\t\t\t\t\t\t\t\t\t\t\t\t<\/div>\n\t\t<\/div>\n\n\t<\/div>\n\n<\/div><div class=\"modula-item effect-pufrobo\" data-width=\"7\" data-height=\"4\" >\n\t<div class=\"modula-item-overlay\"><\/div>\n\n\t<div class=\"modula-item-content\">\n\n\t\t<a data-image-id=\"1329\" role=\"button\" tabindex=\"0\" rel=\"jtg-1325\" data-caption=\"\" aria-label=\"Open image in lightbox\" class=\"tile-inner modula-item-link\"><\/a><img loading=\"lazy\" decoding=\"async\" class=\"pic wp-image-1329\"  data-valign=\"middle\" data-halign=\"center\" alt=\"\" data-full=\"https:\/\/minedinterieurs.fr\/wp-content\/uploads\/2024\/05\/1675158278468.jpg\" title=\"1675158278468\" crop=\"\" width=\"300\" height=\"225\" src=\"https:\/\/minedinterieurs.fr\/wp-content\/uploads\/2024\/05\/1675158278468-300x225.jpg\" data-src=\"https:\/\/minedinterieurs.fr\/wp-content\/uploads\/2024\/05\/1675158278468-300x225.jpg\" data-caption=\"\" srcset=\"https:\/\/minedinterieurs.fr\/wp-content\/uploads\/2024\/05\/1675158278468.jpg 2045w, https:\/\/minedinterieurs.fr\/wp-content\/uploads\/2024\/05\/1675158278468-300x225.jpg 300w, https:\/\/minedinterieurs.fr\/wp-content\/uploads\/2024\/05\/1675158278468-1024x769.jpg 1024w, https:\/\/minedinterieurs.fr\/wp-content\/uploads\/2024\/05\/1675158278468-768x577.jpg 768w, https:\/\/minedinterieurs.fr\/wp-content\/uploads\/2024\/05\/1675158278468-1536x1154.jpg 1536w\" sizes=\"auto, (max-width: 300px) 100vw, 300px\" \/>\n\t\t<div class=\"figc no-description\">\n\t\t\t<div class=\"figc-inner\">\n\t\t\t\t\t\t\t\t\t\t\t\t\t\t\t<\/div>\n\t\t<\/div>\n\n\t<\/div>\n\n<\/div><div class=\"modula-item effect-pufrobo\" data-width=\"6\" data-height=\"4\" >\n\t<div class=\"modula-item-overlay\"><\/div>\n\n\t<div class=\"modula-item-content\">\n\n\t\t<a data-image-id=\"1334\" role=\"button\" tabindex=\"0\" rel=\"jtg-1325\" data-caption=\"\" aria-label=\"Open image in lightbox\" class=\"tile-inner modula-item-link\"><\/a><img loading=\"lazy\" decoding=\"async\" class=\"pic wp-image-1334\"  data-valign=\"middle\" data-halign=\"center\" alt=\"\" data-full=\"https:\/\/minedinterieurs.fr\/wp-content\/uploads\/2024\/05\/planche-tendance_1.jpg\" title=\"planche tendance_1\" crop=\"\" width=\"300\" height=\"212\" src=\"https:\/\/minedinterieurs.fr\/wp-content\/uploads\/2024\/05\/planche-tendance_1-300x212.jpg\" data-src=\"https:\/\/minedinterieurs.fr\/wp-content\/uploads\/2024\/05\/planche-tendance_1-300x212.jpg\" data-caption=\"\" srcset=\"https:\/\/minedinterieurs.fr\/wp-content\/uploads\/2024\/05\/planche-tendance_1.jpg 1123w, https:\/\/minedinterieurs.fr\/wp-content\/uploads\/2024\/05\/planche-tendance_1-300x212.jpg 300w, https:\/\/minedinterieurs.fr\/wp-content\/uploads\/2024\/05\/planche-tendance_1-1024x724.jpg 1024w, https:\/\/minedinterieurs.fr\/wp-content\/uploads\/2024\/05\/planche-tendance_1-768x543.jpg 768w\" sizes=\"auto, (max-width: 300px) 100vw, 300px\" \/>\n\t\t<div class=\"figc no-description\">\n\t\t\t<div class=\"figc-inner\">\n\t\t\t\t\t\t\t\t\t\t\t\t\t\t\t<\/div>\n\t\t<\/div>\n\n\t<\/div>\n\n<\/div>\t\t\n\t<\/div>\n\n\t\n\t\n\t<script type=\"application\/ld+json\">\n\t{\n\t\t\"@context\": \"http:\/\/schema.org\",\n\t\t\"@type\"   : \"ImageGallery\",\n\t\t\"id\"      : \"https:\/\/minedinterieurs.fr\/?page_id=1323\/\",\n\t\t\"url\"     : \"https:\/\/minedinterieurs.fr\/?page_id=1323\/\"\n\t}\n\n\t<\/script>\n\n\t\n<\/div>\n","protected":false},"excerpt":{"rendered":"<p>NATURE DU PROJET : cr\u00e9ation de concept pour une boutique de lunettes SURFACE : 70 m\u00b2 D\u00c9TAIL DES PRESTATIONS : TEMOIGNAGE : \u00ab\u00a0Fanny et Natacha savent r\u00e9pondre \u00e0 nos demandes et besoins en toute classe et originalit\u00e9. Toujours pr\u00eates \u00e0 nous conseiller et nous aider dans nos r\u00e9novations et travaux.Je recommande tr\u00e8s fortement !\u00a0\u00bb<\/p>\n","protected":false},"author":1,"featured_media":0,"parent":0,"menu_order":0,"comment_status":"closed","ping_status":"closed","template":"","meta":{"footnotes":""},"class_list":["post-1323","page","type-page","status-publish","hentry"],"_links":{"self":[{"href":"https:\/\/minedinterieurs.fr\/index.php?rest_route=\/wp\/v2\/pages\/1323","targetHints":{"allow":["GET"]}}],"collection":[{"href":"https:\/\/minedinterieurs.fr\/index.php?rest_route=\/wp\/v2\/pages"}],"about":[{"href":"https:\/\/minedinterieurs.fr\/index.php?rest_route=\/wp\/v2\/types\/page"}],"author":[{"embeddable":true,"href":"https:\/\/minedinterieurs.fr\/index.php?rest_route=\/wp\/v2\/users\/1"}],"replies":[{"embeddable":true,"href":"https:\/\/minedinterieurs.fr\/index.php?rest_route=%2Fwp%2Fv2%2Fcomments&post=1323"}],"version-history":[{"count":3,"href":"https:\/\/minedinterieurs.fr\/index.php?rest_route=\/wp\/v2\/pages\/1323\/revisions"}],"predecessor-version":[{"id":1333,"href":"https:\/\/minedinterieurs.fr\/index.php?rest_route=\/wp\/v2\/pages\/1323\/revisions\/1333"}],"wp:attachment":[{"href":"https:\/\/minedinterieurs.fr\/index.php?rest_route=%2Fwp%2Fv2%2Fmedia&parent=1323"}],"curies":[{"name":"wp","href":"https:\/\/api.w.org\/{rel}","templated":true}]}}