{"id":1299,"date":"2024-05-17T10:00:49","date_gmt":"2024-05-17T10:00:49","guid":{"rendered":"https:\/\/minedinterieurs.fr\/?page_id=1299"},"modified":"2024-05-17T10:08:06","modified_gmt":"2024-05-17T10:08:06","slug":"lisle-sur-la-sorgues","status":"publish","type":"page","link":"https:\/\/minedinterieurs.fr\/?page_id=1299","title":{"rendered":"L&rsquo;ISLE SUR LA SORGUES villa proven\u00e7ale"},"content":{"rendered":"\n<p><\/p>\n\n\n\n<figure class=\"wp-block-image size-large\"><img loading=\"lazy\" decoding=\"async\" width=\"1024\" height=\"768\" src=\"http:\/\/minedinterieurs.fr\/wp-content\/uploads\/2024\/05\/20211020_090455.heic-1024x768.jpg\" alt=\"\" class=\"wp-image-1298\" srcset=\"https:\/\/minedinterieurs.fr\/wp-content\/uploads\/2024\/05\/20211020_090455.heic-1024x768.jpg 1024w, https:\/\/minedinterieurs.fr\/wp-content\/uploads\/2024\/05\/20211020_090455.heic-300x225.jpg 300w, https:\/\/minedinterieurs.fr\/wp-content\/uploads\/2024\/05\/20211020_090455.heic-768x576.jpg 768w, https:\/\/minedinterieurs.fr\/wp-content\/uploads\/2024\/05\/20211020_090455.heic.jpg 1172w\" sizes=\"auto, (max-width: 1024px) 100vw, 1024px\" \/><\/figure>\n\n\n\n<p><strong>NATURE DU PROJET :<\/strong> R\u00e9novation compl\u00e8te d&rsquo;un bastide proven\u00e7ale <\/p>\n\n\n\n<p><strong>SURFACE : <\/strong>500 m\u00b2 <\/p>\n\n\n\n<p><strong>D\u00c9TAILS DES PRESTATIONS : <\/strong><\/p>\n\n\n\n<ul class=\"wp-block-list\">\n<li>Plans d&rsquo;am\u00e9nagement <\/li>\n\n\n\n<li>Mod\u00e9lisation et rendus 3D<\/li>\n\n\n\n<li>Conception de mobilier sur-mesure : bar, meuble TV, estrade yoga..<\/li>\n<\/ul>\n\n\n\n<p>Un projet en collaboration avec <strong>N2design<\/strong><\/p>\n\n\n<div  id=\"jtg-1302\" class=\"modula modula-gallery modula-custom-grid\" data-config=\"{&quot;height&quot;:800,&quot;tabletHeight&quot;:800,&quot;mobileHeight&quot;:800,&quot;desktopHeight&quot;:800,&quot;enableTwitter&quot;:false,&quot;enableWhatsapp&quot;:false,&quot;enableFacebook&quot;:false,&quot;enablePinterest&quot;:false,&quot;enableLinkedin&quot;:false,&quot;enableEmail&quot;:false,&quot;randomFactor&quot;:0.5,&quot;type&quot;:&quot;custom-grid&quot;,&quot;columns&quot;:12,&quot;gutter&quot;:10,&quot;mobileGutter&quot;:10,&quot;tabletGutter&quot;:10,&quot;desktopGutter&quot;:10,&quot;enableResponsive&quot;:&quot;0&quot;,&quot;tabletColumns&quot;:2,&quot;mobileColumns&quot;:1,&quot;lazyLoad&quot;:0,&quot;lightboxOpts&quot;:{&quot;animated&quot;:true,&quot;Thumbs&quot;:{&quot;type&quot;:&quot;modern&quot;,&quot;showOnStart&quot;:false},&quot;Toolbar&quot;:{&quot;display&quot;:{&quot;right&quot;:[&quot;close&quot;]},&quot;enabled&quot;:true},&quot;Carousel&quot;:{&quot;Panzoom&quot;:{&quot;touch&quot;:true},&quot;infinite&quot;:false},&quot;keyboard&quot;:{&quot;Escape&quot;:&quot;close&quot;,&quot;Delete&quot;:&quot;close&quot;,&quot;Backspace&quot;:&quot;close&quot;,&quot;PageUp&quot;:false,&quot;PageDown&quot;:false,&quot;ArrowUp&quot;:false,&quot;ArrowDown&quot;:false,&quot;ArrowRight&quot;:false,&quot;ArrowLeft&quot;:false},&quot;touch&quot;:false,&quot;backdropClick&quot;:false,&quot;l10n&quot;:{&quot;CLOSE&quot;:&quot;Close&quot;,&quot;NEXT&quot;:&quot;Next&quot;,&quot;PREV&quot;:&quot;Previous&quot;,&quot;Error&quot;:&quot;The requested content cannot be loaded. Please try again later.&quot;,&quot;PLAY_START&quot;:&quot;Start slideshow&quot;,&quot;PLAY_STOP&quot;:&quot;Pause slideshow&quot;,&quot;FULL_SCREEN&quot;:&quot;Full screen&quot;,&quot;THUMBS&quot;:&quot;Thumbnails&quot;,&quot;DOWNLOAD&quot;:&quot;Download&quot;,&quot;SHARE&quot;:&quot;Share&quot;,&quot;ZOOM&quot;:&quot;Zoom&quot;,&quot;EMAIL&quot;:&quot;Here is the link to the image : %%image_link%% and this is the link to the gallery : %%gallery_link%%&quot;,&quot;MODAL&quot;:&quot;You can close this modal content with the ESC key&quot;,&quot;ERROR&quot;:&quot;Something Went Wrong, Please Try Again Later&quot;,&quot;IMAGE_ERROR&quot;:&quot;Image Not Found&quot;,&quot;ELEMENT_NOT_FOUND&quot;:&quot;HTML Element Not Found&quot;,&quot;AJAX_NOT_FOUND&quot;:&quot;Error Loading AJAX : Not Found&quot;,&quot;AJAX_FORBIDDEN&quot;:&quot;Error Loading AJAX : Forbidden&quot;,&quot;IFRAME_ERROR&quot;:&quot;Error Loading Page&quot;,&quot;TOGGLE_ZOOM&quot;:&quot;Toggle zoom level&quot;,&quot;TOGGLE_THUMBS&quot;:&quot;Toggle thumbnails&quot;,&quot;TOGGLE_SLIDESHOW&quot;:&quot;Toggle slideshow&quot;,&quot;TOGGLE_FULLSCREEN&quot;:&quot;Toggle full-screen mode&quot;},&quot;Images&quot;:{&quot;Panzoom&quot;:{&quot;maxScale&quot;:2}},&quot;mainClass&quot;:&quot;modula-fancybox-container modula-lightbox-jtg-1302&quot;,&quot;Html&quot;:{&quot;videoAutoplay&quot;:0,&quot;videoTpl&quot;:&quot;&lt;video class=\\&quot;fancybox__html5video\\&quot; controls muted playsinline controlsList controlsList=\\&quot;nodownload\\&quot; poster=\\&quot;{{poster}}\\&quot; src=\\&quot;{{src}}\\&quot; type=\\&quot;{{format}}\\&quot; &gt;  Sorry, your browser doesn&#039;t support embedded videos, &lt;a href=\\&quot;{{src}}\\&quot;&gt; download &lt;\\\/a&gt; and watch with your favorite video player! &lt;\\\/video&gt;&quot;}},&quot;inView&quot;:false,&quot;email_subject&quot;:&quot;Check out this awesome image !!&quot;,&quot;email_message&quot;:&quot;Here is the link to the image : %%image_link%% and this is the link to the gallery : %%gallery_link%%&quot;,&quot;lightbox&quot;:&quot;fancybox&quot;}\">\n\n\t\n\t<div  class=\"modula-items\">\n\t\t<div class=\"modula-item effect-pufrobo\" data-width=\"6\" data-height=\"5\" >\n\t<div class=\"modula-item-overlay\"><\/div>\n\n\t<div class=\"modula-item-content\">\n\n\t\t<a data-image-id=\"1308\" role=\"button\" tabindex=\"0\" rel=\"jtg-1302\" data-caption=\"\" aria-label=\"Open image in lightbox\" class=\"tile-inner modula-item-link\"><\/a><img loading=\"lazy\" decoding=\"async\" class=\"pic wp-image-1308\"  data-valign=\"middle\" data-halign=\"center\" alt=\"\" data-full=\"https:\/\/minedinterieurs.fr\/wp-content\/uploads\/2024\/05\/20211021_185536.heic.jpg\" title=\"20211021_185536.heic\" crop=\"\" width=\"300\" height=\"225\" src=\"https:\/\/minedinterieurs.fr\/wp-content\/uploads\/2024\/05\/20211021_185536.heic-300x225.jpg\" data-src=\"https:\/\/minedinterieurs.fr\/wp-content\/uploads\/2024\/05\/20211021_185536.heic-300x225.jpg\" data-caption=\"\" srcset=\"https:\/\/minedinterieurs.fr\/wp-content\/uploads\/2024\/05\/20211021_185536.heic.jpg 1172w, https:\/\/minedinterieurs.fr\/wp-content\/uploads\/2024\/05\/20211021_185536.heic-300x225.jpg 300w, https:\/\/minedinterieurs.fr\/wp-content\/uploads\/2024\/05\/20211021_185536.heic-1024x768.jpg 1024w, https:\/\/minedinterieurs.fr\/wp-content\/uploads\/2024\/05\/20211021_185536.heic-768x576.jpg 768w\" sizes=\"auto, (max-width: 300px) 100vw, 300px\" \/>\n\t\t<div class=\"figc no-description\">\n\t\t\t<div class=\"figc-inner\">\n\t\t\t\t\t\t\t\t\t\t\t\t\t\t\t<\/div>\n\t\t<\/div>\n\n\t<\/div>\n\n<\/div><div class=\"modula-item effect-pufrobo\" data-width=\"6\" data-height=\"5\" >\n\t<div class=\"modula-item-overlay\"><\/div>\n\n\t<div class=\"modula-item-content\">\n\n\t\t<a data-image-id=\"1315\" role=\"button\" tabindex=\"0\" rel=\"jtg-1302\" data-caption=\"\" aria-label=\"Open image in lightbox\" class=\"tile-inner modula-item-link\"><\/a><img loading=\"lazy\" decoding=\"async\" class=\"pic wp-image-1315\"  data-valign=\"middle\" data-halign=\"center\" alt=\"\" data-full=\"https:\/\/minedinterieurs.fr\/wp-content\/uploads\/2024\/05\/Image-01_000.png\" title=\"Image 01_000\" crop=\"\" width=\"300\" height=\"169\" src=\"https:\/\/minedinterieurs.fr\/wp-content\/uploads\/2024\/05\/Image-01_000-300x169.png\" data-src=\"https:\/\/minedinterieurs.fr\/wp-content\/uploads\/2024\/05\/Image-01_000-300x169.png\" data-caption=\"\" srcset=\"https:\/\/minedinterieurs.fr\/wp-content\/uploads\/2024\/05\/Image-01_000.png 3840w, https:\/\/minedinterieurs.fr\/wp-content\/uploads\/2024\/05\/Image-01_000-300x169.png 300w, https:\/\/minedinterieurs.fr\/wp-content\/uploads\/2024\/05\/Image-01_000-1024x576.png 1024w, https:\/\/minedinterieurs.fr\/wp-content\/uploads\/2024\/05\/Image-01_000-768x432.png 768w, https:\/\/minedinterieurs.fr\/wp-content\/uploads\/2024\/05\/Image-01_000-1536x864.png 1536w, https:\/\/minedinterieurs.fr\/wp-content\/uploads\/2024\/05\/Image-01_000-2048x1152.png 2048w\" sizes=\"auto, (max-width: 300px) 100vw, 300px\" \/>\n\t\t<div class=\"figc no-description\">\n\t\t\t<div class=\"figc-inner\">\n\t\t\t\t\t\t\t\t\t\t\t\t\t\t\t<\/div>\n\t\t<\/div>\n\n\t<\/div>\n\n<\/div><div class=\"modula-item effect-pufrobo\" data-width=\"3\" data-height=\"4\" >\n\t<div class=\"modula-item-overlay\"><\/div>\n\n\t<div class=\"modula-item-content\">\n\n\t\t<a data-image-id=\"1311\" role=\"button\" tabindex=\"0\" rel=\"jtg-1302\" data-caption=\"\" aria-label=\"Open image in lightbox\" class=\"tile-inner modula-item-link\"><\/a><img loading=\"lazy\" decoding=\"async\" class=\"pic wp-image-1311\"  data-valign=\"middle\" data-halign=\"center\" alt=\"\" data-full=\"https:\/\/minedinterieurs.fr\/wp-content\/uploads\/2024\/05\/20211022_015358.heic.jpg\" title=\"20211022_015358.heic\" crop=\"\" width=\"225\" height=\"300\" src=\"https:\/\/minedinterieurs.fr\/wp-content\/uploads\/2024\/05\/20211022_015358.heic-225x300.jpg\" data-src=\"https:\/\/minedinterieurs.fr\/wp-content\/uploads\/2024\/05\/20211022_015358.heic-225x300.jpg\" data-caption=\"\" srcset=\"https:\/\/minedinterieurs.fr\/wp-content\/uploads\/2024\/05\/20211022_015358.heic.jpg 659w, https:\/\/minedinterieurs.fr\/wp-content\/uploads\/2024\/05\/20211022_015358.heic-225x300.jpg 225w\" sizes=\"auto, (max-width: 225px) 100vw, 225px\" \/>\n\t\t<div class=\"figc no-description\">\n\t\t\t<div class=\"figc-inner\">\n\t\t\t\t\t\t\t\t\t\t\t\t\t\t\t<\/div>\n\t\t<\/div>\n\n\t<\/div>\n\n<\/div><div class=\"modula-item effect-pufrobo\" data-width=\"3\" data-height=\"4\" >\n\t<div class=\"modula-item-overlay\"><\/div>\n\n\t<div class=\"modula-item-content\">\n\n\t\t<a data-image-id=\"1309\" role=\"button\" tabindex=\"0\" rel=\"jtg-1302\" data-caption=\"\" aria-label=\"Open image in lightbox\" class=\"tile-inner modula-item-link\"><\/a><img loading=\"lazy\" decoding=\"async\" class=\"pic wp-image-1309\"  data-valign=\"middle\" data-halign=\"center\" alt=\"\" data-full=\"https:\/\/minedinterieurs.fr\/wp-content\/uploads\/2024\/05\/20211022_014907.heic.jpg\" title=\"20211022_014907.heic\" crop=\"\" width=\"225\" height=\"300\" src=\"https:\/\/minedinterieurs.fr\/wp-content\/uploads\/2024\/05\/20211022_014907.heic-225x300.jpg\" data-src=\"https:\/\/minedinterieurs.fr\/wp-content\/uploads\/2024\/05\/20211022_014907.heic-225x300.jpg\" data-caption=\"\" srcset=\"https:\/\/minedinterieurs.fr\/wp-content\/uploads\/2024\/05\/20211022_014907.heic.jpg 659w, https:\/\/minedinterieurs.fr\/wp-content\/uploads\/2024\/05\/20211022_014907.heic-225x300.jpg 225w\" sizes=\"auto, (max-width: 225px) 100vw, 225px\" \/>\n\t\t<div class=\"figc no-description\">\n\t\t\t<div class=\"figc-inner\">\n\t\t\t\t\t\t\t\t\t\t\t\t\t\t\t<\/div>\n\t\t<\/div>\n\n\t<\/div>\n\n<\/div><div class=\"modula-item effect-pufrobo\" data-width=\"6\" data-height=\"4\" >\n\t<div class=\"modula-item-overlay\"><\/div>\n\n\t<div class=\"modula-item-content\">\n\n\t\t<a data-image-id=\"1322\" role=\"button\" tabindex=\"0\" rel=\"jtg-1302\" data-caption=\"\" aria-label=\"Open image in lightbox\" class=\"tile-inner modula-item-link\"><\/a><img loading=\"lazy\" decoding=\"async\" class=\"pic wp-image-1322\"  data-valign=\"middle\" data-halign=\"center\" alt=\"\" data-full=\"https:\/\/minedinterieurs.fr\/wp-content\/uploads\/2024\/05\/V3-vue-4.jpg\" title=\"V3 vue 4\" crop=\"\" width=\"300\" height=\"173\" src=\"https:\/\/minedinterieurs.fr\/wp-content\/uploads\/2024\/05\/V3-vue-4-300x173.jpg\" data-src=\"https:\/\/minedinterieurs.fr\/wp-content\/uploads\/2024\/05\/V3-vue-4-300x173.jpg\" data-caption=\"\" srcset=\"https:\/\/minedinterieurs.fr\/wp-content\/uploads\/2024\/05\/V3-vue-4.jpg 1233w, https:\/\/minedinterieurs.fr\/wp-content\/uploads\/2024\/05\/V3-vue-4-300x173.jpg 300w, https:\/\/minedinterieurs.fr\/wp-content\/uploads\/2024\/05\/V3-vue-4-1024x592.jpg 1024w, https:\/\/minedinterieurs.fr\/wp-content\/uploads\/2024\/05\/V3-vue-4-768x444.jpg 768w\" sizes=\"auto, (max-width: 300px) 100vw, 300px\" \/>\n\t\t<div class=\"figc no-description\">\n\t\t\t<div class=\"figc-inner\">\n\t\t\t\t\t\t\t\t\t\t\t\t\t\t\t<\/div>\n\t\t<\/div>\n\n\t<\/div>\n\n<\/div><div class=\"modula-item effect-pufrobo\" data-width=\"6\" data-height=\"4\" >\n\t<div class=\"modula-item-overlay\"><\/div>\n\n\t<div class=\"modula-item-content\">\n\n\t\t<a data-image-id=\"1305\" role=\"button\" tabindex=\"0\" rel=\"jtg-1302\" data-caption=\"\" aria-label=\"Open image in lightbox\" class=\"tile-inner modula-item-link\"><\/a><img loading=\"lazy\" decoding=\"async\" class=\"pic wp-image-1305\"  data-valign=\"middle\" data-halign=\"center\" alt=\"\" data-full=\"https:\/\/minedinterieurs.fr\/wp-content\/uploads\/2024\/05\/20211020_090455.heic-1.jpg\" title=\"20211020_090455.heic\" crop=\"\" width=\"300\" height=\"225\" src=\"https:\/\/minedinterieurs.fr\/wp-content\/uploads\/2024\/05\/20211020_090455.heic-1-300x225.jpg\" data-src=\"https:\/\/minedinterieurs.fr\/wp-content\/uploads\/2024\/05\/20211020_090455.heic-1-300x225.jpg\" data-caption=\"\" srcset=\"https:\/\/minedinterieurs.fr\/wp-content\/uploads\/2024\/05\/20211020_090455.heic-1.jpg 1172w, https:\/\/minedinterieurs.fr\/wp-content\/uploads\/2024\/05\/20211020_090455.heic-1-300x225.jpg 300w, https:\/\/minedinterieurs.fr\/wp-content\/uploads\/2024\/05\/20211020_090455.heic-1-1024x768.jpg 1024w, https:\/\/minedinterieurs.fr\/wp-content\/uploads\/2024\/05\/20211020_090455.heic-1-768x576.jpg 768w\" sizes=\"auto, (max-width: 300px) 100vw, 300px\" \/>\n\t\t<div class=\"figc no-description\">\n\t\t\t<div class=\"figc-inner\">\n\t\t\t\t\t\t\t\t\t\t\t\t\t\t\t<\/div>\n\t\t<\/div>\n\n\t<\/div>\n\n<\/div><div class=\"modula-item effect-pufrobo\" data-width=\"6\" data-height=\"4\" >\n\t<div class=\"modula-item-overlay\"><\/div>\n\n\t<div class=\"modula-item-content\">\n\n\t\t<a data-image-id=\"1319\" role=\"button\" tabindex=\"0\" rel=\"jtg-1302\" data-caption=\"\" aria-label=\"Open image in lightbox\" class=\"tile-inner modula-item-link\"><\/a><img loading=\"lazy\" decoding=\"async\" class=\"pic wp-image-1319\"  data-valign=\"middle\" data-halign=\"center\" alt=\"\" data-full=\"https:\/\/minedinterieurs.fr\/wp-content\/uploads\/2024\/05\/Capture-decran-2024-03-01-201949-1.png\" title=\"Capture d&#039;\u00e9cran 2024-03-01 201949\" crop=\"\" width=\"300\" height=\"171\" src=\"https:\/\/minedinterieurs.fr\/wp-content\/uploads\/2024\/05\/Capture-decran-2024-03-01-201949-1-300x171.png\" data-src=\"https:\/\/minedinterieurs.fr\/wp-content\/uploads\/2024\/05\/Capture-decran-2024-03-01-201949-1-300x171.png\" data-caption=\"\" srcset=\"https:\/\/minedinterieurs.fr\/wp-content\/uploads\/2024\/05\/Capture-decran-2024-03-01-201949-1.png 2065w, https:\/\/minedinterieurs.fr\/wp-content\/uploads\/2024\/05\/Capture-decran-2024-03-01-201949-1-300x171.png 300w, https:\/\/minedinterieurs.fr\/wp-content\/uploads\/2024\/05\/Capture-decran-2024-03-01-201949-1-1024x585.png 1024w, https:\/\/minedinterieurs.fr\/wp-content\/uploads\/2024\/05\/Capture-decran-2024-03-01-201949-1-768x439.png 768w, https:\/\/minedinterieurs.fr\/wp-content\/uploads\/2024\/05\/Capture-decran-2024-03-01-201949-1-1536x878.png 1536w, https:\/\/minedinterieurs.fr\/wp-content\/uploads\/2024\/05\/Capture-decran-2024-03-01-201949-1-2048x1170.png 2048w\" sizes=\"auto, (max-width: 300px) 100vw, 300px\" \/>\n\t\t<div class=\"figc no-description\">\n\t\t\t<div class=\"figc-inner\">\n\t\t\t\t\t\t\t\t\t\t\t\t\t\t\t<\/div>\n\t\t<\/div>\n\n\t<\/div>\n\n<\/div><div class=\"modula-item effect-pufrobo\" data-width=\"5\" data-height=\"3\" >\n\t<div class=\"modula-item-overlay\"><\/div>\n\n\t<div class=\"modula-item-content\">\n\n\t\t<a data-image-id=\"1318\" role=\"button\" tabindex=\"0\" rel=\"jtg-1302\" data-caption=\"\" aria-label=\"Open image in lightbox\" class=\"tile-inner modula-item-link\"><\/a><img loading=\"lazy\" decoding=\"async\" class=\"pic wp-image-1318\"  data-valign=\"middle\" data-halign=\"center\" alt=\"\" data-full=\"https:\/\/minedinterieurs.fr\/wp-content\/uploads\/2024\/05\/Capture-decran-2024-03-01-202013-1.png\" title=\"Capture d&#039;\u00e9cran 2024-03-01 202013\" crop=\"\" width=\"300\" height=\"165\" src=\"https:\/\/minedinterieurs.fr\/wp-content\/uploads\/2024\/05\/Capture-decran-2024-03-01-202013-1-300x165.png\" data-src=\"https:\/\/minedinterieurs.fr\/wp-content\/uploads\/2024\/05\/Capture-decran-2024-03-01-202013-1-300x165.png\" data-caption=\"\" srcset=\"https:\/\/minedinterieurs.fr\/wp-content\/uploads\/2024\/05\/Capture-decran-2024-03-01-202013-1.png 2285w, https:\/\/minedinterieurs.fr\/wp-content\/uploads\/2024\/05\/Capture-decran-2024-03-01-202013-1-300x165.png 300w, https:\/\/minedinterieurs.fr\/wp-content\/uploads\/2024\/05\/Capture-decran-2024-03-01-202013-1-1024x565.png 1024w, https:\/\/minedinterieurs.fr\/wp-content\/uploads\/2024\/05\/Capture-decran-2024-03-01-202013-1-768x423.png 768w, https:\/\/minedinterieurs.fr\/wp-content\/uploads\/2024\/05\/Capture-decran-2024-03-01-202013-1-1536x847.png 1536w, https:\/\/minedinterieurs.fr\/wp-content\/uploads\/2024\/05\/Capture-decran-2024-03-01-202013-1-2048x1129.png 2048w\" sizes=\"auto, (max-width: 300px) 100vw, 300px\" \/>\n\t\t<div class=\"figc no-description\">\n\t\t\t<div class=\"figc-inner\">\n\t\t\t\t\t\t\t\t\t\t\t\t\t\t\t<\/div>\n\t\t<\/div>\n\n\t<\/div>\n\n<\/div><div class=\"modula-item effect-pufrobo\" data-width=\"7\" data-height=\"3\" >\n\t<div class=\"modula-item-overlay\"><\/div>\n\n\t<div class=\"modula-item-content\">\n\n\t\t<a data-image-id=\"1306\" role=\"button\" tabindex=\"0\" rel=\"jtg-1302\" data-caption=\"\" aria-label=\"Open image in lightbox\" class=\"tile-inner modula-item-link\"><\/a><img loading=\"lazy\" decoding=\"async\" class=\"pic wp-image-1306\"  data-valign=\"middle\" data-halign=\"center\" alt=\"\" data-full=\"https:\/\/minedinterieurs.fr\/wp-content\/uploads\/2024\/05\/20211021_185048.heic.jpg\" title=\"20211021_185048.heic\" crop=\"\" width=\"300\" height=\"225\" src=\"https:\/\/minedinterieurs.fr\/wp-content\/uploads\/2024\/05\/20211021_185048.heic-300x225.jpg\" data-src=\"https:\/\/minedinterieurs.fr\/wp-content\/uploads\/2024\/05\/20211021_185048.heic-300x225.jpg\" data-caption=\"\" srcset=\"https:\/\/minedinterieurs.fr\/wp-content\/uploads\/2024\/05\/20211021_185048.heic.jpg 1172w, https:\/\/minedinterieurs.fr\/wp-content\/uploads\/2024\/05\/20211021_185048.heic-300x225.jpg 300w, https:\/\/minedinterieurs.fr\/wp-content\/uploads\/2024\/05\/20211021_185048.heic-1024x768.jpg 1024w, https:\/\/minedinterieurs.fr\/wp-content\/uploads\/2024\/05\/20211021_185048.heic-768x576.jpg 768w\" sizes=\"auto, (max-width: 300px) 100vw, 300px\" \/>\n\t\t<div class=\"figc no-description\">\n\t\t\t<div class=\"figc-inner\">\n\t\t\t\t\t\t\t\t\t\t\t\t\t\t\t<\/div>\n\t\t<\/div>\n\n\t<\/div>\n\n<\/div><div class=\"modula-item effect-pufrobo\" data-width=\"4\" data-height=\"3\" >\n\t<div class=\"modula-item-overlay\"><\/div>\n\n\t<div class=\"modula-item-content\">\n\n\t\t<a data-image-id=\"1307\" role=\"button\" tabindex=\"0\" rel=\"jtg-1302\" data-caption=\"\" aria-label=\"Open image in lightbox\" class=\"tile-inner modula-item-link\"><\/a><img loading=\"lazy\" decoding=\"async\" class=\"pic wp-image-1307\"  data-valign=\"middle\" data-halign=\"center\" alt=\"\" data-full=\"https:\/\/minedinterieurs.fr\/wp-content\/uploads\/2024\/05\/20211021_185410.heic.jpg\" title=\"20211021_185410.heic\" crop=\"\" width=\"300\" height=\"225\" src=\"https:\/\/minedinterieurs.fr\/wp-content\/uploads\/2024\/05\/20211021_185410.heic-300x225.jpg\" data-src=\"https:\/\/minedinterieurs.fr\/wp-content\/uploads\/2024\/05\/20211021_185410.heic-300x225.jpg\" data-caption=\"\" srcset=\"https:\/\/minedinterieurs.fr\/wp-content\/uploads\/2024\/05\/20211021_185410.heic.jpg 1172w, https:\/\/minedinterieurs.fr\/wp-content\/uploads\/2024\/05\/20211021_185410.heic-300x225.jpg 300w, https:\/\/minedinterieurs.fr\/wp-content\/uploads\/2024\/05\/20211021_185410.heic-1024x768.jpg 1024w, https:\/\/minedinterieurs.fr\/wp-content\/uploads\/2024\/05\/20211021_185410.heic-768x576.jpg 768w\" sizes=\"auto, (max-width: 300px) 100vw, 300px\" \/>\n\t\t<div class=\"figc no-description\">\n\t\t\t<div class=\"figc-inner\">\n\t\t\t\t\t\t\t\t\t\t\t\t\t\t\t<\/div>\n\t\t<\/div>\n\n\t<\/div>\n\n<\/div><div class=\"modula-item effect-pufrobo\" data-width=\"4\" data-height=\"3\" >\n\t<div class=\"modula-item-overlay\"><\/div>\n\n\t<div class=\"modula-item-content\">\n\n\t\t<a data-image-id=\"1304\" role=\"button\" tabindex=\"0\" rel=\"jtg-1302\" data-caption=\"\" aria-label=\"Open image in lightbox\" class=\"tile-inner modula-item-link\"><\/a><img loading=\"lazy\" decoding=\"async\" class=\"pic wp-image-1304\"  data-valign=\"middle\" data-halign=\"center\" alt=\"\" data-full=\"https:\/\/minedinterieurs.fr\/wp-content\/uploads\/2024\/05\/20210708_134832.heic.jpg\" title=\"20210708_134832.heic\" crop=\"\" width=\"300\" height=\"225\" src=\"https:\/\/minedinterieurs.fr\/wp-content\/uploads\/2024\/05\/20210708_134832.heic-300x225.jpg\" data-src=\"https:\/\/minedinterieurs.fr\/wp-content\/uploads\/2024\/05\/20210708_134832.heic-300x225.jpg\" data-caption=\"\" srcset=\"https:\/\/minedinterieurs.fr\/wp-content\/uploads\/2024\/05\/20210708_134832.heic.jpg 1172w, https:\/\/minedinterieurs.fr\/wp-content\/uploads\/2024\/05\/20210708_134832.heic-300x225.jpg 300w, https:\/\/minedinterieurs.fr\/wp-content\/uploads\/2024\/05\/20210708_134832.heic-1024x768.jpg 1024w, https:\/\/minedinterieurs.fr\/wp-content\/uploads\/2024\/05\/20210708_134832.heic-768x576.jpg 768w\" sizes=\"auto, (max-width: 300px) 100vw, 300px\" \/>\n\t\t<div class=\"figc no-description\">\n\t\t\t<div class=\"figc-inner\">\n\t\t\t\t\t\t\t\t\t\t\t\t\t\t\t<\/div>\n\t\t<\/div>\n\n\t<\/div>\n\n<\/div><div class=\"modula-item effect-pufrobo\" data-width=\"4\" data-height=\"3\" >\n\t<div class=\"modula-item-overlay\"><\/div>\n\n\t<div class=\"modula-item-content\">\n\n\t\t<a data-image-id=\"1321\" role=\"button\" tabindex=\"0\" rel=\"jtg-1302\" data-caption=\"\" aria-label=\"Open image in lightbox\" class=\"tile-inner modula-item-link\"><\/a><img loading=\"lazy\" decoding=\"async\" class=\"pic wp-image-1321\"  data-valign=\"middle\" data-halign=\"center\" alt=\"\" data-full=\"https:\/\/minedinterieurs.fr\/wp-content\/uploads\/2024\/05\/TETE-DE-LIT.jpg\" title=\"TETE DE LIT\" crop=\"\" width=\"300\" height=\"183\" src=\"https:\/\/minedinterieurs.fr\/wp-content\/uploads\/2024\/05\/TETE-DE-LIT-300x183.jpg\" data-src=\"https:\/\/minedinterieurs.fr\/wp-content\/uploads\/2024\/05\/TETE-DE-LIT-300x183.jpg\" data-caption=\"\" srcset=\"https:\/\/minedinterieurs.fr\/wp-content\/uploads\/2024\/05\/TETE-DE-LIT.jpg 1233w, https:\/\/minedinterieurs.fr\/wp-content\/uploads\/2024\/05\/TETE-DE-LIT-300x183.jpg 300w, https:\/\/minedinterieurs.fr\/wp-content\/uploads\/2024\/05\/TETE-DE-LIT-1024x624.jpg 1024w, https:\/\/minedinterieurs.fr\/wp-content\/uploads\/2024\/05\/TETE-DE-LIT-768x468.jpg 768w\" sizes=\"auto, (max-width: 300px) 100vw, 300px\" \/>\n\t\t<div class=\"figc no-description\">\n\t\t\t<div class=\"figc-inner\">\n\t\t\t\t\t\t\t\t\t\t\t\t\t\t\t<\/div>\n\t\t<\/div>\n\n\t<\/div>\n\n<\/div>\t\t\n\t<\/div>\n\n\t\n\t\n\t<script type=\"application\/ld+json\">\n\t{\n\t\t\"@context\": \"http:\/\/schema.org\",\n\t\t\"@type\"   : \"ImageGallery\",\n\t\t\"id\"      : \"https:\/\/minedinterieurs.fr\/?page_id=1299\/\",\n\t\t\"url\"     : \"https:\/\/minedinterieurs.fr\/?page_id=1299\/\"\n\t}\n\n\t<\/script>\n\n\t\n<\/div>\n","protected":false},"excerpt":{"rendered":"<p>NATURE DU PROJET : R\u00e9novation compl\u00e8te d&rsquo;un bastide proven\u00e7ale SURFACE : 500 m\u00b2 D\u00c9TAILS DES PRESTATIONS : Un projet en collaboration avec N2design<\/p>\n","protected":false},"author":1,"featured_media":0,"parent":0,"menu_order":0,"comment_status":"closed","ping_status":"closed","template":"","meta":{"footnotes":""},"class_list":["post-1299","page","type-page","status-publish","hentry"],"_links":{"self":[{"href":"https:\/\/minedinterieurs.fr\/index.php?rest_route=\/wp\/v2\/pages\/1299","targetHints":{"allow":["GET"]}}],"collection":[{"href":"https:\/\/minedinterieurs.fr\/index.php?rest_route=\/wp\/v2\/pages"}],"about":[{"href":"https:\/\/minedinterieurs.fr\/index.php?rest_route=\/wp\/v2\/types\/page"}],"author":[{"embeddable":true,"href":"https:\/\/minedinterieurs.fr\/index.php?rest_route=\/wp\/v2\/users\/1"}],"replies":[{"embeddable":true,"href":"https:\/\/minedinterieurs.fr\/index.php?rest_route=%2Fwp%2Fv2%2Fcomments&post=1299"}],"version-history":[{"count":5,"href":"https:\/\/minedinterieurs.fr\/index.php?rest_route=\/wp\/v2\/pages\/1299\/revisions"}],"predecessor-version":[{"id":1320,"href":"https:\/\/minedinterieurs.fr\/index.php?rest_route=\/wp\/v2\/pages\/1299\/revisions\/1320"}],"wp:attachment":[{"href":"https:\/\/minedinterieurs.fr\/index.php?rest_route=%2Fwp%2Fv2%2Fmedia&parent=1299"}],"curies":[{"name":"wp","href":"https:\/\/api.w.org\/{rel}","templated":true}]}}