{"id":1237,"date":"2024-05-17T08:26:04","date_gmt":"2024-05-17T08:26:04","guid":{"rendered":"https:\/\/minedinterieurs.fr\/?page_id=1237"},"modified":"2024-05-17T08:30:38","modified_gmt":"2024-05-17T08:30:38","slug":"becon-appartement-haussmannien","status":"publish","type":"page","link":"https:\/\/minedinterieurs.fr\/?page_id=1237","title":{"rendered":"BECON, appartement haussmannien"},"content":{"rendered":"\n<figure class=\"wp-block-image size-large\"><img loading=\"lazy\" decoding=\"async\" width=\"1024\" height=\"576\" src=\"https:\/\/minedinterieurs.fr\/wp-content\/uploads\/2024\/05\/CUisine-2-1024x576.png\" alt=\"\" class=\"wp-image-1238\" srcset=\"https:\/\/minedinterieurs.fr\/wp-content\/uploads\/2024\/05\/CUisine-2-1024x576.png 1024w, https:\/\/minedinterieurs.fr\/wp-content\/uploads\/2024\/05\/CUisine-2-300x169.png 300w, https:\/\/minedinterieurs.fr\/wp-content\/uploads\/2024\/05\/CUisine-2-768x432.png 768w, https:\/\/minedinterieurs.fr\/wp-content\/uploads\/2024\/05\/CUisine-2-1536x864.png 1536w, https:\/\/minedinterieurs.fr\/wp-content\/uploads\/2024\/05\/CUisine-2-2048x1152.png 2048w\" sizes=\"auto, (max-width: 1024px) 100vw, 1024px\" \/><\/figure>\n\n\n\n<p><strong>NATURE DU PROJET : <\/strong>R\u00e9novation compl\u00e8te d&rsquo;un appartement familial et am\u00e9nagement d&rsquo;un T2<\/p>\n\n\n\n<p><strong>SURFACE : <\/strong>115 et 33 m\u00b2<\/p>\n\n\n\n<p><strong>D\u00c9TAIL DES PRESTATIONS : <\/strong><\/p>\n\n\n\n<p>\u2022 Relev\u00e9 de cotes<\/p>\n\n\n\n<p>\u2022 Planche d\u2019ambiances<\/p>\n\n\n\n<p>\u2022 Plan d\u2019am\u00e9nagement<\/p>\n\n\n\n<p>\u2022 Mod\u00e9lisation et rendu 3D<\/p>\n\n\n\n<p>\u2022 Plans techniques<\/p>\n\n\n\n<p>\u2022 Agencement<\/p>\n\n\n\n<p>\u2022 Shopping liste mobilier et luminaires<\/p>\n\n\n\n<figure class=\"wp-block-gallery has-nested-images columns-default is-cropped wp-block-gallery-1 is-layout-flex wp-block-gallery-is-layout-flex\">\n<figure class=\"wp-block-image size-large\"><img loading=\"lazy\" decoding=\"async\" width=\"1024\" height=\"576\" data-id=\"1241\" src=\"https:\/\/minedinterieurs.fr\/wp-content\/uploads\/2024\/05\/cheminee-1-1024x576.jpg\" alt=\"\" class=\"wp-image-1241\" srcset=\"https:\/\/minedinterieurs.fr\/wp-content\/uploads\/2024\/05\/cheminee-1-1024x576.jpg 1024w, https:\/\/minedinterieurs.fr\/wp-content\/uploads\/2024\/05\/cheminee-1-300x169.jpg 300w, https:\/\/minedinterieurs.fr\/wp-content\/uploads\/2024\/05\/cheminee-1-768x432.jpg 768w, https:\/\/minedinterieurs.fr\/wp-content\/uploads\/2024\/05\/cheminee-1-1536x864.jpg 1536w, https:\/\/minedinterieurs.fr\/wp-content\/uploads\/2024\/05\/cheminee-1.jpg 1920w\" sizes=\"auto, (max-width: 1024px) 100vw, 1024px\" \/><\/figure>\n\n\n\n<figure class=\"wp-block-image size-large\"><img loading=\"lazy\" decoding=\"async\" width=\"1024\" height=\"576\" data-id=\"1246\" src=\"https:\/\/minedinterieurs.fr\/wp-content\/uploads\/2024\/05\/Cuisine-1-1024x576.png\" alt=\"\" class=\"wp-image-1246\" srcset=\"https:\/\/minedinterieurs.fr\/wp-content\/uploads\/2024\/05\/Cuisine-1-1024x576.png 1024w, https:\/\/minedinterieurs.fr\/wp-content\/uploads\/2024\/05\/Cuisine-1-300x169.png 300w, https:\/\/minedinterieurs.fr\/wp-content\/uploads\/2024\/05\/Cuisine-1-768x432.png 768w, https:\/\/minedinterieurs.fr\/wp-content\/uploads\/2024\/05\/Cuisine-1-1536x864.png 1536w, https:\/\/minedinterieurs.fr\/wp-content\/uploads\/2024\/05\/Cuisine-1-2048x1152.png 2048w\" sizes=\"auto, (max-width: 1024px) 100vw, 1024px\" \/><\/figure>\n\n\n\n<figure class=\"wp-block-image size-large\"><img loading=\"lazy\" decoding=\"async\" width=\"1024\" height=\"576\" data-id=\"1244\" src=\"https:\/\/minedinterieurs.fr\/wp-content\/uploads\/2024\/05\/Entree-2-1024x576.png\" alt=\"\" class=\"wp-image-1244\" srcset=\"https:\/\/minedinterieurs.fr\/wp-content\/uploads\/2024\/05\/Entree-2-1024x576.png 1024w, https:\/\/minedinterieurs.fr\/wp-content\/uploads\/2024\/05\/Entree-2-300x169.png 300w, https:\/\/minedinterieurs.fr\/wp-content\/uploads\/2024\/05\/Entree-2-768x432.png 768w, https:\/\/minedinterieurs.fr\/wp-content\/uploads\/2024\/05\/Entree-2-1536x864.png 1536w, https:\/\/minedinterieurs.fr\/wp-content\/uploads\/2024\/05\/Entree-2-2048x1152.png 2048w\" sizes=\"auto, (max-width: 1024px) 100vw, 1024px\" \/><\/figure>\n\n\n\n<figure class=\"wp-block-image size-large\"><img loading=\"lazy\" decoding=\"async\" width=\"1024\" height=\"576\" data-id=\"1242\" src=\"https:\/\/minedinterieurs.fr\/wp-content\/uploads\/2024\/05\/F2-1024x576.jpg\" alt=\"\" class=\"wp-image-1242\" srcset=\"https:\/\/minedinterieurs.fr\/wp-content\/uploads\/2024\/05\/F2-1024x576.jpg 1024w, https:\/\/minedinterieurs.fr\/wp-content\/uploads\/2024\/05\/F2-300x169.jpg 300w, https:\/\/minedinterieurs.fr\/wp-content\/uploads\/2024\/05\/F2-768x432.jpg 768w, https:\/\/minedinterieurs.fr\/wp-content\/uploads\/2024\/05\/F2-1536x864.jpg 1536w, https:\/\/minedinterieurs.fr\/wp-content\/uploads\/2024\/05\/F2-2048x1152.jpg 2048w\" sizes=\"auto, (max-width: 1024px) 100vw, 1024px\" \/><\/figure>\n\n\n\n<figure class=\"wp-block-image size-large\"><img loading=\"lazy\" decoding=\"async\" width=\"1024\" height=\"576\" data-id=\"1243\" src=\"https:\/\/minedinterieurs.fr\/wp-content\/uploads\/2024\/05\/Image-01-1024x576.png\" alt=\"\" class=\"wp-image-1243\" srcset=\"https:\/\/minedinterieurs.fr\/wp-content\/uploads\/2024\/05\/Image-01-1024x576.png 1024w, https:\/\/minedinterieurs.fr\/wp-content\/uploads\/2024\/05\/Image-01-300x169.png 300w, https:\/\/minedinterieurs.fr\/wp-content\/uploads\/2024\/05\/Image-01-768x432.png 768w, https:\/\/minedinterieurs.fr\/wp-content\/uploads\/2024\/05\/Image-01-1536x864.png 1536w, https:\/\/minedinterieurs.fr\/wp-content\/uploads\/2024\/05\/Image-01-2048x1152.png 2048w\" sizes=\"auto, (max-width: 1024px) 100vw, 1024px\" \/><\/figure>\n\n\n\n<figure class=\"wp-block-image size-large\"><img loading=\"lazy\" decoding=\"async\" width=\"1024\" height=\"576\" data-id=\"1245\" src=\"https:\/\/minedinterieurs.fr\/wp-content\/uploads\/2024\/05\/Image-01_001-1024x576.png\" alt=\"\" class=\"wp-image-1245\" srcset=\"https:\/\/minedinterieurs.fr\/wp-content\/uploads\/2024\/05\/Image-01_001-1024x576.png 1024w, https:\/\/minedinterieurs.fr\/wp-content\/uploads\/2024\/05\/Image-01_001-300x169.png 300w, https:\/\/minedinterieurs.fr\/wp-content\/uploads\/2024\/05\/Image-01_001-768x432.png 768w, https:\/\/minedinterieurs.fr\/wp-content\/uploads\/2024\/05\/Image-01_001-1536x864.png 1536w, https:\/\/minedinterieurs.fr\/wp-content\/uploads\/2024\/05\/Image-01_001-2048x1152.png 2048w\" sizes=\"auto, (max-width: 1024px) 100vw, 1024px\" \/><\/figure>\n\n\n\n<figure class=\"wp-block-image size-large\"><img loading=\"lazy\" decoding=\"async\" width=\"1024\" height=\"576\" data-id=\"1240\" src=\"https:\/\/minedinterieurs.fr\/wp-content\/uploads\/2024\/05\/salon-1-1024x576.jpg\" alt=\"\" class=\"wp-image-1240\" srcset=\"https:\/\/minedinterieurs.fr\/wp-content\/uploads\/2024\/05\/salon-1-1024x576.jpg 1024w, https:\/\/minedinterieurs.fr\/wp-content\/uploads\/2024\/05\/salon-1-300x169.jpg 300w, https:\/\/minedinterieurs.fr\/wp-content\/uploads\/2024\/05\/salon-1-768x432.jpg 768w, https:\/\/minedinterieurs.fr\/wp-content\/uploads\/2024\/05\/salon-1-1536x864.jpg 1536w, https:\/\/minedinterieurs.fr\/wp-content\/uploads\/2024\/05\/salon-1.jpg 1920w\" sizes=\"auto, (max-width: 1024px) 100vw, 1024px\" \/><\/figure>\n<\/figure>\n\n\n<div  id=\"jtg-1248\" class=\"modula modula-gallery modula-custom-grid\" data-config=\"{&quot;height&quot;:800,&quot;tabletHeight&quot;:800,&quot;mobileHeight&quot;:800,&quot;desktopHeight&quot;:800,&quot;enableTwitter&quot;:false,&quot;enableWhatsapp&quot;:false,&quot;enableFacebook&quot;:false,&quot;enablePinterest&quot;:false,&quot;enableLinkedin&quot;:false,&quot;enableEmail&quot;:false,&quot;randomFactor&quot;:0.5,&quot;type&quot;:&quot;custom-grid&quot;,&quot;columns&quot;:12,&quot;gutter&quot;:10,&quot;mobileGutter&quot;:10,&quot;tabletGutter&quot;:10,&quot;desktopGutter&quot;:10,&quot;enableResponsive&quot;:&quot;0&quot;,&quot;tabletColumns&quot;:2,&quot;mobileColumns&quot;:1,&quot;lazyLoad&quot;:0,&quot;lightboxOpts&quot;:{&quot;animated&quot;:true,&quot;Thumbs&quot;:{&quot;type&quot;:&quot;modern&quot;,&quot;showOnStart&quot;:false},&quot;Toolbar&quot;:{&quot;display&quot;:{&quot;right&quot;:[&quot;close&quot;]},&quot;enabled&quot;:true},&quot;Carousel&quot;:{&quot;Panzoom&quot;:{&quot;touch&quot;:true},&quot;infinite&quot;:false},&quot;keyboard&quot;:{&quot;Escape&quot;:&quot;close&quot;,&quot;Delete&quot;:&quot;close&quot;,&quot;Backspace&quot;:&quot;close&quot;,&quot;PageUp&quot;:false,&quot;PageDown&quot;:false,&quot;ArrowUp&quot;:false,&quot;ArrowDown&quot;:false,&quot;ArrowRight&quot;:false,&quot;ArrowLeft&quot;:false},&quot;touch&quot;:false,&quot;backdropClick&quot;:false,&quot;l10n&quot;:{&quot;CLOSE&quot;:&quot;Close&quot;,&quot;NEXT&quot;:&quot;Next&quot;,&quot;PREV&quot;:&quot;Previous&quot;,&quot;Error&quot;:&quot;The requested content cannot be loaded. Please try again later.&quot;,&quot;PLAY_START&quot;:&quot;Start slideshow&quot;,&quot;PLAY_STOP&quot;:&quot;Pause slideshow&quot;,&quot;FULL_SCREEN&quot;:&quot;Full screen&quot;,&quot;THUMBS&quot;:&quot;Thumbnails&quot;,&quot;DOWNLOAD&quot;:&quot;Download&quot;,&quot;SHARE&quot;:&quot;Share&quot;,&quot;ZOOM&quot;:&quot;Zoom&quot;,&quot;EMAIL&quot;:&quot;Here is the link to the image : %%image_link%% and this is the link to the gallery : %%gallery_link%%&quot;,&quot;MODAL&quot;:&quot;You can close this modal content with the ESC key&quot;,&quot;ERROR&quot;:&quot;Something Went Wrong, Please Try Again Later&quot;,&quot;IMAGE_ERROR&quot;:&quot;Image Not Found&quot;,&quot;ELEMENT_NOT_FOUND&quot;:&quot;HTML Element Not Found&quot;,&quot;AJAX_NOT_FOUND&quot;:&quot;Error Loading AJAX : Not Found&quot;,&quot;AJAX_FORBIDDEN&quot;:&quot;Error Loading AJAX : Forbidden&quot;,&quot;IFRAME_ERROR&quot;:&quot;Error Loading Page&quot;,&quot;TOGGLE_ZOOM&quot;:&quot;Toggle zoom level&quot;,&quot;TOGGLE_THUMBS&quot;:&quot;Toggle thumbnails&quot;,&quot;TOGGLE_SLIDESHOW&quot;:&quot;Toggle slideshow&quot;,&quot;TOGGLE_FULLSCREEN&quot;:&quot;Toggle full-screen mode&quot;},&quot;Images&quot;:{&quot;Panzoom&quot;:{&quot;maxScale&quot;:2}},&quot;mainClass&quot;:&quot;modula-fancybox-container modula-lightbox-jtg-1248&quot;,&quot;Html&quot;:{&quot;videoAutoplay&quot;:0,&quot;videoTpl&quot;:&quot;&lt;video class=\\&quot;fancybox__html5video\\&quot; controls muted playsinline controlsList controlsList=\\&quot;nodownload\\&quot; poster=\\&quot;{{poster}}\\&quot; src=\\&quot;{{src}}\\&quot; type=\\&quot;{{format}}\\&quot; &gt;  Sorry, your browser doesn&#039;t support embedded videos, &lt;a href=\\&quot;{{src}}\\&quot;&gt; download &lt;\\\/a&gt; and watch with your favorite video player! &lt;\\\/video&gt;&quot;}},&quot;inView&quot;:false,&quot;email_subject&quot;:&quot;Check out this awesome image !!&quot;,&quot;email_message&quot;:&quot;Here is the link to the image : %%image_link%% and this is the link to the gallery : %%gallery_link%%&quot;,&quot;lightbox&quot;:&quot;fancybox&quot;}\">\n\n\t\n\t<div  class=\"modula-items\">\n\t\t<div class=\"modula-item effect-pufrobo\" data-width=\"3\" data-height=\"5\" >\n\t<div class=\"modula-item-overlay\"><\/div>\n\n\t<div class=\"modula-item-content\">\n\n\t\t<a data-image-id=\"1249\" role=\"button\" tabindex=\"0\" rel=\"jtg-1248\" data-caption=\"\" aria-label=\"Open image in lightbox\" class=\"tile-inner modula-item-link\"><\/a><img loading=\"lazy\" decoding=\"async\" class=\"pic wp-image-1249\"  data-valign=\"middle\" data-halign=\"center\" alt=\"\" data-full=\"https:\/\/minedinterieurs.fr\/wp-content\/uploads\/2024\/05\/PLAN-VIERGE_1.jpg\" title=\"PLAN VIERGE_1\" crop=\"\" width=\"212\" height=\"300\" src=\"https:\/\/minedinterieurs.fr\/wp-content\/uploads\/2024\/05\/PLAN-VIERGE_1-212x300.jpg\" data-src=\"https:\/\/minedinterieurs.fr\/wp-content\/uploads\/2024\/05\/PLAN-VIERGE_1-212x300.jpg\" data-caption=\"\" srcset=\"https:\/\/minedinterieurs.fr\/wp-content\/uploads\/2024\/05\/PLAN-VIERGE_1.jpg 794w, https:\/\/minedinterieurs.fr\/wp-content\/uploads\/2024\/05\/PLAN-VIERGE_1-212x300.jpg 212w, https:\/\/minedinterieurs.fr\/wp-content\/uploads\/2024\/05\/PLAN-VIERGE_1-724x1024.jpg 724w, https:\/\/minedinterieurs.fr\/wp-content\/uploads\/2024\/05\/PLAN-VIERGE_1-768x1086.jpg 768w\" sizes=\"auto, (max-width: 212px) 100vw, 212px\" \/>\n\t\t<div class=\"figc no-description\">\n\t\t\t<div class=\"figc-inner\">\n\t\t\t\t\t\t\t\t\t\t\t\t\t\t\t<\/div>\n\t\t<\/div>\n\n\t<\/div>\n\n<\/div><div class=\"modula-item effect-pufrobo\" data-width=\"3\" data-height=\"5\" >\n\t<div class=\"modula-item-overlay\"><\/div>\n\n\t<div class=\"modula-item-content\">\n\n\t\t<a data-image-id=\"1250\" role=\"button\" tabindex=\"0\" rel=\"jtg-1248\" data-caption=\"\" aria-label=\"Open image in lightbox\" class=\"tile-inner modula-item-link\"><\/a><img loading=\"lazy\" decoding=\"async\" class=\"pic wp-image-1250\"  data-valign=\"middle\" data-halign=\"center\" alt=\"\" data-full=\"https:\/\/minedinterieurs.fr\/wp-content\/uploads\/2024\/05\/PLAN-PROJET_1-1.jpg\" title=\"PLAN PROJET_1\" crop=\"\" width=\"212\" height=\"300\" src=\"https:\/\/minedinterieurs.fr\/wp-content\/uploads\/2024\/05\/PLAN-PROJET_1-1-212x300.jpg\" data-src=\"https:\/\/minedinterieurs.fr\/wp-content\/uploads\/2024\/05\/PLAN-PROJET_1-1-212x300.jpg\" data-caption=\"\" srcset=\"https:\/\/minedinterieurs.fr\/wp-content\/uploads\/2024\/05\/PLAN-PROJET_1-1.jpg 794w, https:\/\/minedinterieurs.fr\/wp-content\/uploads\/2024\/05\/PLAN-PROJET_1-1-212x300.jpg 212w, https:\/\/minedinterieurs.fr\/wp-content\/uploads\/2024\/05\/PLAN-PROJET_1-1-724x1024.jpg 724w, https:\/\/minedinterieurs.fr\/wp-content\/uploads\/2024\/05\/PLAN-PROJET_1-1-768x1086.jpg 768w\" sizes=\"auto, (max-width: 212px) 100vw, 212px\" \/>\n\t\t<div class=\"figc no-description\">\n\t\t\t<div class=\"figc-inner\">\n\t\t\t\t\t\t\t\t\t\t\t\t\t\t\t<\/div>\n\t\t<\/div>\n\n\t<\/div>\n\n<\/div><div class=\"modula-item effect-pufrobo\" data-width=\"3\" data-height=\"4\" >\n\t<div class=\"modula-item-overlay\"><\/div>\n\n\t<div class=\"modula-item-content\">\n\n\t\t<a data-image-id=\"1251\" role=\"button\" tabindex=\"0\" rel=\"jtg-1248\" data-caption=\"\" aria-label=\"Open image in lightbox\" class=\"tile-inner modula-item-link\"><\/a><img loading=\"lazy\" decoding=\"async\" class=\"pic wp-image-1251\"  data-valign=\"middle\" data-halign=\"center\" alt=\"\" data-full=\"https:\/\/minedinterieurs.fr\/wp-content\/uploads\/2024\/05\/PLAN-STUDIO-VIERGE_1.jpg\" title=\"PLAN STUDIO VIERGE_1\" crop=\"\" width=\"212\" height=\"300\" src=\"https:\/\/minedinterieurs.fr\/wp-content\/uploads\/2024\/05\/PLAN-STUDIO-VIERGE_1-212x300.jpg\" data-src=\"https:\/\/minedinterieurs.fr\/wp-content\/uploads\/2024\/05\/PLAN-STUDIO-VIERGE_1-212x300.jpg\" data-caption=\"\" srcset=\"https:\/\/minedinterieurs.fr\/wp-content\/uploads\/2024\/05\/PLAN-STUDIO-VIERGE_1.jpg 794w, https:\/\/minedinterieurs.fr\/wp-content\/uploads\/2024\/05\/PLAN-STUDIO-VIERGE_1-212x300.jpg 212w, https:\/\/minedinterieurs.fr\/wp-content\/uploads\/2024\/05\/PLAN-STUDIO-VIERGE_1-724x1024.jpg 724w, https:\/\/minedinterieurs.fr\/wp-content\/uploads\/2024\/05\/PLAN-STUDIO-VIERGE_1-768x1086.jpg 768w\" sizes=\"auto, (max-width: 212px) 100vw, 212px\" \/>\n\t\t<div class=\"figc no-description\">\n\t\t\t<div class=\"figc-inner\">\n\t\t\t\t\t\t\t\t\t\t\t\t\t\t\t<\/div>\n\t\t<\/div>\n\n\t<\/div>\n\n<\/div><div class=\"modula-item effect-pufrobo\" data-width=\"3\" data-height=\"4\" >\n\t<div class=\"modula-item-overlay\"><\/div>\n\n\t<div class=\"modula-item-content\">\n\n\t\t<a data-image-id=\"1252\" role=\"button\" tabindex=\"0\" rel=\"jtg-1248\" data-caption=\"\" aria-label=\"Open image in lightbox\" class=\"tile-inner modula-item-link\"><\/a><img loading=\"lazy\" decoding=\"async\" class=\"pic wp-image-1252\"  data-valign=\"middle\" data-halign=\"center\" alt=\"\" data-full=\"https:\/\/minedinterieurs.fr\/wp-content\/uploads\/2024\/05\/PLAN-STUDIO-PROJET_1.jpg\" title=\"PLAN STUDIO PROJET_1\" crop=\"\" width=\"212\" height=\"300\" src=\"https:\/\/minedinterieurs.fr\/wp-content\/uploads\/2024\/05\/PLAN-STUDIO-PROJET_1-212x300.jpg\" data-src=\"https:\/\/minedinterieurs.fr\/wp-content\/uploads\/2024\/05\/PLAN-STUDIO-PROJET_1-212x300.jpg\" data-caption=\"\" srcset=\"https:\/\/minedinterieurs.fr\/wp-content\/uploads\/2024\/05\/PLAN-STUDIO-PROJET_1.jpg 794w, https:\/\/minedinterieurs.fr\/wp-content\/uploads\/2024\/05\/PLAN-STUDIO-PROJET_1-212x300.jpg 212w, https:\/\/minedinterieurs.fr\/wp-content\/uploads\/2024\/05\/PLAN-STUDIO-PROJET_1-724x1024.jpg 724w, https:\/\/minedinterieurs.fr\/wp-content\/uploads\/2024\/05\/PLAN-STUDIO-PROJET_1-768x1086.jpg 768w\" sizes=\"auto, (max-width: 212px) 100vw, 212px\" \/>\n\t\t<div class=\"figc no-description\">\n\t\t\t<div class=\"figc-inner\">\n\t\t\t\t\t\t\t\t\t\t\t\t\t\t\t<\/div>\n\t\t<\/div>\n\n\t<\/div>\n\n<\/div>\t\t\n\t<\/div>\n\n\t\n\t\n\t<script type=\"application\/ld+json\">\n\t{\n\t\t\"@context\": \"http:\/\/schema.org\",\n\t\t\"@type\"   : \"ImageGallery\",\n\t\t\"id\"      : \"https:\/\/minedinterieurs.fr\/?page_id=1237\/\",\n\t\t\"url\"     : \"https:\/\/minedinterieurs.fr\/?page_id=1237\/\"\n\t}\n\n\t<\/script>\n\n\t\n<\/div>\n","protected":false},"excerpt":{"rendered":"<p>NATURE DU PROJET : R\u00e9novation compl\u00e8te d&rsquo;un appartement familial et am\u00e9nagement d&rsquo;un T2 SURFACE : 115 et 33 m\u00b2 D\u00c9TAIL DES PRESTATIONS : \u2022 Relev\u00e9 de cotes \u2022 Planche d\u2019ambiances \u2022 Plan d\u2019am\u00e9nagement \u2022 Mod\u00e9lisation et rendu 3D \u2022 Plans techniques \u2022 Agencement \u2022 Shopping liste mobilier et luminaires<\/p>\n","protected":false},"author":1,"featured_media":0,"parent":0,"menu_order":0,"comment_status":"closed","ping_status":"closed","template":"","meta":{"footnotes":""},"class_list":["post-1237","page","type-page","status-publish","hentry"],"_links":{"self":[{"href":"https:\/\/minedinterieurs.fr\/index.php?rest_route=\/wp\/v2\/pages\/1237","targetHints":{"allow":["GET"]}}],"collection":[{"href":"https:\/\/minedinterieurs.fr\/index.php?rest_route=\/wp\/v2\/pages"}],"about":[{"href":"https:\/\/minedinterieurs.fr\/index.php?rest_route=\/wp\/v2\/types\/page"}],"author":[{"embeddable":true,"href":"https:\/\/minedinterieurs.fr\/index.php?rest_route=\/wp\/v2\/users\/1"}],"replies":[{"embeddable":true,"href":"https:\/\/minedinterieurs.fr\/index.php?rest_route=%2Fwp%2Fv2%2Fcomments&post=1237"}],"version-history":[{"count":3,"href":"https:\/\/minedinterieurs.fr\/index.php?rest_route=\/wp\/v2\/pages\/1237\/revisions"}],"predecessor-version":[{"id":1254,"href":"https:\/\/minedinterieurs.fr\/index.php?rest_route=\/wp\/v2\/pages\/1237\/revisions\/1254"}],"wp:attachment":[{"href":"https:\/\/minedinterieurs.fr\/index.php?rest_route=%2Fwp%2Fv2%2Fmedia&parent=1237"}],"curies":[{"name":"wp","href":"https:\/\/api.w.org\/{rel}","templated":true}]}}