{"id":1160,"date":"2024-03-06T14:33:12","date_gmt":"2024-03-06T14:33:12","guid":{"rendered":"https:\/\/minedinterieurs.fr\/?page_id=1160"},"modified":"2024-05-17T11:02:07","modified_gmt":"2024-05-17T11:02:07","slug":"st-joseph-de-porterie-dogwash","status":"publish","type":"page","link":"https:\/\/minedinterieurs.fr\/?page_id=1160","title":{"rendered":"NANTES, Dogwash"},"content":{"rendered":"\n<figure class=\"wp-block-gallery has-nested-images columns-default is-cropped wp-block-gallery-1 is-layout-flex wp-block-gallery-is-layout-flex\">\n<figure class=\"wp-block-image size-large\"><img loading=\"lazy\" decoding=\"async\" width=\"795\" height=\"1024\" data-id=\"1161\" src=\"https:\/\/minedinterieurs.fr\/wp-content\/uploads\/2024\/03\/IMG_0212-795x1024.jpg\" alt=\"\" class=\"wp-image-1161\" srcset=\"https:\/\/minedinterieurs.fr\/wp-content\/uploads\/2024\/03\/IMG_0212-795x1024.jpg 795w, https:\/\/minedinterieurs.fr\/wp-content\/uploads\/2024\/03\/IMG_0212-233x300.jpg 233w, https:\/\/minedinterieurs.fr\/wp-content\/uploads\/2024\/03\/IMG_0212-768x989.jpg 768w, https:\/\/minedinterieurs.fr\/wp-content\/uploads\/2024\/03\/IMG_0212-1193x1536.jpg 1193w, https:\/\/minedinterieurs.fr\/wp-content\/uploads\/2024\/03\/IMG_0212-1591x2048.jpg 1591w, https:\/\/minedinterieurs.fr\/wp-content\/uploads\/2024\/03\/IMG_0212-scaled.jpg 1988w\" sizes=\"auto, (max-width: 795px) 100vw, 795px\" \/><\/figure>\n\n\n\n<figure class=\"wp-block-image size-large\"><img loading=\"lazy\" decoding=\"async\" width=\"683\" height=\"1024\" data-id=\"1162\" src=\"https:\/\/minedinterieurs.fr\/wp-content\/uploads\/2024\/03\/IMG_0250-683x1024.jpg\" alt=\"\" class=\"wp-image-1162\" srcset=\"https:\/\/minedinterieurs.fr\/wp-content\/uploads\/2024\/03\/IMG_0250-683x1024.jpg 683w, https:\/\/minedinterieurs.fr\/wp-content\/uploads\/2024\/03\/IMG_0250-200x300.jpg 200w, https:\/\/minedinterieurs.fr\/wp-content\/uploads\/2024\/03\/IMG_0250-768x1152.jpg 768w, https:\/\/minedinterieurs.fr\/wp-content\/uploads\/2024\/03\/IMG_0250-1024x1536.jpg 1024w, https:\/\/minedinterieurs.fr\/wp-content\/uploads\/2024\/03\/IMG_0250-1365x2048.jpg 1365w, https:\/\/minedinterieurs.fr\/wp-content\/uploads\/2024\/03\/IMG_0250-scaled.jpg 1707w\" sizes=\"auto, (max-width: 683px) 100vw, 683px\" \/><\/figure>\n<\/figure>\n\n\n\n<p><strong>NATURE DU PROJET :<\/strong> Boutiques de produits bien-\u00eatre pour chiens et chats <\/p>\n\n\n\n<p><strong>SURFACE <\/strong>: 70 m\u00b2<\/p>\n\n\n\n<p><strong>DETAIL DES PRESTATIONS :<\/strong> <\/p>\n\n\n\n<ul class=\"wp-block-list\">\n<li>Relev\u00e9 de cotes<\/li>\n\n\n\n<li>Planche d&rsquo;ambiances<\/li>\n\n\n\n<li>Plan d&rsquo;am\u00e9nagement <\/li>\n\n\n\n<li>Mod\u00e9lisation et rendu 3D<\/li>\n\n\n\n<li>Plans techniques<\/li>\n\n\n\n<li>Agencement : cr\u00e9ation d&rsquo;un parcours pour le soin du chien \u00ab\u00a0dogwash\u00a0\u00bb<\/li>\n\n\n\n<li>Dossiers administratifs : d\u00e9claration pr\u00e9alable fa\u00e7ade et enseigne<\/li>\n<\/ul>\n\n\n\n<p>Un projet en collaboration avec <strong>N2design<\/strong><\/p>\n\n\n\n<figure class=\"wp-block-gallery has-nested-images columns-default is-cropped wp-block-gallery-2 is-layout-flex wp-block-gallery-is-layout-flex\">\n<figure class=\"wp-block-image size-large\"><img loading=\"lazy\" decoding=\"async\" width=\"683\" height=\"1024\" data-id=\"1163\" src=\"https:\/\/minedinterieurs.fr\/wp-content\/uploads\/2024\/03\/IMG_0228-683x1024.jpg\" alt=\"\" class=\"wp-image-1163\" srcset=\"https:\/\/minedinterieurs.fr\/wp-content\/uploads\/2024\/03\/IMG_0228-683x1024.jpg 683w, https:\/\/minedinterieurs.fr\/wp-content\/uploads\/2024\/03\/IMG_0228-200x300.jpg 200w, https:\/\/minedinterieurs.fr\/wp-content\/uploads\/2024\/03\/IMG_0228-768x1152.jpg 768w, https:\/\/minedinterieurs.fr\/wp-content\/uploads\/2024\/03\/IMG_0228-1024x1536.jpg 1024w, https:\/\/minedinterieurs.fr\/wp-content\/uploads\/2024\/03\/IMG_0228-1365x2048.jpg 1365w, https:\/\/minedinterieurs.fr\/wp-content\/uploads\/2024\/03\/IMG_0228-scaled.jpg 1707w\" sizes=\"auto, (max-width: 683px) 100vw, 683px\" \/><\/figure>\n\n\n\n<figure class=\"wp-block-image size-large\"><img loading=\"lazy\" decoding=\"async\" width=\"751\" height=\"1024\" data-id=\"1164\" src=\"https:\/\/minedinterieurs.fr\/wp-content\/uploads\/2024\/03\/IMG_0247-751x1024.jpg\" alt=\"\" class=\"wp-image-1164\" srcset=\"https:\/\/minedinterieurs.fr\/wp-content\/uploads\/2024\/03\/IMG_0247-751x1024.jpg 751w, https:\/\/minedinterieurs.fr\/wp-content\/uploads\/2024\/03\/IMG_0247-220x300.jpg 220w, https:\/\/minedinterieurs.fr\/wp-content\/uploads\/2024\/03\/IMG_0247-768x1047.jpg 768w, https:\/\/minedinterieurs.fr\/wp-content\/uploads\/2024\/03\/IMG_0247-1127x1536.jpg 1127w, https:\/\/minedinterieurs.fr\/wp-content\/uploads\/2024\/03\/IMG_0247-1502x2048.jpg 1502w, https:\/\/minedinterieurs.fr\/wp-content\/uploads\/2024\/03\/IMG_0247-scaled.jpg 1878w\" sizes=\"auto, (max-width: 751px) 100vw, 751px\" \/><\/figure>\n<\/figure>\n\n\n\n<figure class=\"wp-block-gallery has-nested-images columns-default is-cropped wp-block-gallery-3 is-layout-flex wp-block-gallery-is-layout-flex\">\n<figure class=\"wp-block-image size-large\"><img loading=\"lazy\" decoding=\"async\" width=\"1024\" height=\"854\" data-id=\"1165\" src=\"https:\/\/minedinterieurs.fr\/wp-content\/uploads\/2024\/03\/IMG_0230-1024x854.jpg\" alt=\"\" class=\"wp-image-1165\" srcset=\"https:\/\/minedinterieurs.fr\/wp-content\/uploads\/2024\/03\/IMG_0230-1024x854.jpg 1024w, https:\/\/minedinterieurs.fr\/wp-content\/uploads\/2024\/03\/IMG_0230-300x250.jpg 300w, https:\/\/minedinterieurs.fr\/wp-content\/uploads\/2024\/03\/IMG_0230-768x641.jpg 768w, https:\/\/minedinterieurs.fr\/wp-content\/uploads\/2024\/03\/IMG_0230-1536x1281.jpg 1536w, https:\/\/minedinterieurs.fr\/wp-content\/uploads\/2024\/03\/IMG_0230-2048x1708.jpg 2048w\" sizes=\"auto, (max-width: 1024px) 100vw, 1024px\" \/><\/figure>\n\n\n\n<figure class=\"wp-block-image size-full\"><img loading=\"lazy\" decoding=\"async\" width=\"809\" height=\"806\" data-id=\"1168\" src=\"https:\/\/minedinterieurs.fr\/wp-content\/uploads\/2024\/03\/2023-02-13-11_18_12-Matt-Compagnie-@mattetcompagnie-\u2022-Photos-et-videos-Instagram-\u2014-Mozilla-Firef.png\" alt=\"\" class=\"wp-image-1168\" srcset=\"https:\/\/minedinterieurs.fr\/wp-content\/uploads\/2024\/03\/2023-02-13-11_18_12-Matt-Compagnie-@mattetcompagnie-\u2022-Photos-et-videos-Instagram-\u2014-Mozilla-Firef.png 809w, https:\/\/minedinterieurs.fr\/wp-content\/uploads\/2024\/03\/2023-02-13-11_18_12-Matt-Compagnie-@mattetcompagnie-\u2022-Photos-et-videos-Instagram-\u2014-Mozilla-Firef-300x300.png 300w, https:\/\/minedinterieurs.fr\/wp-content\/uploads\/2024\/03\/2023-02-13-11_18_12-Matt-Compagnie-@mattetcompagnie-\u2022-Photos-et-videos-Instagram-\u2014-Mozilla-Firef-150x150.png 150w, https:\/\/minedinterieurs.fr\/wp-content\/uploads\/2024\/03\/2023-02-13-11_18_12-Matt-Compagnie-@mattetcompagnie-\u2022-Photos-et-videos-Instagram-\u2014-Mozilla-Firef-768x765.png 768w\" sizes=\"auto, (max-width: 809px) 100vw, 809px\" \/><\/figure>\n<\/figure>\n\n\n\n<figure class=\"wp-block-gallery has-nested-images columns-default is-cropped wp-block-gallery-4 is-layout-flex wp-block-gallery-is-layout-flex\">\n<figure class=\"wp-block-image size-large\"><img loading=\"lazy\" decoding=\"async\" width=\"1024\" height=\"576\" data-id=\"1169\" src=\"https:\/\/minedinterieurs.fr\/wp-content\/uploads\/2024\/03\/03_dogwash-1024x576.jpg\" alt=\"\" class=\"wp-image-1169\" srcset=\"https:\/\/minedinterieurs.fr\/wp-content\/uploads\/2024\/03\/03_dogwash-1024x576.jpg 1024w, https:\/\/minedinterieurs.fr\/wp-content\/uploads\/2024\/03\/03_dogwash-300x169.jpg 300w, https:\/\/minedinterieurs.fr\/wp-content\/uploads\/2024\/03\/03_dogwash-768x432.jpg 768w, https:\/\/minedinterieurs.fr\/wp-content\/uploads\/2024\/03\/03_dogwash-1536x864.jpg 1536w, https:\/\/minedinterieurs.fr\/wp-content\/uploads\/2024\/03\/03_dogwash-2048x1152.jpg 2048w\" sizes=\"auto, (max-width: 1024px) 100vw, 1024px\" \/><\/figure>\n\n\n\n<figure class=\"wp-block-image size-large\"><img loading=\"lazy\" decoding=\"async\" width=\"1024\" height=\"576\" data-id=\"1170\" src=\"https:\/\/minedinterieurs.fr\/wp-content\/uploads\/2024\/03\/04_boutique-1024x576.jpg\" alt=\"\" class=\"wp-image-1170\" srcset=\"https:\/\/minedinterieurs.fr\/wp-content\/uploads\/2024\/03\/04_boutique-1024x576.jpg 1024w, https:\/\/minedinterieurs.fr\/wp-content\/uploads\/2024\/03\/04_boutique-300x169.jpg 300w, https:\/\/minedinterieurs.fr\/wp-content\/uploads\/2024\/03\/04_boutique-768x432.jpg 768w, https:\/\/minedinterieurs.fr\/wp-content\/uploads\/2024\/03\/04_boutique-1536x864.jpg 1536w, https:\/\/minedinterieurs.fr\/wp-content\/uploads\/2024\/03\/04_boutique-2048x1152.jpg 2048w\" sizes=\"auto, (max-width: 1024px) 100vw, 1024px\" \/><\/figure>\n<\/figure>\n\n\n<div  id=\"jtg-1228\" class=\"modula modula-gallery modula-custom-grid\" data-config=\"{&quot;height&quot;:800,&quot;tabletHeight&quot;:800,&quot;mobileHeight&quot;:800,&quot;desktopHeight&quot;:800,&quot;enableTwitter&quot;:false,&quot;enableWhatsapp&quot;:false,&quot;enableFacebook&quot;:false,&quot;enablePinterest&quot;:false,&quot;enableLinkedin&quot;:false,&quot;enableEmail&quot;:false,&quot;randomFactor&quot;:0.5,&quot;type&quot;:&quot;custom-grid&quot;,&quot;columns&quot;:12,&quot;gutter&quot;:10,&quot;mobileGutter&quot;:10,&quot;tabletGutter&quot;:10,&quot;desktopGutter&quot;:10,&quot;enableResponsive&quot;:&quot;0&quot;,&quot;tabletColumns&quot;:2,&quot;mobileColumns&quot;:1,&quot;lazyLoad&quot;:0,&quot;lightboxOpts&quot;:{&quot;animated&quot;:true,&quot;Thumbs&quot;:{&quot;type&quot;:&quot;modern&quot;,&quot;showOnStart&quot;:false},&quot;Toolbar&quot;:{&quot;display&quot;:{&quot;right&quot;:[&quot;close&quot;]},&quot;enabled&quot;:true},&quot;Carousel&quot;:{&quot;Panzoom&quot;:{&quot;touch&quot;:true},&quot;infinite&quot;:false},&quot;keyboard&quot;:{&quot;Escape&quot;:&quot;close&quot;,&quot;Delete&quot;:&quot;close&quot;,&quot;Backspace&quot;:&quot;close&quot;,&quot;PageUp&quot;:false,&quot;PageDown&quot;:false,&quot;ArrowUp&quot;:false,&quot;ArrowDown&quot;:false,&quot;ArrowRight&quot;:false,&quot;ArrowLeft&quot;:false},&quot;touch&quot;:false,&quot;backdropClick&quot;:false,&quot;l10n&quot;:{&quot;CLOSE&quot;:&quot;Close&quot;,&quot;NEXT&quot;:&quot;Next&quot;,&quot;PREV&quot;:&quot;Previous&quot;,&quot;Error&quot;:&quot;The requested content cannot be loaded. Please try again later.&quot;,&quot;PLAY_START&quot;:&quot;Start slideshow&quot;,&quot;PLAY_STOP&quot;:&quot;Pause slideshow&quot;,&quot;FULL_SCREEN&quot;:&quot;Full screen&quot;,&quot;THUMBS&quot;:&quot;Thumbnails&quot;,&quot;DOWNLOAD&quot;:&quot;Download&quot;,&quot;SHARE&quot;:&quot;Share&quot;,&quot;ZOOM&quot;:&quot;Zoom&quot;,&quot;EMAIL&quot;:&quot;Here is the link to the image : %%image_link%% and this is the link to the gallery : %%gallery_link%%&quot;,&quot;MODAL&quot;:&quot;You can close this modal content with the ESC key&quot;,&quot;ERROR&quot;:&quot;Something Went Wrong, Please Try Again Later&quot;,&quot;IMAGE_ERROR&quot;:&quot;Image Not Found&quot;,&quot;ELEMENT_NOT_FOUND&quot;:&quot;HTML Element Not Found&quot;,&quot;AJAX_NOT_FOUND&quot;:&quot;Error Loading AJAX : Not Found&quot;,&quot;AJAX_FORBIDDEN&quot;:&quot;Error Loading AJAX : Forbidden&quot;,&quot;IFRAME_ERROR&quot;:&quot;Error Loading Page&quot;,&quot;TOGGLE_ZOOM&quot;:&quot;Toggle zoom level&quot;,&quot;TOGGLE_THUMBS&quot;:&quot;Toggle thumbnails&quot;,&quot;TOGGLE_SLIDESHOW&quot;:&quot;Toggle slideshow&quot;,&quot;TOGGLE_FULLSCREEN&quot;:&quot;Toggle full-screen mode&quot;},&quot;Images&quot;:{&quot;Panzoom&quot;:{&quot;maxScale&quot;:2}},&quot;mainClass&quot;:&quot;modula-fancybox-container modula-lightbox-jtg-1228&quot;,&quot;Html&quot;:{&quot;videoAutoplay&quot;:0,&quot;videoTpl&quot;:&quot;&lt;video class=\\&quot;fancybox__html5video\\&quot; controls muted playsinline controlsList controlsList=\\&quot;nodownload\\&quot; poster=\\&quot;{{poster}}\\&quot; src=\\&quot;{{src}}\\&quot; type=\\&quot;{{format}}\\&quot; &gt;  Sorry, your browser doesn&#039;t support embedded videos, &lt;a href=\\&quot;{{src}}\\&quot;&gt; download &lt;\\\/a&gt; and watch with your favorite video player! &lt;\\\/video&gt;&quot;}},&quot;inView&quot;:false,&quot;email_subject&quot;:&quot;Check out this awesome image !!&quot;,&quot;email_message&quot;:&quot;Here is the link to the image : %%image_link%% and this is the link to the gallery : %%gallery_link%%&quot;,&quot;lightbox&quot;:&quot;fancybox&quot;}\">\n\n\t\n\t<div  class=\"modula-items\">\n\t\t<div class=\"modula-item effect-pufrobo\" data-width=\"4\" data-height=\"3\" >\n\t<div class=\"modula-item-overlay\"><\/div>\n\n\t<div class=\"modula-item-content\">\n\n\t\t<a data-image-id=\"1229\" role=\"button\" tabindex=\"0\" rel=\"jtg-1228\" data-caption=\"\" aria-label=\"Open image in lightbox\" class=\"tile-inner modula-item-link\"><\/a><img loading=\"lazy\" decoding=\"async\" class=\"pic wp-image-1229\"  data-valign=\"middle\" data-halign=\"center\" alt=\"\" data-full=\"https:\/\/minedinterieurs.fr\/wp-content\/uploads\/2024\/05\/2023-01-12-16_56_10-Matt-Compagnie-@mattetcompagnie-\u2022-Photos-et-videos-Instagram-\u2014-Mozilla-Firef.png\" title=\"2023-01-12 16_56_10-Matt &amp; Compagnie (@mattetcompagnie) \u2022 Photos et vid\u00e9os Instagram \u2014 Mozilla Firef\" crop=\"\" width=\"225\" height=\"300\" src=\"https:\/\/minedinterieurs.fr\/wp-content\/uploads\/2024\/05\/2023-01-12-16_56_10-Matt-Compagnie-@mattetcompagnie-\u2022-Photos-et-videos-Instagram-\u2014-Mozilla-Firef-225x300.png\" data-src=\"https:\/\/minedinterieurs.fr\/wp-content\/uploads\/2024\/05\/2023-01-12-16_56_10-Matt-Compagnie-@mattetcompagnie-\u2022-Photos-et-videos-Instagram-\u2014-Mozilla-Firef-225x300.png\" data-caption=\"\" srcset=\"https:\/\/minedinterieurs.fr\/wp-content\/uploads\/2024\/05\/2023-01-12-16_56_10-Matt-Compagnie-@mattetcompagnie-\u2022-Photos-et-videos-Instagram-\u2014-Mozilla-Firef.png 603w, https:\/\/minedinterieurs.fr\/wp-content\/uploads\/2024\/05\/2023-01-12-16_56_10-Matt-Compagnie-@mattetcompagnie-\u2022-Photos-et-videos-Instagram-\u2014-Mozilla-Firef-225x300.png 225w\" sizes=\"auto, (max-width: 225px) 100vw, 225px\" \/>\n\t\t<div class=\"figc no-description\">\n\t\t\t<div class=\"figc-inner\">\n\t\t\t\t\t\t\t\t\t\t\t\t\t\t\t<\/div>\n\t\t<\/div>\n\n\t<\/div>\n\n<\/div><div class=\"modula-item effect-pufrobo\" data-width=\"3\" data-height=\"3\" >\n\t<div class=\"modula-item-overlay\"><\/div>\n\n\t<div class=\"modula-item-content\">\n\n\t\t<a data-image-id=\"1230\" role=\"button\" tabindex=\"0\" rel=\"jtg-1228\" data-caption=\"\" aria-label=\"Open image in lightbox\" class=\"tile-inner modula-item-link\"><\/a><img loading=\"lazy\" decoding=\"async\" class=\"pic wp-image-1230\"  data-valign=\"middle\" data-halign=\"center\" alt=\"\" data-full=\"https:\/\/minedinterieurs.fr\/wp-content\/uploads\/2024\/05\/278980967_529989375183535_2030948177767329322_n.jpg\" title=\"278980967_529989375183535_2030948177767329322_n\" crop=\"\" width=\"300\" height=\"300\" src=\"https:\/\/minedinterieurs.fr\/wp-content\/uploads\/2024\/05\/278980967_529989375183535_2030948177767329322_n-300x300.jpg\" data-src=\"https:\/\/minedinterieurs.fr\/wp-content\/uploads\/2024\/05\/278980967_529989375183535_2030948177767329322_n-300x300.jpg\" data-caption=\"\" srcset=\"https:\/\/minedinterieurs.fr\/wp-content\/uploads\/2024\/05\/278980967_529989375183535_2030948177767329322_n.jpg 1728w, https:\/\/minedinterieurs.fr\/wp-content\/uploads\/2024\/05\/278980967_529989375183535_2030948177767329322_n-300x300.jpg 300w, https:\/\/minedinterieurs.fr\/wp-content\/uploads\/2024\/05\/278980967_529989375183535_2030948177767329322_n-1019x1024.jpg 1019w, https:\/\/minedinterieurs.fr\/wp-content\/uploads\/2024\/05\/278980967_529989375183535_2030948177767329322_n-150x150.jpg 150w, https:\/\/minedinterieurs.fr\/wp-content\/uploads\/2024\/05\/278980967_529989375183535_2030948177767329322_n-1529x1536.jpg 1529w\" sizes=\"auto, (max-width: 300px) 100vw, 300px\" \/>\n\t\t<div class=\"figc no-description\">\n\t\t\t<div class=\"figc-inner\">\n\t\t\t\t\t\t\t\t\t\t\t\t\t\t\t<\/div>\n\t\t<\/div>\n\n\t<\/div>\n\n<\/div><div class=\"modula-item effect-pufrobo\" data-width=\"5\" data-height=\"3\" >\n\t<div class=\"modula-item-overlay\"><\/div>\n\n\t<div class=\"modula-item-content\">\n\n\t\t<a data-image-id=\"1231\" role=\"button\" tabindex=\"0\" rel=\"jtg-1228\" data-caption=\"\" aria-label=\"Open image in lightbox\" class=\"tile-inner modula-item-link\"><\/a><img loading=\"lazy\" decoding=\"async\" class=\"pic wp-image-1231\"  data-valign=\"middle\" data-halign=\"center\" alt=\"\" data-full=\"https:\/\/minedinterieurs.fr\/wp-content\/uploads\/2024\/05\/chantier.png\" title=\"chantier\" crop=\"\" width=\"214\" height=\"300\" src=\"https:\/\/minedinterieurs.fr\/wp-content\/uploads\/2024\/05\/chantier-214x300.png\" data-src=\"https:\/\/minedinterieurs.fr\/wp-content\/uploads\/2024\/05\/chantier-214x300.png\" data-caption=\"\" srcset=\"https:\/\/minedinterieurs.fr\/wp-content\/uploads\/2024\/05\/chantier.png 569w, https:\/\/minedinterieurs.fr\/wp-content\/uploads\/2024\/05\/chantier-214x300.png 214w\" sizes=\"auto, (max-width: 214px) 100vw, 214px\" \/>\n\t\t<div class=\"figc no-description\">\n\t\t\t<div class=\"figc-inner\">\n\t\t\t\t\t\t\t\t\t\t\t\t\t\t\t<\/div>\n\t\t<\/div>\n\n\t<\/div>\n\n<\/div><div class=\"modula-item effect-pufrobo\" data-width=\"6\" data-height=\"4\" >\n\t<div class=\"modula-item-overlay\"><\/div>\n\n\t<div class=\"modula-item-content\">\n\n\t\t<a data-image-id=\"1339\" role=\"button\" tabindex=\"0\" rel=\"jtg-1228\" data-caption=\"\" aria-label=\"Open image in lightbox\" class=\"tile-inner modula-item-link\"><\/a><img loading=\"lazy\" decoding=\"async\" class=\"pic wp-image-1339\"  data-valign=\"middle\" data-halign=\"center\" alt=\"\" data-full=\"https:\/\/minedinterieurs.fr\/wp-content\/uploads\/2024\/05\/moodboard_1.jpg\" title=\"moodboard_1\" crop=\"\" width=\"300\" height=\"225\" src=\"https:\/\/minedinterieurs.fr\/wp-content\/uploads\/2024\/05\/moodboard_1-300x225.jpg\" data-src=\"https:\/\/minedinterieurs.fr\/wp-content\/uploads\/2024\/05\/moodboard_1-300x225.jpg\" data-caption=\"\" srcset=\"https:\/\/minedinterieurs.fr\/wp-content\/uploads\/2024\/05\/moodboard_1.jpg 1344w, https:\/\/minedinterieurs.fr\/wp-content\/uploads\/2024\/05\/moodboard_1-300x225.jpg 300w, https:\/\/minedinterieurs.fr\/wp-content\/uploads\/2024\/05\/moodboard_1-1024x768.jpg 1024w, https:\/\/minedinterieurs.fr\/wp-content\/uploads\/2024\/05\/moodboard_1-768x576.jpg 768w\" sizes=\"auto, (max-width: 300px) 100vw, 300px\" \/>\n\t\t<div class=\"figc no-description\">\n\t\t\t<div class=\"figc-inner\">\n\t\t\t\t\t\t\t\t\t\t\t\t\t\t\t<\/div>\n\t\t<\/div>\n\n\t<\/div>\n\n<\/div>\t\t\n\t<\/div>\n\n\t\n\t\n\t<script type=\"application\/ld+json\">\n\t{\n\t\t\"@context\": \"http:\/\/schema.org\",\n\t\t\"@type\"   : \"ImageGallery\",\n\t\t\"id\"      : \"https:\/\/minedinterieurs.fr\/?page_id=1160\/\",\n\t\t\"url\"     : \"https:\/\/minedinterieurs.fr\/?page_id=1160\/\"\n\t}\n\n\t<\/script>\n\n\t\n<\/div>\n","protected":false},"excerpt":{"rendered":"<p>NATURE DU PROJET : Boutiques de produits bien-\u00eatre pour chiens et chats SURFACE : 70 m\u00b2 DETAIL DES PRESTATIONS : Un projet en collaboration avec N2design<\/p>\n","protected":false},"author":1,"featured_media":0,"parent":0,"menu_order":0,"comment_status":"closed","ping_status":"closed","template":"","meta":{"footnotes":""},"class_list":["post-1160","page","type-page","status-publish","hentry"],"_links":{"self":[{"href":"https:\/\/minedinterieurs.fr\/index.php?rest_route=\/wp\/v2\/pages\/1160","targetHints":{"allow":["GET"]}}],"collection":[{"href":"https:\/\/minedinterieurs.fr\/index.php?rest_route=\/wp\/v2\/pages"}],"about":[{"href":"https:\/\/minedinterieurs.fr\/index.php?rest_route=\/wp\/v2\/types\/page"}],"author":[{"embeddable":true,"href":"https:\/\/minedinterieurs.fr\/index.php?rest_route=\/wp\/v2\/users\/1"}],"replies":[{"embeddable":true,"href":"https:\/\/minedinterieurs.fr\/index.php?rest_route=%2Fwp%2Fv2%2Fcomments&post=1160"}],"version-history":[{"count":6,"href":"https:\/\/minedinterieurs.fr\/index.php?rest_route=\/wp\/v2\/pages\/1160\/revisions"}],"predecessor-version":[{"id":1340,"href":"https:\/\/minedinterieurs.fr\/index.php?rest_route=\/wp\/v2\/pages\/1160\/revisions\/1340"}],"wp:attachment":[{"href":"https:\/\/minedinterieurs.fr\/index.php?rest_route=%2Fwp%2Fv2%2Fmedia&parent=1160"}],"curies":[{"name":"wp","href":"https:\/\/api.w.org\/{rel}","templated":true}]}}