{"id":1101,"date":"2022-01-19T14:36:08","date_gmt":"2022-01-19T14:36:08","guid":{"rendered":"https:\/\/minedinterieurs.fr\/?page_id=1101"},"modified":"2022-01-19T14:36:10","modified_gmt":"2022-01-19T14:36:10","slug":"basse-goulaine-renovation-dune-suite-parentale-27m%c2%b2","status":"publish","type":"page","link":"https:\/\/minedinterieurs.fr\/?page_id=1101","title":{"rendered":"BASSE GOULAINE, r\u00e9novation d&rsquo;une suite parentale (27m\u00b2)"},"content":{"rendered":"\n<p>Un projet en collaboration avec MH DECO (Laetitia Jezierski)<\/p>\n\n\n\n<p>Le plan de ce rez-de-chauss\u00e9e de maison a \u00e9t\u00e9 repens\u00e9 afin d&rsquo;apporter tout le confort d&rsquo;une suite parentale : une chambre avec espace bureau sur-mesure, t\u00eate de lit personnalis\u00e9e avec chevets suspendus. Salle de bains avec un dressing dans l&rsquo;entr\u00e9e, des jeux de reflets dans les fa\u00efences (zellige, relief). <\/p>\n\n\n\n<p>A l&rsquo;\u00e9tage, le wc est intimis\u00e9 par une alternance de claustras bois sur fond rose. De la rondeur dans le meuble vasque facilite le passage dans cette salle de bains en longueur. <\/p>\n\n\n<div  id=\"jtg-1085\" class=\"modula modula-gallery modula-columns\" data-config=\"{&quot;tabletHeight&quot;:800,&quot;mobileHeight&quot;:800,&quot;desktopHeight&quot;:800,&quot;enableTwitter&quot;:false,&quot;enableWhatsapp&quot;:false,&quot;enableFacebook&quot;:false,&quot;enablePinterest&quot;:false,&quot;enableLinkedin&quot;:false,&quot;enableEmail&quot;:false,&quot;randomFactor&quot;:0.5,&quot;type&quot;:&quot;grid&quot;,&quot;columns&quot;:12,&quot;gutter&quot;:5,&quot;mobileGutter&quot;:5,&quot;tabletGutter&quot;:5,&quot;desktopGutter&quot;:5,&quot;enableResponsive&quot;:&quot;0&quot;,&quot;tabletColumns&quot;:&quot;2&quot;,&quot;mobileColumns&quot;:&quot;1&quot;,&quot;lazyLoad&quot;:0,&quot;lightboxOpts&quot;:{&quot;animated&quot;:true,&quot;Thumbs&quot;:{&quot;type&quot;:&quot;modern&quot;,&quot;showOnStart&quot;:false},&quot;Toolbar&quot;:{&quot;display&quot;:{&quot;right&quot;:[&quot;close&quot;]},&quot;enabled&quot;:true},&quot;Carousel&quot;:{&quot;Panzoom&quot;:{&quot;touch&quot;:true},&quot;infinite&quot;:false},&quot;keyboard&quot;:{&quot;Escape&quot;:&quot;close&quot;,&quot;Delete&quot;:&quot;close&quot;,&quot;Backspace&quot;:&quot;close&quot;,&quot;PageUp&quot;:false,&quot;PageDown&quot;:false,&quot;ArrowUp&quot;:false,&quot;ArrowDown&quot;:false,&quot;ArrowRight&quot;:false,&quot;ArrowLeft&quot;:false},&quot;touch&quot;:false,&quot;backdropClick&quot;:false,&quot;l10n&quot;:{&quot;CLOSE&quot;:&quot;Close&quot;,&quot;NEXT&quot;:&quot;Next&quot;,&quot;PREV&quot;:&quot;Previous&quot;,&quot;Error&quot;:&quot;The requested content cannot be loaded. Please try again later.&quot;,&quot;PLAY_START&quot;:&quot;Start slideshow&quot;,&quot;PLAY_STOP&quot;:&quot;Pause slideshow&quot;,&quot;FULL_SCREEN&quot;:&quot;Full screen&quot;,&quot;THUMBS&quot;:&quot;Thumbnails&quot;,&quot;DOWNLOAD&quot;:&quot;Download&quot;,&quot;SHARE&quot;:&quot;Share&quot;,&quot;ZOOM&quot;:&quot;Zoom&quot;,&quot;EMAIL&quot;:&quot;Here is the link to the image : %%image_link%% and this is the link to the gallery : %%gallery_link%%&quot;,&quot;MODAL&quot;:&quot;You can close this modal content with the ESC key&quot;,&quot;ERROR&quot;:&quot;Something Went Wrong, Please Try Again Later&quot;,&quot;IMAGE_ERROR&quot;:&quot;Image Not Found&quot;,&quot;ELEMENT_NOT_FOUND&quot;:&quot;HTML Element Not Found&quot;,&quot;AJAX_NOT_FOUND&quot;:&quot;Error Loading AJAX : Not Found&quot;,&quot;AJAX_FORBIDDEN&quot;:&quot;Error Loading AJAX : Forbidden&quot;,&quot;IFRAME_ERROR&quot;:&quot;Error Loading Page&quot;,&quot;TOGGLE_ZOOM&quot;:&quot;Toggle zoom level&quot;,&quot;TOGGLE_THUMBS&quot;:&quot;Toggle thumbnails&quot;,&quot;TOGGLE_SLIDESHOW&quot;:&quot;Toggle slideshow&quot;,&quot;TOGGLE_FULLSCREEN&quot;:&quot;Toggle full-screen mode&quot;},&quot;Images&quot;:{&quot;Panzoom&quot;:{&quot;maxScale&quot;:2}},&quot;mainClass&quot;:&quot;modula-fancybox-container modula-lightbox-jtg-1085&quot;,&quot;Html&quot;:{&quot;videoAutoplay&quot;:0,&quot;videoTpl&quot;:&quot;&lt;video class=\\&quot;fancybox__html5video\\&quot; controls muted playsinline controlsList controlsList=\\&quot;nodownload\\&quot; poster=\\&quot;{{poster}}\\&quot; src=\\&quot;{{src}}\\&quot; type=\\&quot;{{format}}\\&quot; &gt;  Sorry, your browser doesn&#039;t support embedded videos, &lt;a href=\\&quot;{{src}}\\&quot;&gt; download &lt;\\\/a&gt; and watch with your favorite video player! &lt;\\\/video&gt;&quot;}},&quot;inView&quot;:false,&quot;email_subject&quot;:&quot;Check out this awesome image !!&quot;,&quot;email_message&quot;:&quot;Here is the link to the image : %%image_link%% and this is the link to the gallery : %%gallery_link%%&quot;,&quot;grid_type&quot;:&quot;3&quot;,&quot;rowHeight&quot;:150,&quot;lastRow&quot;:&quot;justify&quot;,&quot;lightbox&quot;:&quot;fancybox&quot;}\">\n\n\t<div class=\"modula-grid-sizer\"> <\/div>\n\t<div  class=\"modula-items grid-gallery\">\n\t\t<div class=\"modula-item effect-pufrobo\" >\n\t<div class=\"modula-item-overlay\"><\/div>\n\n\t<div class=\"modula-item-content\">\n\n\t\t<a data-image-id=\"1086\" role=\"button\" tabindex=\"0\" rel=\"jtg-1085\" data-caption=\"\" aria-label=\"Open image in lightbox\" class=\"tile-inner modula-item-link\"><\/a><img loading=\"lazy\" decoding=\"async\" class=\"pic wp-image-1086\"  data-valign=\"middle\" data-halign=\"center\" alt=\"\" data-full=\"https:\/\/minedinterieurs.fr\/wp-content\/uploads\/2022\/01\/IMG_0314-1.jpg\" title=\"\" crop=\"\" width=\"2560\" height=\"1771\" src=\"https:\/\/minedinterieurs.fr\/wp-content\/uploads\/2022\/01\/IMG_0314-1.jpg\" data-src=\"https:\/\/minedinterieurs.fr\/wp-content\/uploads\/2022\/01\/IMG_0314-1.jpg\" data-caption=\"\" srcset=\"https:\/\/minedinterieurs.fr\/wp-content\/uploads\/2022\/01\/IMG_0314-1-scaled.jpg 2560w, https:\/\/minedinterieurs.fr\/wp-content\/uploads\/2022\/01\/IMG_0314-1-300x208.jpg 300w, https:\/\/minedinterieurs.fr\/wp-content\/uploads\/2022\/01\/IMG_0314-1-1024x708.jpg 1024w, https:\/\/minedinterieurs.fr\/wp-content\/uploads\/2022\/01\/IMG_0314-1-768x531.jpg 768w, https:\/\/minedinterieurs.fr\/wp-content\/uploads\/2022\/01\/IMG_0314-1-1536x1062.jpg 1536w, https:\/\/minedinterieurs.fr\/wp-content\/uploads\/2022\/01\/IMG_0314-1-2048x1417.jpg 2048w\" sizes=\"auto, (max-width: 2560px) 100vw, 2560px\" \/>\n\t\t<div class=\"figc no-title no-description\">\n\t\t\t<div class=\"figc-inner\">\n\t\t\t\t\t\t\t\t\t\t\t\t\t\t\t<\/div>\n\t\t<\/div>\n\n\t<\/div>\n\n<\/div><div class=\"modula-item effect-pufrobo\" >\n\t<div class=\"modula-item-overlay\"><\/div>\n\n\t<div class=\"modula-item-content\">\n\n\t\t<a data-image-id=\"1092\" role=\"button\" tabindex=\"0\" rel=\"jtg-1085\" data-caption=\"\" aria-label=\"Open image in lightbox\" class=\"tile-inner modula-item-link\"><\/a><img loading=\"lazy\" decoding=\"async\" class=\"pic wp-image-1092\"  data-valign=\"middle\" data-halign=\"center\" alt=\"\" data-full=\"https:\/\/minedinterieurs.fr\/wp-content\/uploads\/2022\/01\/IMG_9359.jpg\" title=\"\" crop=\"\" width=\"2560\" height=\"1707\" src=\"https:\/\/minedinterieurs.fr\/wp-content\/uploads\/2022\/01\/IMG_9359.jpg\" data-src=\"https:\/\/minedinterieurs.fr\/wp-content\/uploads\/2022\/01\/IMG_9359.jpg\" data-caption=\"\" srcset=\"https:\/\/minedinterieurs.fr\/wp-content\/uploads\/2022\/01\/IMG_9359-scaled.jpg 2560w, https:\/\/minedinterieurs.fr\/wp-content\/uploads\/2022\/01\/IMG_9359-300x200.jpg 300w, https:\/\/minedinterieurs.fr\/wp-content\/uploads\/2022\/01\/IMG_9359-1024x683.jpg 1024w, https:\/\/minedinterieurs.fr\/wp-content\/uploads\/2022\/01\/IMG_9359-768x512.jpg 768w, https:\/\/minedinterieurs.fr\/wp-content\/uploads\/2022\/01\/IMG_9359-1536x1024.jpg 1536w, https:\/\/minedinterieurs.fr\/wp-content\/uploads\/2022\/01\/IMG_9359-2048x1365.jpg 2048w\" sizes=\"auto, (max-width: 2560px) 100vw, 2560px\" \/>\n\t\t<div class=\"figc no-title no-description\">\n\t\t\t<div class=\"figc-inner\">\n\t\t\t\t\t\t\t\t\t\t\t\t\t\t\t<\/div>\n\t\t<\/div>\n\n\t<\/div>\n\n<\/div><div class=\"modula-item effect-pufrobo\" >\n\t<div class=\"modula-item-overlay\"><\/div>\n\n\t<div class=\"modula-item-content\">\n\n\t\t<a data-image-id=\"1087\" role=\"button\" tabindex=\"0\" rel=\"jtg-1085\" data-caption=\"\" aria-label=\"Open image in lightbox\" class=\"tile-inner modula-item-link\"><\/a><img loading=\"lazy\" decoding=\"async\" class=\"pic wp-image-1087\"  data-valign=\"middle\" data-halign=\"center\" alt=\"\" data-full=\"https:\/\/minedinterieurs.fr\/wp-content\/uploads\/2022\/01\/IMG_0327.jpg\" title=\"\" crop=\"\" width=\"2560\" height=\"1707\" src=\"https:\/\/minedinterieurs.fr\/wp-content\/uploads\/2022\/01\/IMG_0327.jpg\" data-src=\"https:\/\/minedinterieurs.fr\/wp-content\/uploads\/2022\/01\/IMG_0327.jpg\" data-caption=\"\" srcset=\"https:\/\/minedinterieurs.fr\/wp-content\/uploads\/2022\/01\/IMG_0327-scaled.jpg 2560w, https:\/\/minedinterieurs.fr\/wp-content\/uploads\/2022\/01\/IMG_0327-300x200.jpg 300w, https:\/\/minedinterieurs.fr\/wp-content\/uploads\/2022\/01\/IMG_0327-1024x683.jpg 1024w, https:\/\/minedinterieurs.fr\/wp-content\/uploads\/2022\/01\/IMG_0327-768x512.jpg 768w, https:\/\/minedinterieurs.fr\/wp-content\/uploads\/2022\/01\/IMG_0327-1536x1024.jpg 1536w, https:\/\/minedinterieurs.fr\/wp-content\/uploads\/2022\/01\/IMG_0327-2048x1365.jpg 2048w\" sizes=\"auto, (max-width: 2560px) 100vw, 2560px\" \/>\n\t\t<div class=\"figc no-title no-description\">\n\t\t\t<div class=\"figc-inner\">\n\t\t\t\t\t\t\t\t\t\t\t\t\t\t\t<\/div>\n\t\t<\/div>\n\n\t<\/div>\n\n<\/div><div class=\"modula-item effect-pufrobo\" >\n\t<div class=\"modula-item-overlay\"><\/div>\n\n\t<div class=\"modula-item-content\">\n\n\t\t<a data-image-id=\"1098\" role=\"button\" tabindex=\"0\" rel=\"jtg-1085\" data-caption=\"\" aria-label=\"Open image in lightbox\" class=\"tile-inner modula-item-link\"><\/a><img loading=\"lazy\" decoding=\"async\" class=\"pic wp-image-1098\"  data-valign=\"middle\" data-halign=\"center\" alt=\"\" data-full=\"https:\/\/minedinterieurs.fr\/wp-content\/uploads\/2022\/01\/IMG_0311.jpg\" title=\"IMG_0311\" crop=\"\" width=\"2560\" height=\"1707\" src=\"https:\/\/minedinterieurs.fr\/wp-content\/uploads\/2022\/01\/IMG_0311.jpg\" data-src=\"https:\/\/minedinterieurs.fr\/wp-content\/uploads\/2022\/01\/IMG_0311.jpg\" data-caption=\"\" srcset=\"https:\/\/minedinterieurs.fr\/wp-content\/uploads\/2022\/01\/IMG_0311-scaled.jpg 2560w, https:\/\/minedinterieurs.fr\/wp-content\/uploads\/2022\/01\/IMG_0311-300x200.jpg 300w, https:\/\/minedinterieurs.fr\/wp-content\/uploads\/2022\/01\/IMG_0311-1024x683.jpg 1024w, https:\/\/minedinterieurs.fr\/wp-content\/uploads\/2022\/01\/IMG_0311-768x512.jpg 768w, https:\/\/minedinterieurs.fr\/wp-content\/uploads\/2022\/01\/IMG_0311-1536x1024.jpg 1536w, https:\/\/minedinterieurs.fr\/wp-content\/uploads\/2022\/01\/IMG_0311-2048x1365.jpg 2048w\" sizes=\"auto, (max-width: 2560px) 100vw, 2560px\" \/>\n\t\t<div class=\"figc no-description\">\n\t\t\t<div class=\"figc-inner\">\n\t\t\t\t\t\t\t\t\t\t\t\t\t\t\t<\/div>\n\t\t<\/div>\n\n\t<\/div>\n\n<\/div><div class=\"modula-item effect-pufrobo\" >\n\t<div class=\"modula-item-overlay\"><\/div>\n\n\t<div class=\"modula-item-content\">\n\n\t\t<a data-image-id=\"1097\" role=\"button\" tabindex=\"0\" rel=\"jtg-1085\" data-caption=\"\" aria-label=\"Open image in lightbox\" class=\"tile-inner modula-item-link\"><\/a><img loading=\"lazy\" decoding=\"async\" class=\"pic wp-image-1097\"  data-valign=\"middle\" data-halign=\"center\" alt=\"\" data-full=\"https:\/\/minedinterieurs.fr\/wp-content\/uploads\/2022\/01\/zoom-tete-de-lit.jpg\" title=\"zoom tete de lit\" crop=\"\" width=\"2560\" height=\"1707\" src=\"https:\/\/minedinterieurs.fr\/wp-content\/uploads\/2022\/01\/zoom-tete-de-lit.jpg\" data-src=\"https:\/\/minedinterieurs.fr\/wp-content\/uploads\/2022\/01\/zoom-tete-de-lit.jpg\" data-caption=\"\" srcset=\"https:\/\/minedinterieurs.fr\/wp-content\/uploads\/2022\/01\/zoom-tete-de-lit-scaled.jpg 2560w, https:\/\/minedinterieurs.fr\/wp-content\/uploads\/2022\/01\/zoom-tete-de-lit-300x200.jpg 300w, https:\/\/minedinterieurs.fr\/wp-content\/uploads\/2022\/01\/zoom-tete-de-lit-1024x683.jpg 1024w, https:\/\/minedinterieurs.fr\/wp-content\/uploads\/2022\/01\/zoom-tete-de-lit-768x512.jpg 768w, https:\/\/minedinterieurs.fr\/wp-content\/uploads\/2022\/01\/zoom-tete-de-lit-1536x1024.jpg 1536w, https:\/\/minedinterieurs.fr\/wp-content\/uploads\/2022\/01\/zoom-tete-de-lit-2048x1365.jpg 2048w\" sizes=\"auto, (max-width: 2560px) 100vw, 2560px\" \/>\n\t\t<div class=\"figc no-description\">\n\t\t\t<div class=\"figc-inner\">\n\t\t\t\t\t\t\t\t\t\t\t\t\t\t\t<\/div>\n\t\t<\/div>\n\n\t<\/div>\n\n<\/div><div class=\"modula-item effect-pufrobo\" >\n\t<div class=\"modula-item-overlay\"><\/div>\n\n\t<div class=\"modula-item-content\">\n\n\t\t<a data-image-id=\"1093\" role=\"button\" tabindex=\"0\" rel=\"jtg-1085\" data-caption=\"\" aria-label=\"Open image in lightbox\" class=\"tile-inner modula-item-link\"><\/a><img loading=\"lazy\" decoding=\"async\" class=\"pic wp-image-1093\"  data-valign=\"middle\" data-halign=\"center\" alt=\"\" data-full=\"https:\/\/minedinterieurs.fr\/wp-content\/uploads\/2022\/01\/IMG_9382.jpg\" title=\"\" crop=\"\" width=\"1707\" height=\"2560\" src=\"https:\/\/minedinterieurs.fr\/wp-content\/uploads\/2022\/01\/IMG_9382.jpg\" data-src=\"https:\/\/minedinterieurs.fr\/wp-content\/uploads\/2022\/01\/IMG_9382.jpg\" data-caption=\"\" srcset=\"https:\/\/minedinterieurs.fr\/wp-content\/uploads\/2022\/01\/IMG_9382-scaled.jpg 1707w, https:\/\/minedinterieurs.fr\/wp-content\/uploads\/2022\/01\/IMG_9382-200x300.jpg 200w, https:\/\/minedinterieurs.fr\/wp-content\/uploads\/2022\/01\/IMG_9382-683x1024.jpg 683w, https:\/\/minedinterieurs.fr\/wp-content\/uploads\/2022\/01\/IMG_9382-768x1152.jpg 768w, https:\/\/minedinterieurs.fr\/wp-content\/uploads\/2022\/01\/IMG_9382-1024x1536.jpg 1024w, https:\/\/minedinterieurs.fr\/wp-content\/uploads\/2022\/01\/IMG_9382-1365x2048.jpg 1365w\" sizes=\"auto, (max-width: 1707px) 100vw, 1707px\" \/>\n\t\t<div class=\"figc no-title no-description\">\n\t\t\t<div class=\"figc-inner\">\n\t\t\t\t\t\t\t\t\t\t\t\t\t\t\t<\/div>\n\t\t<\/div>\n\n\t<\/div>\n\n<\/div><div class=\"modula-item effect-pufrobo\" >\n\t<div class=\"modula-item-overlay\"><\/div>\n\n\t<div class=\"modula-item-content\">\n\n\t\t<a data-image-id=\"1088\" role=\"button\" tabindex=\"0\" rel=\"jtg-1085\" data-caption=\"\" aria-label=\"Open image in lightbox\" class=\"tile-inner modula-item-link\"><\/a><img loading=\"lazy\" decoding=\"async\" class=\"pic wp-image-1088\"  data-valign=\"middle\" data-halign=\"center\" alt=\"\" data-full=\"https:\/\/minedinterieurs.fr\/wp-content\/uploads\/2022\/01\/IMG_0362.jpg\" title=\"\" crop=\"\" width=\"2560\" height=\"1707\" src=\"https:\/\/minedinterieurs.fr\/wp-content\/uploads\/2022\/01\/IMG_0362.jpg\" data-src=\"https:\/\/minedinterieurs.fr\/wp-content\/uploads\/2022\/01\/IMG_0362.jpg\" data-caption=\"\" srcset=\"https:\/\/minedinterieurs.fr\/wp-content\/uploads\/2022\/01\/IMG_0362-scaled.jpg 2560w, https:\/\/minedinterieurs.fr\/wp-content\/uploads\/2022\/01\/IMG_0362-300x200.jpg 300w, https:\/\/minedinterieurs.fr\/wp-content\/uploads\/2022\/01\/IMG_0362-1024x683.jpg 1024w, https:\/\/minedinterieurs.fr\/wp-content\/uploads\/2022\/01\/IMG_0362-768x512.jpg 768w, https:\/\/minedinterieurs.fr\/wp-content\/uploads\/2022\/01\/IMG_0362-1536x1024.jpg 1536w, https:\/\/minedinterieurs.fr\/wp-content\/uploads\/2022\/01\/IMG_0362-2048x1365.jpg 2048w\" sizes=\"auto, (max-width: 2560px) 100vw, 2560px\" \/>\n\t\t<div class=\"figc no-title no-description\">\n\t\t\t<div class=\"figc-inner\">\n\t\t\t\t\t\t\t\t\t\t\t\t\t\t\t<\/div>\n\t\t<\/div>\n\n\t<\/div>\n\n<\/div><div class=\"modula-item effect-pufrobo\" >\n\t<div class=\"modula-item-overlay\"><\/div>\n\n\t<div class=\"modula-item-content\">\n\n\t\t<a data-image-id=\"1099\" role=\"button\" tabindex=\"0\" rel=\"jtg-1085\" data-caption=\"\" aria-label=\"Open image in lightbox\" class=\"tile-inner modula-item-link\"><\/a><img loading=\"lazy\" decoding=\"async\" class=\"pic wp-image-1099\"  data-valign=\"middle\" data-halign=\"center\" alt=\"\" data-full=\"https:\/\/minedinterieurs.fr\/wp-content\/uploads\/2022\/01\/IMG_0370.jpg\" title=\"\" crop=\"\" width=\"2560\" height=\"1743\" src=\"https:\/\/minedinterieurs.fr\/wp-content\/uploads\/2022\/01\/IMG_0370.jpg\" data-src=\"https:\/\/minedinterieurs.fr\/wp-content\/uploads\/2022\/01\/IMG_0370.jpg\" data-caption=\"\" srcset=\"https:\/\/minedinterieurs.fr\/wp-content\/uploads\/2022\/01\/IMG_0370-scaled.jpg 2560w, https:\/\/minedinterieurs.fr\/wp-content\/uploads\/2022\/01\/IMG_0370-300x204.jpg 300w, https:\/\/minedinterieurs.fr\/wp-content\/uploads\/2022\/01\/IMG_0370-1024x697.jpg 1024w, https:\/\/minedinterieurs.fr\/wp-content\/uploads\/2022\/01\/IMG_0370-768x523.jpg 768w, https:\/\/minedinterieurs.fr\/wp-content\/uploads\/2022\/01\/IMG_0370-1536x1046.jpg 1536w, https:\/\/minedinterieurs.fr\/wp-content\/uploads\/2022\/01\/IMG_0370-2048x1395.jpg 2048w\" sizes=\"auto, (max-width: 2560px) 100vw, 2560px\" \/>\n\t\t<div class=\"figc no-title no-description\">\n\t\t\t<div class=\"figc-inner\">\n\t\t\t\t\t\t\t\t\t\t\t\t\t\t\t<\/div>\n\t\t<\/div>\n\n\t<\/div>\n\n<\/div>\t\t\n\t<\/div>\n\n\t\n\t\n\t<script type=\"application\/ld+json\">\n\t{\n\t\t\"@context\": \"http:\/\/schema.org\",\n\t\t\"@type\"   : \"ImageGallery\",\n\t\t\"id\"      : \"https:\/\/minedinterieurs.fr\/?page_id=1101\/\",\n\t\t\"url\"     : \"https:\/\/minedinterieurs.fr\/?page_id=1101\/\"\n\t}\n\n\t<\/script>\n\n\t\n<\/div>\n","protected":false},"excerpt":{"rendered":"<p>Un projet en collaboration avec MH DECO (Laetitia Jezierski) Le plan de ce rez-de-chauss\u00e9e de maison a \u00e9t\u00e9 repens\u00e9 afin d&rsquo;apporter tout le confort d&rsquo;une suite parentale : une chambre avec espace bureau sur-mesure, t\u00eate de lit personnalis\u00e9e avec chevets suspendus. Salle de bains avec un dressing dans l&rsquo;entr\u00e9e, des jeux de reflets dans les&hellip; <\/p>\n","protected":false},"author":1,"featured_media":0,"parent":0,"menu_order":0,"comment_status":"closed","ping_status":"closed","template":"","meta":{"footnotes":""},"class_list":["post-1101","page","type-page","status-publish","hentry"],"_links":{"self":[{"href":"https:\/\/minedinterieurs.fr\/index.php?rest_route=\/wp\/v2\/pages\/1101","targetHints":{"allow":["GET"]}}],"collection":[{"href":"https:\/\/minedinterieurs.fr\/index.php?rest_route=\/wp\/v2\/pages"}],"about":[{"href":"https:\/\/minedinterieurs.fr\/index.php?rest_route=\/wp\/v2\/types\/page"}],"author":[{"embeddable":true,"href":"https:\/\/minedinterieurs.fr\/index.php?rest_route=\/wp\/v2\/users\/1"}],"replies":[{"embeddable":true,"href":"https:\/\/minedinterieurs.fr\/index.php?rest_route=%2Fwp%2Fv2%2Fcomments&post=1101"}],"version-history":[{"count":1,"href":"https:\/\/minedinterieurs.fr\/index.php?rest_route=\/wp\/v2\/pages\/1101\/revisions"}],"predecessor-version":[{"id":1102,"href":"https:\/\/minedinterieurs.fr\/index.php?rest_route=\/wp\/v2\/pages\/1101\/revisions\/1102"}],"wp:attachment":[{"href":"https:\/\/minedinterieurs.fr\/index.php?rest_route=%2Fwp%2Fv2%2Fmedia&parent=1101"}],"curies":[{"name":"wp","href":"https:\/\/api.w.org\/{rel}","templated":true}]}}