{"id":1035,"date":"2021-02-23T16:02:04","date_gmt":"2021-02-23T16:02:04","guid":{"rendered":"http:\/\/minedinterieurs.fr\/?page_id=1035"},"modified":"2021-02-23T17:51:59","modified_gmt":"2021-02-23T17:51:59","slug":"creteil-restaurant","status":"publish","type":"page","link":"https:\/\/minedinterieurs.fr\/?page_id=1035","title":{"rendered":"CRETEIL, Restaurant"},"content":{"rendered":"\n<p><strong>Proposition pour le d\u00e9veloppement d&rsquo;un nouveau restaurant sur Cr\u00e9teil<\/strong>, <strong>en collaboration avec N2DESIGN (Natacha Nardi). <\/strong><\/p>\n\n\n\n<p>Dans ce restaurant atypique, les services sont multiples : un espace d&rsquo;accueil avec l&rsquo;exposition des produits frais, un bar\/salon et une terrasse attenante, une salle de 80 couverts, un c\u00f4t\u00e9 bistrot qui propose de la vente \u00e0 emporter, une \u00e9picerie et une cave \u00e0 vins avec d\u00e9gustation. Les cuisines de pr\u00e9paration et de dressage sont ouvertes sur les salles.<\/p>\n\n\n\n<p>Le tout est volontairement expos\u00e9 dans une ambiance propice \u00e0 la convivialit\u00e9.<\/p>\n\n\n<div  id=\"jtg-1037\" class=\"modula modula-gallery modula-columns\" data-config=\"{&quot;tabletHeight&quot;:800,&quot;mobileHeight&quot;:800,&quot;desktopHeight&quot;:800,&quot;enableTwitter&quot;:false,&quot;enableWhatsapp&quot;:false,&quot;enableFacebook&quot;:false,&quot;enablePinterest&quot;:false,&quot;enableLinkedin&quot;:false,&quot;enableEmail&quot;:false,&quot;randomFactor&quot;:0.5,&quot;type&quot;:&quot;grid&quot;,&quot;columns&quot;:12,&quot;gutter&quot;:5,&quot;mobileGutter&quot;:5,&quot;tabletGutter&quot;:5,&quot;desktopGutter&quot;:5,&quot;enableResponsive&quot;:&quot;0&quot;,&quot;tabletColumns&quot;:&quot;2&quot;,&quot;mobileColumns&quot;:&quot;1&quot;,&quot;lazyLoad&quot;:0,&quot;lightboxOpts&quot;:{&quot;animated&quot;:true,&quot;Thumbs&quot;:{&quot;type&quot;:&quot;modern&quot;,&quot;showOnStart&quot;:false},&quot;Toolbar&quot;:{&quot;display&quot;:{&quot;right&quot;:[&quot;close&quot;]},&quot;enabled&quot;:true},&quot;Carousel&quot;:{&quot;Panzoom&quot;:{&quot;touch&quot;:true},&quot;infinite&quot;:false},&quot;keyboard&quot;:{&quot;Escape&quot;:&quot;close&quot;,&quot;Delete&quot;:&quot;close&quot;,&quot;Backspace&quot;:&quot;close&quot;,&quot;PageUp&quot;:false,&quot;PageDown&quot;:false,&quot;ArrowUp&quot;:false,&quot;ArrowDown&quot;:false,&quot;ArrowRight&quot;:false,&quot;ArrowLeft&quot;:false},&quot;touch&quot;:false,&quot;backdropClick&quot;:false,&quot;l10n&quot;:{&quot;CLOSE&quot;:&quot;Close&quot;,&quot;NEXT&quot;:&quot;Next&quot;,&quot;PREV&quot;:&quot;Previous&quot;,&quot;Error&quot;:&quot;The requested content cannot be loaded. Please try again later.&quot;,&quot;PLAY_START&quot;:&quot;Start slideshow&quot;,&quot;PLAY_STOP&quot;:&quot;Pause slideshow&quot;,&quot;FULL_SCREEN&quot;:&quot;Full screen&quot;,&quot;THUMBS&quot;:&quot;Thumbnails&quot;,&quot;DOWNLOAD&quot;:&quot;Download&quot;,&quot;SHARE&quot;:&quot;Share&quot;,&quot;ZOOM&quot;:&quot;Zoom&quot;,&quot;EMAIL&quot;:&quot;Here is the link to the image : %%image_link%% and this is the link to the gallery : %%gallery_link%%&quot;,&quot;MODAL&quot;:&quot;You can close this modal content with the ESC key&quot;,&quot;ERROR&quot;:&quot;Something Went Wrong, Please Try Again Later&quot;,&quot;IMAGE_ERROR&quot;:&quot;Image Not Found&quot;,&quot;ELEMENT_NOT_FOUND&quot;:&quot;HTML Element Not Found&quot;,&quot;AJAX_NOT_FOUND&quot;:&quot;Error Loading AJAX : Not Found&quot;,&quot;AJAX_FORBIDDEN&quot;:&quot;Error Loading AJAX : Forbidden&quot;,&quot;IFRAME_ERROR&quot;:&quot;Error Loading Page&quot;,&quot;TOGGLE_ZOOM&quot;:&quot;Toggle zoom level&quot;,&quot;TOGGLE_THUMBS&quot;:&quot;Toggle thumbnails&quot;,&quot;TOGGLE_SLIDESHOW&quot;:&quot;Toggle slideshow&quot;,&quot;TOGGLE_FULLSCREEN&quot;:&quot;Toggle full-screen mode&quot;},&quot;Images&quot;:{&quot;Panzoom&quot;:{&quot;maxScale&quot;:2}},&quot;mainClass&quot;:&quot;modula-fancybox-container modula-lightbox-jtg-1037&quot;,&quot;Html&quot;:{&quot;videoAutoplay&quot;:0,&quot;videoTpl&quot;:&quot;&lt;video class=\\&quot;fancybox__html5video\\&quot; controls muted playsinline controlsList controlsList=\\&quot;nodownload\\&quot; poster=\\&quot;{{poster}}\\&quot; src=\\&quot;{{src}}\\&quot; type=\\&quot;{{format}}\\&quot; &gt;  Sorry, your browser doesn&#039;t support embedded videos, &lt;a href=\\&quot;{{src}}\\&quot;&gt; download &lt;\\\/a&gt; and watch with your favorite video player! &lt;\\\/video&gt;&quot;}},&quot;inView&quot;:false,&quot;email_subject&quot;:&quot;Check out this awesome image !!&quot;,&quot;email_message&quot;:&quot;Here is the link to the image : %%image_link%% and this is the link to the gallery : %%gallery_link%%&quot;,&quot;grid_type&quot;:&quot;2&quot;,&quot;rowHeight&quot;:150,&quot;lastRow&quot;:&quot;justify&quot;,&quot;lightbox&quot;:&quot;fancybox&quot;}\">\n\n\t<div class=\"modula-grid-sizer\"> <\/div>\n\t<div  class=\"modula-items grid-gallery\">\n\t\t<div class=\"modula-item effect-pufrobo\" >\n\t<div class=\"modula-item-overlay\"><\/div>\n\n\t<div class=\"modula-item-content\">\n\n\t\t<a data-image-id=\"1039\" role=\"button\" tabindex=\"0\" rel=\"jtg-1037\" data-caption=\"\" aria-label=\"Open image in lightbox\" class=\"tile-inner modula-item-link\"><\/a><img loading=\"lazy\" decoding=\"async\" class=\"pic wp-image-1039\"  data-valign=\"middle\" data-halign=\"center\" alt=\"\" data-full=\"https:\/\/minedinterieurs.fr\/wp-content\/uploads\/2021\/02\/comptoir-bistrot-1.png\" title=\"comptoir bistrot\" crop=\"\" width=\"2048\" height=\"1152\" src=\"https:\/\/minedinterieurs.fr\/wp-content\/uploads\/2021\/02\/comptoir-bistrot-1-2048x1152.png\" data-src=\"https:\/\/minedinterieurs.fr\/wp-content\/uploads\/2021\/02\/comptoir-bistrot-1-2048x1152.png\" data-caption=\"\" srcset=\"https:\/\/minedinterieurs.fr\/wp-content\/uploads\/2021\/02\/comptoir-bistrot-1.png 3840w, https:\/\/minedinterieurs.fr\/wp-content\/uploads\/2021\/02\/comptoir-bistrot-1-300x169.png 300w, https:\/\/minedinterieurs.fr\/wp-content\/uploads\/2021\/02\/comptoir-bistrot-1-1024x576.png 1024w, https:\/\/minedinterieurs.fr\/wp-content\/uploads\/2021\/02\/comptoir-bistrot-1-768x432.png 768w, https:\/\/minedinterieurs.fr\/wp-content\/uploads\/2021\/02\/comptoir-bistrot-1-1536x864.png 1536w, https:\/\/minedinterieurs.fr\/wp-content\/uploads\/2021\/02\/comptoir-bistrot-1-2048x1152.png 2048w\" sizes=\"auto, (max-width: 2048px) 100vw, 2048px\" \/>\n\t\t<div class=\"figc no-description\">\n\t\t\t<div class=\"figc-inner\">\n\t\t\t\t\t\t\t\t\t\t\t\t\t\t\t<\/div>\n\t\t<\/div>\n\n\t<\/div>\n\n<\/div><div class=\"modula-item effect-pufrobo\" >\n\t<div class=\"modula-item-overlay\"><\/div>\n\n\t<div class=\"modula-item-content\">\n\n\t\t<a data-image-id=\"1040\" role=\"button\" tabindex=\"0\" rel=\"jtg-1037\" data-caption=\"\" aria-label=\"Open image in lightbox\" class=\"tile-inner modula-item-link\"><\/a><img loading=\"lazy\" decoding=\"async\" class=\"pic wp-image-1040\"  data-valign=\"middle\" data-halign=\"center\" alt=\"\" data-full=\"https:\/\/minedinterieurs.fr\/wp-content\/uploads\/2021\/02\/Image-01_003.png\" title=\"Image 01_003\" crop=\"\" width=\"1920\" height=\"1080\" src=\"https:\/\/minedinterieurs.fr\/wp-content\/uploads\/2021\/02\/Image-01_003.png\" data-src=\"https:\/\/minedinterieurs.fr\/wp-content\/uploads\/2021\/02\/Image-01_003.png\" data-caption=\"\" srcset=\"https:\/\/minedinterieurs.fr\/wp-content\/uploads\/2021\/02\/Image-01_003.png 1920w, https:\/\/minedinterieurs.fr\/wp-content\/uploads\/2021\/02\/Image-01_003-300x169.png 300w, https:\/\/minedinterieurs.fr\/wp-content\/uploads\/2021\/02\/Image-01_003-1024x576.png 1024w, https:\/\/minedinterieurs.fr\/wp-content\/uploads\/2021\/02\/Image-01_003-768x432.png 768w, https:\/\/minedinterieurs.fr\/wp-content\/uploads\/2021\/02\/Image-01_003-1536x864.png 1536w\" sizes=\"auto, (max-width: 1920px) 100vw, 1920px\" \/>\n\t\t<div class=\"figc no-description\">\n\t\t\t<div class=\"figc-inner\">\n\t\t\t\t\t\t\t\t\t\t\t\t\t\t\t<\/div>\n\t\t<\/div>\n\n\t<\/div>\n\n<\/div><div class=\"modula-item effect-pufrobo\" >\n\t<div class=\"modula-item-overlay\"><\/div>\n\n\t<div class=\"modula-item-content\">\n\n\t\t<a data-image-id=\"1041\" role=\"button\" tabindex=\"0\" rel=\"jtg-1037\" data-caption=\"\" aria-label=\"Open image in lightbox\" class=\"tile-inner modula-item-link\"><\/a><img loading=\"lazy\" decoding=\"async\" class=\"pic wp-image-1041\"  data-valign=\"middle\" data-halign=\"center\" alt=\"\" data-full=\"https:\/\/minedinterieurs.fr\/wp-content\/uploads\/2021\/02\/Image-01sans-perso.png\" title=\"Image 01sans perso\" crop=\"\" width=\"2048\" height=\"1152\" src=\"https:\/\/minedinterieurs.fr\/wp-content\/uploads\/2021\/02\/Image-01sans-perso-2048x1152.png\" data-src=\"https:\/\/minedinterieurs.fr\/wp-content\/uploads\/2021\/02\/Image-01sans-perso-2048x1152.png\" data-caption=\"\" srcset=\"https:\/\/minedinterieurs.fr\/wp-content\/uploads\/2021\/02\/Image-01sans-perso.png 3840w, https:\/\/minedinterieurs.fr\/wp-content\/uploads\/2021\/02\/Image-01sans-perso-300x169.png 300w, https:\/\/minedinterieurs.fr\/wp-content\/uploads\/2021\/02\/Image-01sans-perso-1024x576.png 1024w, https:\/\/minedinterieurs.fr\/wp-content\/uploads\/2021\/02\/Image-01sans-perso-768x432.png 768w, https:\/\/minedinterieurs.fr\/wp-content\/uploads\/2021\/02\/Image-01sans-perso-1536x864.png 1536w, https:\/\/minedinterieurs.fr\/wp-content\/uploads\/2021\/02\/Image-01sans-perso-2048x1152.png 2048w\" sizes=\"auto, (max-width: 2048px) 100vw, 2048px\" \/>\n\t\t<div class=\"figc no-description\">\n\t\t\t<div class=\"figc-inner\">\n\t\t\t\t\t\t\t\t\t\t\t\t\t\t\t<\/div>\n\t\t<\/div>\n\n\t<\/div>\n\n<\/div><div class=\"modula-item effect-pufrobo\" >\n\t<div class=\"modula-item-overlay\"><\/div>\n\n\t<div class=\"modula-item-content\">\n\n\t\t<a data-image-id=\"1042\" role=\"button\" tabindex=\"0\" rel=\"jtg-1037\" data-caption=\"\" aria-label=\"Open image in lightbox\" class=\"tile-inner modula-item-link\"><\/a><img loading=\"lazy\" decoding=\"async\" class=\"pic wp-image-1042\"  data-valign=\"middle\" data-halign=\"center\" alt=\"\" data-full=\"https:\/\/minedinterieurs.fr\/wp-content\/uploads\/2021\/02\/avec-verriere.png\" title=\"avec verri\u00e8re\" crop=\"\" width=\"1920\" height=\"1080\" src=\"https:\/\/minedinterieurs.fr\/wp-content\/uploads\/2021\/02\/avec-verriere.png\" data-src=\"https:\/\/minedinterieurs.fr\/wp-content\/uploads\/2021\/02\/avec-verriere.png\" data-caption=\"\" srcset=\"https:\/\/minedinterieurs.fr\/wp-content\/uploads\/2021\/02\/avec-verriere.png 1920w, https:\/\/minedinterieurs.fr\/wp-content\/uploads\/2021\/02\/avec-verriere-300x169.png 300w, https:\/\/minedinterieurs.fr\/wp-content\/uploads\/2021\/02\/avec-verriere-1024x576.png 1024w, https:\/\/minedinterieurs.fr\/wp-content\/uploads\/2021\/02\/avec-verriere-768x432.png 768w, https:\/\/minedinterieurs.fr\/wp-content\/uploads\/2021\/02\/avec-verriere-1536x864.png 1536w\" sizes=\"auto, (max-width: 1920px) 100vw, 1920px\" \/>\n\t\t<div class=\"figc no-description\">\n\t\t\t<div class=\"figc-inner\">\n\t\t\t\t\t\t\t\t\t\t\t\t\t\t\t<\/div>\n\t\t<\/div>\n\n\t<\/div>\n\n<\/div><div class=\"modula-item effect-pufrobo\" >\n\t<div class=\"modula-item-overlay\"><\/div>\n\n\t<div class=\"modula-item-content\">\n\n\t\t<a data-image-id=\"1043\" role=\"button\" tabindex=\"0\" rel=\"jtg-1037\" data-caption=\"\" aria-label=\"Open image in lightbox\" class=\"tile-inner modula-item-link\"><\/a><img loading=\"lazy\" decoding=\"async\" class=\"pic wp-image-1043\"  data-valign=\"middle\" data-halign=\"center\" alt=\"\" data-full=\"https:\/\/minedinterieurs.fr\/wp-content\/uploads\/2021\/02\/Image-03sans-perso.png\" title=\"Image 03sans perso\" crop=\"\" width=\"1920\" height=\"1080\" src=\"https:\/\/minedinterieurs.fr\/wp-content\/uploads\/2021\/02\/Image-03sans-perso.png\" data-src=\"https:\/\/minedinterieurs.fr\/wp-content\/uploads\/2021\/02\/Image-03sans-perso.png\" data-caption=\"\" srcset=\"https:\/\/minedinterieurs.fr\/wp-content\/uploads\/2021\/02\/Image-03sans-perso.png 1920w, https:\/\/minedinterieurs.fr\/wp-content\/uploads\/2021\/02\/Image-03sans-perso-300x169.png 300w, https:\/\/minedinterieurs.fr\/wp-content\/uploads\/2021\/02\/Image-03sans-perso-1024x576.png 1024w, https:\/\/minedinterieurs.fr\/wp-content\/uploads\/2021\/02\/Image-03sans-perso-768x432.png 768w, https:\/\/minedinterieurs.fr\/wp-content\/uploads\/2021\/02\/Image-03sans-perso-1536x864.png 1536w\" sizes=\"auto, (max-width: 1920px) 100vw, 1920px\" \/>\n\t\t<div class=\"figc no-description\">\n\t\t\t<div class=\"figc-inner\">\n\t\t\t\t\t\t\t\t\t\t\t\t\t\t\t<\/div>\n\t\t<\/div>\n\n\t<\/div>\n\n<\/div><div class=\"modula-item effect-pufrobo\" >\n\t<div class=\"modula-item-overlay\"><\/div>\n\n\t<div class=\"modula-item-content\">\n\n\t\t<a data-image-id=\"1068\" role=\"button\" tabindex=\"0\" rel=\"jtg-1037\" data-caption=\"\" aria-label=\"Open image in lightbox\" class=\"tile-inner modula-item-link\"><\/a><img loading=\"lazy\" decoding=\"async\" class=\"pic wp-image-1068\"  data-valign=\"middle\" data-halign=\"center\" alt=\"\" data-full=\"https:\/\/minedinterieurs.fr\/wp-content\/uploads\/2021\/02\/Image-01.png\" title=\"Image 01\" crop=\"\" width=\"2048\" height=\"1152\" src=\"https:\/\/minedinterieurs.fr\/wp-content\/uploads\/2021\/02\/Image-01-2048x1152.png\" data-src=\"https:\/\/minedinterieurs.fr\/wp-content\/uploads\/2021\/02\/Image-01-2048x1152.png\" data-caption=\"\" srcset=\"https:\/\/minedinterieurs.fr\/wp-content\/uploads\/2021\/02\/Image-01.png 3840w, https:\/\/minedinterieurs.fr\/wp-content\/uploads\/2021\/02\/Image-01-300x169.png 300w, https:\/\/minedinterieurs.fr\/wp-content\/uploads\/2021\/02\/Image-01-1024x576.png 1024w, https:\/\/minedinterieurs.fr\/wp-content\/uploads\/2021\/02\/Image-01-768x432.png 768w, https:\/\/minedinterieurs.fr\/wp-content\/uploads\/2021\/02\/Image-01-1536x864.png 1536w, https:\/\/minedinterieurs.fr\/wp-content\/uploads\/2021\/02\/Image-01-2048x1152.png 2048w\" sizes=\"auto, (max-width: 2048px) 100vw, 2048px\" \/>\n\t\t<div class=\"figc no-description\">\n\t\t\t<div class=\"figc-inner\">\n\t\t\t\t\t\t\t\t\t\t\t\t\t\t\t<\/div>\n\t\t<\/div>\n\n\t<\/div>\n\n<\/div>\t\t\n\t<\/div>\n\n\t\n\t\n\t<script type=\"application\/ld+json\">\n\t{\n\t\t\"@context\": \"http:\/\/schema.org\",\n\t\t\"@type\"   : \"ImageGallery\",\n\t\t\"id\"      : \"https:\/\/minedinterieurs.fr\/?page_id=1035\/\",\n\t\t\"url\"     : \"https:\/\/minedinterieurs.fr\/?page_id=1035\/\"\n\t}\n\n\t<\/script>\n\n\t\n<\/div>\n","protected":false},"excerpt":{"rendered":"<p>Proposition pour le d\u00e9veloppement d&rsquo;un nouveau restaurant sur Cr\u00e9teil, en collaboration avec N2DESIGN (Natacha Nardi). Dans ce restaurant atypique, les services sont multiples : un espace d&rsquo;accueil avec l&rsquo;exposition des produits frais, un bar\/salon et une terrasse attenante, une salle de 80 couverts, un c\u00f4t\u00e9 bistrot qui propose de la vente \u00e0 emporter, une \u00e9picerie&hellip; <\/p>\n","protected":false},"author":1,"featured_media":0,"parent":0,"menu_order":0,"comment_status":"closed","ping_status":"closed","template":"","meta":{"footnotes":""},"class_list":["post-1035","page","type-page","status-publish","hentry"],"_links":{"self":[{"href":"https:\/\/minedinterieurs.fr\/index.php?rest_route=\/wp\/v2\/pages\/1035","targetHints":{"allow":["GET"]}}],"collection":[{"href":"https:\/\/minedinterieurs.fr\/index.php?rest_route=\/wp\/v2\/pages"}],"about":[{"href":"https:\/\/minedinterieurs.fr\/index.php?rest_route=\/wp\/v2\/types\/page"}],"author":[{"embeddable":true,"href":"https:\/\/minedinterieurs.fr\/index.php?rest_route=\/wp\/v2\/users\/1"}],"replies":[{"embeddable":true,"href":"https:\/\/minedinterieurs.fr\/index.php?rest_route=%2Fwp%2Fv2%2Fcomments&post=1035"}],"version-history":[{"count":7,"href":"https:\/\/minedinterieurs.fr\/index.php?rest_route=\/wp\/v2\/pages\/1035\/revisions"}],"predecessor-version":[{"id":1065,"href":"https:\/\/minedinterieurs.fr\/index.php?rest_route=\/wp\/v2\/pages\/1035\/revisions\/1065"}],"wp:attachment":[{"href":"https:\/\/minedinterieurs.fr\/index.php?rest_route=%2Fwp%2Fv2%2Fmedia&parent=1035"}],"curies":[{"name":"wp","href":"https:\/\/api.w.org\/{rel}","templated":true}]}}